{"id":57,"date":"2016-11-09T15:15:53","date_gmt":"2016-11-09T14:15:53","guid":{"rendered":"http:\/\/www.efj.press\/leopoldmacondauxerre\/?page_id=57"},"modified":"2016-12-09T14:39:38","modified_gmt":"2016-12-09T13:39:38","slug":"mojo-2","status":"publish","type":"page","link":"http:\/\/www.efj.press\/leopoldmacondauxerre\/works\/mojo-2\/","title":{"rendered":"MoJo"},"content":{"rendered":"<h2>09\/12\/16<\/h2>\n<p>7\u00e8me salon de la presse en ligne. Nous avons pu interviewer le fondateur de\u00a0<em>8\u00e8me \u00e9tage\u00a0<\/em>et la co-directrice de la r\u00e9daction de\u00a0<em>Les Jours,\u00a0<\/em>deux magazines en ligne (ou \u00ab\u00a0pure players).<\/p>\n<p><iframe loading=\"lazy\" width=\"474\" height=\"267\" src=\"https:\/\/www.youtube.com\/embed\/1aY7MrPcxWY?feature=oembed\" frameborder=\"0\" allowfullscreen><\/iframe><\/p>\n<p><iframe loading=\"lazy\" width=\"474\" height=\"267\" src=\"https:\/\/www.youtube.com\/embed\/LKedgkJaScE?feature=oembed\" frameborder=\"0\" allowfullscreen><\/iframe><\/p>\n<h2>23\/11\/16<\/h2>\n<p>Lors du Salon de la Presse au futur 2016, le Co-fondateur de la soci\u00e9t\u00e9 Artus a accept\u00e9 de r\u00e9pondre \u00e0 nos questions.<\/p>\n<p><iframe loading=\"lazy\" width=\"474\" height=\"267\" src=\"https:\/\/www.youtube.com\/embed\/QaYaKKy_UR0?feature=oembed\" frameborder=\"0\" allowfullscreen><\/iframe><\/p>\n","protected":false},"excerpt":{"rendered":"<p>09\/12\/16 7\u00e8me salon de la presse en ligne. Nous avons pu interviewer le fondateur de\u00a08\u00e8me \u00e9tage\u00a0et la co-directrice de la r\u00e9daction de\u00a0Les Jours,\u00a0deux magazines en ligne (ou \u00ab\u00a0pure players). 23\/11\/16 Lors du Salon de la Presse au futur 2016, le Co-fondateur de la soci\u00e9t\u00e9 Artus a accept\u00e9 de r\u00e9pondre \u00e0 nos questions.<\/p>\n","protected":false},"author":133,"featured_media":0,"parent":45,"menu_order":0,"comment_status":"closed","ping_status":"closed","template":"","meta":{"footnotes":""},"_links":{"self":[{"href":"http:\/\/www.efj.press\/leopoldmacondauxerre\/wp-json\/wp\/v2\/pages\/57"}],"collection":[{"href":"http:\/\/www.efj.press\/leopoldmacondauxerre\/wp-json\/wp\/v2\/pages"}],"about":[{"href":"http:\/\/www.efj.press\/leopoldmacondauxerre\/wp-json\/wp\/v2\/types\/page"}],"author":[{"embeddable":true,"href":"http:\/\/www.efj.press\/leopoldmacondauxerre\/wp-json\/wp\/v2\/users\/133"}],"replies":[{"embeddable":true,"href":"http:\/\/www.efj.press\/leopoldmacondauxerre\/wp-json\/wp\/v2\/comments?post=57"}],"version-history":[{"count":5,"href":"http:\/\/www.efj.press\/leopoldmacondauxerre\/wp-json\/wp\/v2\/pages\/57\/revisions"}],"predecessor-version":[{"id":151,"href":"http:\/\/www.efj.press\/leopoldmacondauxerre\/wp-json\/wp\/v2\/pages\/57\/revisions\/151"}],"up":[{"embeddable":true,"href":"http:\/\/www.efj.press\/leopoldmacondauxerre\/wp-json\/wp\/v2\/pages\/45"}],"wp:attachment":[{"href":"http:\/\/www.efj.press\/leopoldmacondauxerre\/wp-json\/wp\/v2\/media?parent=57"}],"curies":[{"name":"wp","href":"https:\/\/api.w.org\/{rel}","templated":true}]}}