{"id":42,"date":"2016-11-09T15:07:05","date_gmt":"2016-11-09T14:07:05","guid":{"rendered":"http:\/\/www.efj.press\/leopoldmacondauxerre\/?page_id=42"},"modified":"2016-12-08T22:42:17","modified_gmt":"2016-12-08T21:42:17","slug":"accueil","status":"publish","type":"page","link":"http:\/\/www.efj.press\/leopoldmacondauxerre\/","title":{"rendered":"Accueil"},"content":{"rendered":"<p>Bienvenue sur mon blog !<\/p>\n<p>Etudiant en journalisme \u00e0 l&rsquo;EFJ Paris,\u00a0je mets en ligne la plupart de mes travaux (scolaires ou personnels).<\/p>\n<p>Ici, vous trouverez des articles vari\u00e9s, mais souvent ax\u00e9s sur le jeu vid\u00e9o et la culture li\u00e9e \u00e0 ce m\u00e9dia.<\/p>\n<p>Pour plus d&rsquo;informations sur moi, je vous invite \u00e0 vous rendre sur la partie infos qui contient mon <a href=\"http:\/\/www.efj.press\/leopoldmacondauxerre\/page-d-exemple\/curriculum-vitae\/\">C.V<\/a><\/p>\n<p>Ci-dessous, les r\u00e9seaux sociaux sur lesquels je suis actif. \u00a0 \u00a0 \u00a0<a href=\"https:\/\/www.youtube.com\/channel\/UC2SRJOx1wQc0c8n4JB5Zmsw\"><img loading=\"lazy\" decoding=\"async\" class=\"wp-image-124 alignnone\" src=\"http:\/\/www.efj.press\/leopoldmacondauxerre\/wp-content\/uploads\/sites\/153\/2016\/11\/yt_1200-vfl4C3T0K-300x300.png\" alt=\"yt_1200-vfl4c3t0k\" width=\"156\" height=\"156\" srcset=\"http:\/\/www.efj.press\/leopoldmacondauxerre\/wp-content\/uploads\/sites\/153\/2016\/11\/yt_1200-vfl4C3T0K-300x300.png 300w, http:\/\/www.efj.press\/leopoldmacondauxerre\/wp-content\/uploads\/sites\/153\/2016\/11\/yt_1200-vfl4C3T0K-150x150.png 150w, http:\/\/www.efj.press\/leopoldmacondauxerre\/wp-content\/uploads\/sites\/153\/2016\/11\/yt_1200-vfl4C3T0K-768x768.png 768w, http:\/\/www.efj.press\/leopoldmacondauxerre\/wp-content\/uploads\/sites\/153\/2016\/11\/yt_1200-vfl4C3T0K-1024x1024.png 1024w, http:\/\/www.efj.press\/leopoldmacondauxerre\/wp-content\/uploads\/sites\/153\/2016\/11\/yt_1200-vfl4C3T0K.png 1200w\" sizes=\"(max-width: 156px) 100vw, 156px\" \/><\/a><a href=\"https:\/\/twitter.com\/L_MacDaux\"><img loading=\"lazy\" decoding=\"async\" class=\"wp-image-83 size-full alignnone\" src=\"http:\/\/www.efj.press\/leopoldmacondauxerre\/wp-content\/uploads\/sites\/153\/2016\/11\/twitterguillaumenarduzzi.jpg\" width=\"118\" height=\"118\" \/><\/a><\/p>\n","protected":false},"excerpt":{"rendered":"<p>Bienvenue sur mon blog ! Etudiant en journalisme \u00e0 l&rsquo;EFJ Paris,\u00a0je mets en ligne la plupart de mes travaux (scolaires ou personnels). Ici, vous trouverez des articles vari\u00e9s, mais souvent ax\u00e9s sur le jeu vid\u00e9o et la culture li\u00e9e \u00e0 ce m\u00e9dia. Pour plus d&rsquo;informations sur moi, je vous invite \u00e0 vous rendre sur la &hellip; <a href=\"http:\/\/www.efj.press\/leopoldmacondauxerre\/\" class=\"more-link\">Continuer la lecture de <span class=\"screen-reader-text\">Accueil<\/span>  <span class=\"meta-nav\">&rarr;<\/span><\/a><\/p>\n","protected":false},"author":133,"featured_media":0,"parent":0,"menu_order":0,"comment_status":"closed","ping_status":"closed","template":"","meta":{"footnotes":""},"_links":{"self":[{"href":"http:\/\/www.efj.press\/leopoldmacondauxerre\/wp-json\/wp\/v2\/pages\/42"}],"collection":[{"href":"http:\/\/www.efj.press\/leopoldmacondauxerre\/wp-json\/wp\/v2\/pages"}],"about":[{"href":"http:\/\/www.efj.press\/leopoldmacondauxerre\/wp-json\/wp\/v2\/types\/page"}],"author":[{"embeddable":true,"href":"http:\/\/www.efj.press\/leopoldmacondauxerre\/wp-json\/wp\/v2\/users\/133"}],"replies":[{"embeddable":true,"href":"http:\/\/www.efj.press\/leopoldmacondauxerre\/wp-json\/wp\/v2\/comments?post=42"}],"version-history":[{"count":16,"href":"http:\/\/www.efj.press\/leopoldmacondauxerre\/wp-json\/wp\/v2\/pages\/42\/revisions"}],"predecessor-version":[{"id":149,"href":"http:\/\/www.efj.press\/leopoldmacondauxerre\/wp-json\/wp\/v2\/pages\/42\/revisions\/149"}],"wp:attachment":[{"href":"http:\/\/www.efj.press\/leopoldmacondauxerre\/wp-json\/wp\/v2\/media?parent=42"}],"curies":[{"name":"wp","href":"https:\/\/api.w.org\/{rel}","templated":true}]}}