{"id":289,"date":"2019-06-05T21:24:26","date_gmt":"2019-06-05T20:24:26","guid":{"rendered":"http:\/\/www.efj.press\/leopoldmacondauxerre\/?page_id=289"},"modified":"2019-06-10T12:31:11","modified_gmt":"2019-06-10T11:31:11","slug":"annexe","status":"publish","type":"page","link":"http:\/\/www.efj.press\/leopoldmacondauxerre\/rapport-de-stage\/numerama\/annexe\/","title":{"rendered":"(5) Annexe"},"content":{"rendered":"<p>La totalit\u00e9 des articles sur lesquels j&rsquo;ai travaill\u00e9 pendant mon stage (plus de 250 au moment d&rsquo;\u00e9crire ces lignes) est disponible \u00e0 <a href=\"https:\/\/www.numerama.com\/author\/leopoldmacon\/\" target=\"_blank\">cette adresse<\/a>.<\/p>\n<p>La pop-culture et le jeu vid\u00e9o sont les sujets les plus r\u00e9currents, mais j&rsquo;ai \u00e9crit sur tous les autres domaines abord\u00e9s par Numerama :\u00a0 technologie, sciences et politique.<\/p>\n<p>Voici quelques exemples de mes travaux :<\/p>\n<blockquote data-secret=\"v4Riu2lvIw\" class=\"wp-embedded-content\"><p><a href=\"https:\/\/www.numerama.com\/pop-culture\/463766-test-de-apex-legends-le-battle-royale-qui-redonne-un-souffle-au-genre.html\">\u00c0 lire sur Numerama : Test de Apex Legends&#160;: le Battle Royale qui redonne un souffle au genre<\/a><\/p><\/blockquote>\n<p><iframe class=\"wp-embedded-content\" sandbox=\"allow-scripts\" security=\"restricted\" style=\"position: absolute; clip: rect(1px, 1px, 1px, 1px);\" src=\"https:\/\/www.numerama.com\/pop-culture\/463766-test-de-apex-legends-le-battle-royale-qui-redonne-un-souffle-au-genre.html\/embed\/#?secret=v4Riu2lvIw\" data-secret=\"v4Riu2lvIw\" width=\"474\" height=\"267\" title=\"\u00ab\u00a0\u00c0 lire sur Numerama : Test de Apex Legends&#160;: le Battle Royale qui redonne un souffle au genre\u00a0\u00bb &#8212; Numerama\" frameborder=\"0\" marginwidth=\"0\" marginheight=\"0\" scrolling=\"no\"><\/iframe><\/p>\n<p>Le test du jeu Apex Legends est le premier article de fond\u00a0sur lequel j&rsquo;ai eu l&rsquo;occasion d&rsquo;\u00e9crire chez Numerama.<\/p>\n<blockquote data-secret=\"gFErnihUfp\" class=\"wp-embedded-content\"><p><a href=\"https:\/\/www.numerama.com\/pop-culture\/474102-dumbo-une-adaptation-de-tim-burton-qui-se-prend-les-pieds-dans-les-oreilles.html\">\u00c0 lire sur Numerama : Dumbo&#160;: une adaptation de Tim Burton qui se prend les pieds dans les oreilles<\/a><\/p><\/blockquote>\n<p><iframe class=\"wp-embedded-content\" sandbox=\"allow-scripts\" security=\"restricted\" style=\"position: absolute; clip: rect(1px, 1px, 1px, 1px);\" src=\"https:\/\/www.numerama.com\/pop-culture\/474102-dumbo-une-adaptation-de-tim-burton-qui-se-prend-les-pieds-dans-les-oreilles.html\/embed\/#?secret=gFErnihUfp\" data-secret=\"gFErnihUfp\" width=\"474\" height=\"267\" title=\"\u00ab\u00a0\u00c0 lire sur Numerama : Dumbo&#160;: une adaptation de Tim Burton qui se prend les pieds dans les oreilles\u00a0\u00bb &#8212; Numerama\" frameborder=\"0\" marginwidth=\"0\" marginheight=\"0\" scrolling=\"no\"><\/iframe><\/p>\n<p>Ma premi\u00e8re critique cin\u00e9ma chez Numerama.<\/p>\n<blockquote data-secret=\"TTuri69LFX\" class=\"wp-embedded-content\"><p><a href=\"https:\/\/www.numerama.com\/vroom\/477384-wind-a-tente-dinonder-nantes-de-trottinettes-electriques-la-ville-a-confisque-lensemble-de-la-flotte.html\">\u00c0 lire sur Numerama : Wind a tent\u00e9 d&rsquo;inonder Nantes de trottinettes \u00e9lectriques&#160;: la ville a confisqu\u00e9 l&rsquo;ensemble de la flotte<\/a><\/p><\/blockquote>\n<p><iframe class=\"wp-embedded-content\" sandbox=\"allow-scripts\" security=\"restricted\" style=\"position: absolute; clip: rect(1px, 1px, 1px, 1px);\" src=\"https:\/\/www.numerama.com\/vroom\/477384-wind-a-tente-dinonder-nantes-de-trottinettes-electriques-la-ville-a-confisque-lensemble-de-la-flotte.html\/embed\/#?secret=TTuri69LFX\" data-secret=\"TTuri69LFX\" width=\"474\" height=\"267\" title=\"\u00ab\u00a0\u00c0 lire sur Numerama : Wind a tent\u00e9 d&rsquo;inonder Nantes de trottinettes \u00e9lectriques&#160;: la ville a confisqu\u00e9 l&rsquo;ensemble de la flotte\u00a0\u00bb &#8212; Numerama\" frameborder=\"0\" marginwidth=\"0\" marginheight=\"0\" scrolling=\"no\"><\/iframe><\/p>\n<p>Mon article le plus lu\u00a0sur Numerama. Depuis, je me charge de la quasi-totalit\u00e9 des articles ayant pour th\u00e8me les trottinettes \u00e9lectriques.<\/p>\n<blockquote data-secret=\"gIn3Qy7EES\" class=\"wp-embedded-content\"><p><a href=\"https:\/\/www.numerama.com\/tech\/509617-au-fait-pourquoi-huawei-sappelle-huawei.html\">\u00c0 lire sur Numerama : Au fait, pourquoi Huawei s&rsquo;appelle Huawei&#160;?<\/a><\/p><\/blockquote>\n<p><iframe class=\"wp-embedded-content\" sandbox=\"allow-scripts\" security=\"restricted\" style=\"position: absolute; clip: rect(1px, 1px, 1px, 1px);\" src=\"https:\/\/www.numerama.com\/tech\/509617-au-fait-pourquoi-huawei-sappelle-huawei.html\/embed\/#?secret=gIn3Qy7EES\" data-secret=\"gIn3Qy7EES\" width=\"474\" height=\"267\" title=\"\u00ab\u00a0\u00c0 lire sur Numerama : Au fait, pourquoi Huawei s&rsquo;appelle Huawei&#160;?\u00a0\u00bb &#8212; Numerama\" frameborder=\"0\" marginwidth=\"0\" marginheight=\"0\" scrolling=\"no\"><\/iframe><\/p>\n<p>Cet article fait partie de la rubrique \u00ab\u00a0Les noms de la tech\u00a0\u00bb qui explique chaque semaine aux lecteurs d&rsquo;o\u00f9 vient le nom d&rsquo;une soci\u00e9t\u00e9.\u00a0 \u00c0 l&rsquo;origine, tous les r\u00e9dacteurs \u00e9crivaient dans cette rubrique, mais j&rsquo;en ai la charge depuis plusieurs semaines.<\/p>\n","protected":false},"excerpt":{"rendered":"<p>La totalit\u00e9 des articles sur lesquels j&rsquo;ai travaill\u00e9 pendant mon stage (plus de 250 au moment d&rsquo;\u00e9crire ces lignes) est disponible \u00e0 cette adresse. La pop-culture et le jeu vid\u00e9o sont les sujets les plus r\u00e9currents, mais j&rsquo;ai \u00e9crit sur tous les autres domaines abord\u00e9s par Numerama :\u00a0 technologie, sciences et politique. Voici quelques exemples &hellip; <a href=\"http:\/\/www.efj.press\/leopoldmacondauxerre\/rapport-de-stage\/numerama\/annexe\/\" class=\"more-link\">Continuer la lecture de <span class=\"screen-reader-text\">(5) Annexe<\/span>  <span class=\"meta-nav\">&rarr;<\/span><\/a><\/p>\n","protected":false},"author":133,"featured_media":341,"parent":283,"menu_order":0,"comment_status":"closed","ping_status":"closed","template":"","meta":{"footnotes":""},"_links":{"self":[{"href":"http:\/\/www.efj.press\/leopoldmacondauxerre\/wp-json\/wp\/v2\/pages\/289"}],"collection":[{"href":"http:\/\/www.efj.press\/leopoldmacondauxerre\/wp-json\/wp\/v2\/pages"}],"about":[{"href":"http:\/\/www.efj.press\/leopoldmacondauxerre\/wp-json\/wp\/v2\/types\/page"}],"author":[{"embeddable":true,"href":"http:\/\/www.efj.press\/leopoldmacondauxerre\/wp-json\/wp\/v2\/users\/133"}],"replies":[{"embeddable":true,"href":"http:\/\/www.efj.press\/leopoldmacondauxerre\/wp-json\/wp\/v2\/comments?post=289"}],"version-history":[{"count":7,"href":"http:\/\/www.efj.press\/leopoldmacondauxerre\/wp-json\/wp\/v2\/pages\/289\/revisions"}],"predecessor-version":[{"id":350,"href":"http:\/\/www.efj.press\/leopoldmacondauxerre\/wp-json\/wp\/v2\/pages\/289\/revisions\/350"}],"up":[{"embeddable":true,"href":"http:\/\/www.efj.press\/leopoldmacondauxerre\/wp-json\/wp\/v2\/pages\/283"}],"wp:featuredmedia":[{"embeddable":true,"href":"http:\/\/www.efj.press\/leopoldmacondauxerre\/wp-json\/wp\/v2\/media\/341"}],"wp:attachment":[{"href":"http:\/\/www.efj.press\/leopoldmacondauxerre\/wp-json\/wp\/v2\/media?parent=289"}],"curies":[{"name":"wp","href":"https:\/\/api.w.org\/{rel}","templated":true}]}}