{"id":285,"date":"2019-06-05T21:16:50","date_gmt":"2019-06-05T20:16:50","guid":{"rendered":"http:\/\/www.efj.press\/leopoldmacondauxerre\/?page_id=285"},"modified":"2019-06-10T12:30:28","modified_gmt":"2019-06-10T11:30:28","slug":"presentation-de-numerama","status":"publish","type":"page","link":"http:\/\/www.efj.press\/leopoldmacondauxerre\/rapport-de-stage\/numerama\/presentation-de-numerama\/","title":{"rendered":"(1) Pr\u00e9sentation de Numerama"},"content":{"rendered":"<p><strong>Les m\u00e9dias qui parlent de pop-culture, de sciences ou encore de technologies\u00a0sont l\u00e9gion sur internet. Numerama fait partie de ceux-l\u00e0, mais a pourtant r\u00e9ussi \u00e0 tirer son \u00e9pingle du jeu.\u00a0<\/strong><\/p>\n<p>\u00c0 ses d\u00e9buts, Numerama \u00e9tait un\u00a0m\u00e9dia tr\u00e8s diff\u00e9rent d&rsquo;aujourd&rsquo;hui et se nommait alors Ratatium.\u00a0Fond\u00e9 en avril 2002 \u00e0 Paris par Guillaume Champeau, le site est sp\u00e9cialis\u00e9 dans les informations li\u00e9es au mod\u00e8le d&rsquo;\u00e9change pair-\u00e0-pair (ou P2P) qui consiste \u00e0 partager ses ressources directement avec les usagers plut\u00f4t que de passer par un syst\u00e8me centralis\u00e9.\u00a0Son contenu a \u00e9volu\u00e9 au fil du temps pour devenir plus\u00a0g\u00e9n\u00e9raliste, ce qui a pouss\u00e9 la r\u00e9daction \u00e0 changer le nom du site pour \u00ab\u00a0Numerama\u00a0\u00bb le 11 f\u00e9vrier 2008.<\/p>\n<figure id=\"attachment_331\" aria-describedby=\"caption-attachment-331\" style=\"width: 589px\" class=\"wp-caption aligncenter\"><img loading=\"lazy\" decoding=\"async\" class=\"size-full wp-image-331\" src=\"http:\/\/www.efj.press\/leopoldmacondauxerre\/wp-content\/uploads\/sites\/153\/2019\/06\/numerama-podcast.jpg\" alt=\"Pr\u00e9paration d'un podcast dans les locaux de Numerama\/FRandroid.\" width=\"589\" height=\"329\" srcset=\"http:\/\/www.efj.press\/leopoldmacondauxerre\/wp-content\/uploads\/sites\/153\/2019\/06\/numerama-podcast.jpg 589w, http:\/\/www.efj.press\/leopoldmacondauxerre\/wp-content\/uploads\/sites\/153\/2019\/06\/numerama-podcast-300x168.jpg 300w\" sizes=\"(max-width: 589px) 100vw, 589px\" \/><figcaption id=\"caption-attachment-331\" class=\"wp-caption-text\">Pr\u00e9paration d&rsquo;un podcast dans les locaux de Numerama\/FRandroid.<\/figcaption><\/figure>\n<p>Malgr\u00e9 cette \u00e9volution, Numerama reste un m\u00e9dia de niche, en tout cas jusqu&rsquo;en avril 2015. Cette ann\u00e9e-l\u00e0, il est rachet\u00e9 par le groupe Humanoid (qui d\u00e9tient d\u00e9j\u00e0 le site FRandroid, sp\u00e9cialis\u00e9 dans la tech) et change en grande partie sa ligne \u00e9ditoriale. C&rsquo;est \u00e0 ce moment-l\u00e0 que Numerama est devenu ce qu&rsquo;il est aujourd\u2019hui : un m\u00e9dia tourn\u00e9 vers les nouvelles technologies, mais qui s&rsquo;int\u00e9resse aussi \u00e0 la pop-culture, la science et la politique. L&rsquo;arriv\u00e9e de nouveaux journalistes et formats (vid\u00e9os et podcasts) ach\u00e8vera\u00a0de changer l&rsquo;identit\u00e9 de Numerama pour de bon.<\/p>\n<h1>Des lecteurs de plus en plus nombreux<\/h1>\n<p>Voir la partie confidentielle du rapport de stage.<\/p>\n<h1>Une r\u00e9f\u00e9rence pour la communaut\u00e9 LGBTQ+<\/h1>\n<p>Les changements \u00e9ditoriaux de Numerama ne l&rsquo;ont pas seulement pouss\u00e9 \u00e0 se tourner vers de nouvelles rubriques, mais aussi \u00e0 s&rsquo;engager en faveur de certains mouvements. Le m\u00e9dia, men\u00e9 par sa r\u00e9dactrice en chef Marie Turcan, cherche notamment \u00e0 couvrir les th\u00e9matiques li\u00e9es \u00e0 la communaut\u00e9 LGBTQ+ dans\u00a0le cadre num\u00e9rique. On pense aux articles visant \u00e0 chercher <a href=\"https:\/\/www.numerama.com\/politique\/468508-les-noirs-mediocres-les-homos-possedes-dou-viennent-ces-traductions-intolerables-sur-reverso.html\" target=\"_blank\">l&rsquo;origine de traductions homophobes<\/a> sur Reverso ou \u00e0 d\u00e9montrer que le mot \u00ab\u00a0lesbienne\u00a0\u00bb est <a href=\"https:\/\/www.numerama.com\/politique\/478663-pourquoi-le-mot-lesbienne-sur-google-ne-renvoie-t-il-que-vers-des-sites-pornographiques.html\" target=\"_blank\">tabou sur les plateformes en ligne<\/a>.<\/p>\n<div class=\"twitter-tweet\">\n<blockquote class=\"twitter-tweet\" data-lang=\"fr\">\n<p lang=\"fr\" dir=\"ltr\">On vient d\u2019apprendre que nous sommes nomm\u00e9\u2022e\u2022s aux Out d\u2019Or cette ann\u00e9e et c\u2019est une grande fiert\u00e9 ! <a href=\"https:\/\/t.co\/yuur4EPggl\">https:\/\/t.co\/yuur4EPggl<\/a> Merci de suivre notre travail au quotidien, nous continuerons \u00e0 couvrir des th\u00e9matiques soci\u00e9tales importantes, toujours en lien avec notre ligne \u00e9dito. <a href=\"https:\/\/t.co\/T5xZqRQLjR\">pic.twitter.com\/T5xZqRQLjR<\/a><\/p>\n<p>&mdash; Numerama (@Numerama) <a href=\"https:\/\/twitter.com\/Numerama\/status\/1131500764621344768?ref_src=twsrc%5Etfw\">23 mai 2019<\/a><\/p><\/blockquote>\n<\/div>\n<p>La mise en avant de ce genre de contenu a d&rsquo;ailleurs permis \u00e0 Numerama d&rsquo;\u00eatre nomm\u00e9 aux OUT d&rsquo;or (une c\u00e9r\u00e9monie\u00a0d\u00e9di\u00e9e \u00e0\u00a0la visibilit\u00e9 LGBTQ+)\u00a0 dans la cat\u00e9gorie \u00ab\u00a0R\u00e9daction engag\u00e9e\u00a0\u00bb. Rendez-vous le 18 juin prochain pour savoir si le m\u00e9dia\u00a0remportera ce prix et marquera un nouveau pas dans son \u00e9volution \u00e9ditoriale.<\/p>\n","protected":false},"excerpt":{"rendered":"<p>Les m\u00e9dias qui parlent de pop-culture, de sciences ou encore de technologies\u00a0sont l\u00e9gion sur internet. Numerama fait partie de ceux-l\u00e0, mais a pourtant r\u00e9ussi \u00e0 tirer son \u00e9pingle du jeu.\u00a0 \u00c0 ses d\u00e9buts, Numerama \u00e9tait un\u00a0m\u00e9dia tr\u00e8s diff\u00e9rent d&rsquo;aujourd&rsquo;hui et se nommait alors Ratatium.\u00a0Fond\u00e9 en avril 2002 \u00e0 Paris par Guillaume Champeau, le site est &hellip; <a href=\"http:\/\/www.efj.press\/leopoldmacondauxerre\/rapport-de-stage\/numerama\/presentation-de-numerama\/\" class=\"more-link\">Continuer la lecture de <span class=\"screen-reader-text\">(1) Pr\u00e9sentation de Numerama<\/span>  <span class=\"meta-nav\">&rarr;<\/span><\/a><\/p>\n","protected":false},"author":133,"featured_media":307,"parent":283,"menu_order":0,"comment_status":"closed","ping_status":"closed","template":"","meta":{"footnotes":""},"_links":{"self":[{"href":"http:\/\/www.efj.press\/leopoldmacondauxerre\/wp-json\/wp\/v2\/pages\/285"}],"collection":[{"href":"http:\/\/www.efj.press\/leopoldmacondauxerre\/wp-json\/wp\/v2\/pages"}],"about":[{"href":"http:\/\/www.efj.press\/leopoldmacondauxerre\/wp-json\/wp\/v2\/types\/page"}],"author":[{"embeddable":true,"href":"http:\/\/www.efj.press\/leopoldmacondauxerre\/wp-json\/wp\/v2\/users\/133"}],"replies":[{"embeddable":true,"href":"http:\/\/www.efj.press\/leopoldmacondauxerre\/wp-json\/wp\/v2\/comments?post=285"}],"version-history":[{"count":15,"href":"http:\/\/www.efj.press\/leopoldmacondauxerre\/wp-json\/wp\/v2\/pages\/285\/revisions"}],"predecessor-version":[{"id":347,"href":"http:\/\/www.efj.press\/leopoldmacondauxerre\/wp-json\/wp\/v2\/pages\/285\/revisions\/347"}],"up":[{"embeddable":true,"href":"http:\/\/www.efj.press\/leopoldmacondauxerre\/wp-json\/wp\/v2\/pages\/283"}],"wp:featuredmedia":[{"embeddable":true,"href":"http:\/\/www.efj.press\/leopoldmacondauxerre\/wp-json\/wp\/v2\/media\/307"}],"wp:attachment":[{"href":"http:\/\/www.efj.press\/leopoldmacondauxerre\/wp-json\/wp\/v2\/media?parent=285"}],"curies":[{"name":"wp","href":"https:\/\/api.w.org\/{rel}","templated":true}]}}