{"id":254,"date":"2018-04-09T01:30:53","date_gmt":"2018-04-09T00:30:53","guid":{"rendered":"http:\/\/www.efj.press\/leopoldmacondauxerre\/?page_id=254"},"modified":"2018-04-09T01:30:53","modified_gmt":"2018-04-09T00:30:53","slug":"5-annexe","status":"publish","type":"page","link":"http:\/\/www.efj.press\/leopoldmacondauxerre\/rapport-de-stage\/publithings\/5-annexe\/","title":{"rendered":"(5) Annexe"},"content":{"rendered":"<p><strong><em>J&rsquo;ai \u00e9crit un grand nombre d&rsquo;articles pour objetconnecte.net et realite-virtuelle.com. En tout, 137 ont \u00e9t\u00e9 publi\u00e9s. Il m&rsquo;a donc sembl\u00e9 plus logique de faire une s\u00e9lection\u00a0de ce que j&rsquo;ai produit,\u00a0en donnant tout de m\u00eame un bon aper\u00e7u de mon travail pendant le stage.\u00a0<\/em><\/strong><\/p>\n<h1>Realite-virtuelle.com<\/h1>\n<p>&nbsp;<\/p>\n<blockquote data-secret=\"1VmuchGwr2\" class=\"wp-embedded-content\"><p><a href=\"https:\/\/www.realite-virtuelle.com\/acer-windows-mixed-reality-test\">TEST &#8211; Acer Windows Mixed Reality AH101 : le casque VR simple \u00e0 utiliser, mais difficile \u00e0 appr\u00e9cier<\/a><\/p><\/blockquote>\n<p><iframe class=\"wp-embedded-content\" sandbox=\"allow-scripts\" security=\"restricted\" style=\"position: absolute; clip: rect(1px, 1px, 1px, 1px);\" src=\"https:\/\/www.realite-virtuelle.com\/acer-windows-mixed-reality-test\/embed#?secret=1VmuchGwr2\" data-secret=\"1VmuchGwr2\" width=\"474\" height=\"267\" title=\"\u00ab\u00a0TEST &#8211; Acer Windows Mixed Reality AH101 : le casque VR simple \u00e0 utiliser, mais difficile \u00e0 appr\u00e9cier\u00a0\u00bb &#8212; R\u00e9alit\u00e9-Virtuelle.com\" frameborder=\"0\" marginwidth=\"0\" marginheight=\"0\" scrolling=\"no\"><\/iframe><\/p>\n<p>Test du casque de r\u00e9alit\u00e9 virtuelle Windows Mixed Reality AH101. Il s&rsquo;agit de mon premier test pour realite-virtuelle.com.<\/p>\n<hr \/>\n<blockquote data-secret=\"mYTp8iAgCt\" class=\"wp-embedded-content\"><p><a href=\"https:\/\/www.realite-virtuelle.com\/test-iss-rescue\">[TEST] ISS RESCUE &#8211; Viser la lune pour atterrir dans les \u00e9toiles<\/a><\/p><\/blockquote>\n<p><iframe class=\"wp-embedded-content\" sandbox=\"allow-scripts\" security=\"restricted\" style=\"position: absolute; clip: rect(1px, 1px, 1px, 1px);\" src=\"https:\/\/www.realite-virtuelle.com\/test-iss-rescue\/embed#?secret=mYTp8iAgCt\" data-secret=\"mYTp8iAgCt\" width=\"474\" height=\"267\" title=\"\u00ab\u00a0[TEST] ISS RESCUE &#8211; Viser la lune pour atterrir dans les \u00e9toiles\u00a0\u00bb &#8212; R\u00e9alit\u00e9-Virtuelle.com\" frameborder=\"0\" marginwidth=\"0\" marginheight=\"0\" scrolling=\"no\"><\/iframe><\/p>\n<p>Test d&rsquo;une exp\u00e9rience en r\u00e9alit\u00e9 virtuelle dans une salle sp\u00e9cialis\u00e9e. Il a \u00e9t\u00e9 effectu\u00e9 lors d&rsquo;un voyage de presse \u00e0 Lyon, en compagnie de journalistes sp\u00e9cialis\u00e9s dans le jeu vid\u00e9o et la VR.<\/p>\n<hr \/>\n<blockquote data-secret=\"j9dAWiwYc3\" class=\"wp-embedded-content\"><p><a href=\"https:\/\/www.realite-virtuelle.com\/test-brass-tactics-oculus-rift-2\">[TEST] Brass Tactics &#8211; La nouvelle r\u00e9f\u00e9rence du jeu de strat\u00e9gie VR<\/a><\/p><\/blockquote>\n<p><iframe class=\"wp-embedded-content\" sandbox=\"allow-scripts\" security=\"restricted\" style=\"position: absolute; clip: rect(1px, 1px, 1px, 1px);\" src=\"https:\/\/www.realite-virtuelle.com\/test-brass-tactics-oculus-rift-2\/embed#?secret=j9dAWiwYc3\" data-secret=\"j9dAWiwYc3\" width=\"474\" height=\"267\" title=\"\u00ab\u00a0[TEST] Brass Tactics &#8211; La nouvelle r\u00e9f\u00e9rence du jeu de strat\u00e9gie VR\u00a0\u00bb &#8212; R\u00e9alit\u00e9-Virtuelle.com\" frameborder=\"0\" marginwidth=\"0\" marginheight=\"0\" scrolling=\"no\"><\/iframe><\/p>\n<p>Le seul test d&rsquo;un jeu vid\u00e9o \u00e0 destination du grand public que j&rsquo;ai eu l\u2019occasion d&rsquo;effectuer. Il m&rsquo;a particuli\u00e8rement int\u00e9ress\u00e9 \u00e9tant donn\u00e9 que j&rsquo;aimerais me tourner vers la presse\u00a0vid\u00e9oludique.<\/p>\n<hr \/>\n<p><iframe loading=\"lazy\" width=\"474\" height=\"267\" src=\"https:\/\/www.youtube.com\/embed\/3lX2iOJ5l90?feature=oembed\" frameborder=\"0\" allow=\"autoplay; encrypted-media\" allowfullscreen><\/iframe><\/p>\n<p>Le seul reportage vid\u00e9o que j&rsquo;ai eu l&rsquo;occasion d&rsquo;effectuer pendant mes quatre mois de stage. Il suit un concert film\u00e9 par une cam\u00e9ra 360 degr\u00e9s et diffus\u00e9 sur internet.<\/p>\n<hr \/>\n<blockquote data-secret=\"LLfU9Qlpp8\" class=\"wp-embedded-content\"><p><a href=\"https:\/\/www.realite-virtuelle.com\/soldes-steam-jeux-vr\">Les cinq jeux VR \u00e0 ne pas rater pendant les soldes Steam<\/a><\/p><\/blockquote>\n<p><iframe class=\"wp-embedded-content\" sandbox=\"allow-scripts\" security=\"restricted\" style=\"position: absolute; clip: rect(1px, 1px, 1px, 1px);\" src=\"https:\/\/www.realite-virtuelle.com\/soldes-steam-jeux-vr\/embed#?secret=LLfU9Qlpp8\" data-secret=\"LLfU9Qlpp8\" width=\"474\" height=\"267\" title=\"\u00ab\u00a0Les cinq jeux VR \u00e0 ne pas rater pendant les soldes Steam\u00a0\u00bb &#8212; R\u00e9alit\u00e9-Virtuelle.com\" frameborder=\"0\" marginwidth=\"0\" marginheight=\"0\" scrolling=\"no\"><\/iframe><\/p>\n<p>S&rsquo;il ne faisaient pas partie de mes pr\u00e9f\u00e9r\u00e9s, j&rsquo;ai d\u00fb faire plusieurs fois ce genre d&rsquo;article \u00ab\u00a0top\u00a0\u00bb. Celui-ci faisait office de guide pour trouver les bons plans des soldes sur Steam.<\/p>\n<hr \/>\n<blockquote data-secret=\"NTObAqikUa\" class=\"wp-embedded-content\"><p><a href=\"https:\/\/www.realite-virtuelle.com\/ebay-realite-augmentee\">eBay r\u00e9sout un probl\u00e8me majeur de ses vendeurs gr\u00e2ce \u00e0 la r\u00e9alit\u00e9 augment\u00e9e<\/a><\/p><\/blockquote>\n<p><iframe class=\"wp-embedded-content\" sandbox=\"allow-scripts\" security=\"restricted\" style=\"position: absolute; clip: rect(1px, 1px, 1px, 1px);\" src=\"https:\/\/www.realite-virtuelle.com\/ebay-realite-augmentee\/embed#?secret=NTObAqikUa\" data-secret=\"NTObAqikUa\" width=\"474\" height=\"267\" title=\"\u00ab\u00a0eBay r\u00e9sout un probl\u00e8me majeur de ses vendeurs gr\u00e2ce \u00e0 la r\u00e9alit\u00e9 augment\u00e9e\u00a0\u00bb &#8212; R\u00e9alit\u00e9-Virtuelle.com\" frameborder=\"0\" marginwidth=\"0\" marginheight=\"0\" scrolling=\"no\"><\/iframe><\/p>\n<p>Il s&rsquo;agit l\u00e0 d&rsquo;un exemple du genre d&rsquo;article que j&rsquo;\u00e9crivais souvent en d\u00e9but de journ\u00e9e. Une br\u00e8ve sur une annonce d&rsquo;Ebay concernant une future application.<\/p>\n<hr \/>\n<blockquote data-secret=\"MgKaUBP5Us\" class=\"wp-embedded-content\"><p><a href=\"https:\/\/www.realite-virtuelle.com\/comparatif-ordinateur-portable-realite-virtuelle\">Comparatif 2018 des meilleurs PC portables VR Ready : Avis, Prix, Lequel acheter ?<\/a><\/p><\/blockquote>\n<p><iframe class=\"wp-embedded-content\" sandbox=\"allow-scripts\" security=\"restricted\" style=\"position: absolute; clip: rect(1px, 1px, 1px, 1px);\" src=\"https:\/\/www.realite-virtuelle.com\/comparatif-ordinateur-portable-realite-virtuelle\/embed#?secret=MgKaUBP5Us\" data-secret=\"MgKaUBP5Us\" width=\"474\" height=\"267\" title=\"\u00ab\u00a0Comparatif 2018 des meilleurs PC portables VR Ready : Avis, Prix, Lequel acheter ?\u00a0\u00bb &#8212; R\u00e9alit\u00e9-Virtuelle.com\" frameborder=\"0\" marginwidth=\"0\" marginheight=\"0\" scrolling=\"no\"><\/iframe><\/p>\n<p>Un des nombreux comparatifs que j&rsquo;ai mis \u00e0 jour au cours de mon stage. Mon nom n&rsquo;est pas indiqu\u00e9 dessus car c&rsquo;est celui de l&rsquo;auteur original qui est conserv\u00e9.<\/p>\n<h1>Objet-connecte.net<\/h1>\n<blockquote data-secret=\"4mzy7co7NP\" class=\"wp-embedded-content\"><p><a href=\"https:\/\/www.objetconnecte.net\/test-casque-beats-studio-3-wireless-2712\/\">[TEST] Beats Studio 3 Wireless : un casque efficace sans \u00eatre r\u00e9volutionnaire<\/a><\/p><\/blockquote>\n<p><iframe class=\"wp-embedded-content\" sandbox=\"allow-scripts\" security=\"restricted\" style=\"position: absolute; clip: rect(1px, 1px, 1px, 1px);\" src=\"https:\/\/www.objetconnecte.net\/test-casque-beats-studio-3-wireless-2712\/embed\/#?secret=4mzy7co7NP\" data-secret=\"4mzy7co7NP\" width=\"474\" height=\"267\" title=\"\u00ab\u00a0[TEST] Beats Studio 3 Wireless : un casque efficace sans \u00eatre r\u00e9volutionnaire\u00a0\u00bb &#8212; OBJETCONNECTE.NET\" frameborder=\"0\" marginwidth=\"0\" marginheight=\"0\" scrolling=\"no\"><\/iframe><\/p>\n<p>Le tout premier test que j&rsquo;ai r\u00e9alis\u00e9 au cours de mon stage. Pour objetconnecte.net, j&rsquo;ai r\u00e9alis\u00e9 plus de tests que pour realite-virtuelle.com. Au lieu d&rsquo;en faire une liste ici, je pr\u00e9f\u00e8re vous indiquer la <a href=\"https:\/\/www.objetconnecte.net\/tag\/test\/\" target=\"_blank\">page des tests du site<\/a>. Sur celle-ci, on trouve rapidement ceux que j&rsquo;ai \u00e9crits.<\/p>\n<hr \/>\n<blockquote data-secret=\"o8PEkeFB7t\" class=\"wp-embedded-content\"><p><a href=\"https:\/\/www.objetconnecte.net\/assistant-connecte-carrefour-google\/\">Carrefour et Google cr\u00e9ent L\u00e9a pour concurrencer Amazon Echo<\/a><\/p><\/blockquote>\n<p><iframe class=\"wp-embedded-content\" sandbox=\"allow-scripts\" security=\"restricted\" style=\"position: absolute; clip: rect(1px, 1px, 1px, 1px);\" src=\"https:\/\/www.objetconnecte.net\/assistant-connecte-carrefour-google\/embed\/#?secret=o8PEkeFB7t\" data-secret=\"o8PEkeFB7t\" width=\"474\" height=\"267\" title=\"\u00ab\u00a0Carrefour et Google cr\u00e9ent L\u00e9a pour concurrencer Amazon Echo\u00a0\u00bb &#8212; OBJETCONNECTE.NET\" frameborder=\"0\" marginwidth=\"0\" marginheight=\"0\" scrolling=\"no\"><\/iframe><\/p>\n<p>Si l&rsquo;\u00e9criture de news \u00e9tait rare sur objetconnecte.net, j&rsquo;ai tout de m\u00eame eu l&rsquo;occasion d&rsquo;en \u00e9crire quelques unes. Celle-ci aborde l&rsquo;annonce d&rsquo;un assistant connect\u00e9 pour les clients faisant leurs courses \u00e0 Carrefour.<\/p>\n<hr \/>\n<blockquote data-secret=\"3P01NeJaZ4\" class=\"wp-embedded-content\"><p><a href=\"https:\/\/www.objetconnecte.net\/seair-bateaux-volant\/\">SEAir : on a test\u00e9 les bateaux volants au-dessus de la Seine<\/a><\/p><\/blockquote>\n<p><iframe class=\"wp-embedded-content\" sandbox=\"allow-scripts\" security=\"restricted\" style=\"position: absolute; clip: rect(1px, 1px, 1px, 1px);\" src=\"https:\/\/www.objetconnecte.net\/seair-bateaux-volant\/embed\/#?secret=3P01NeJaZ4\" data-secret=\"3P01NeJaZ4\" width=\"474\" height=\"267\" title=\"\u00ab\u00a0SEAir : on a test\u00e9 les bateaux volants au-dessus de la Seine\u00a0\u00bb &#8212; OBJETCONNECTE.NET\" frameborder=\"0\" marginwidth=\"0\" marginheight=\"0\" scrolling=\"no\"><\/iframe><\/p>\n<p>Si l&rsquo;id\u00e9e de test est bien pr\u00e9sente dans cet article, il s&rsquo;agit plus d&rsquo;un retour d&rsquo;exp\u00e9rience. Il aborde une session durant laquelle des journalistes (dont moi) ont pu monter sur des \u00a0\u00bb bateaux volants\u00a0\u00bb.<\/p>\n<hr \/>\n<blockquote data-secret=\"2vAu1UKNRY\" class=\"wp-embedded-content\"><p><a href=\"https:\/\/www.objetconnecte.net\/kickstarter-montre-connectee-luxe\/\">Kickstarter : des montres connect\u00e9es alliant luxe fran\u00e7ais et technologie japonaise<\/a><\/p><\/blockquote>\n<p><iframe class=\"wp-embedded-content\" sandbox=\"allow-scripts\" security=\"restricted\" style=\"position: absolute; clip: rect(1px, 1px, 1px, 1px);\" src=\"https:\/\/www.objetconnecte.net\/kickstarter-montre-connectee-luxe\/embed\/#?secret=2vAu1UKNRY\" data-secret=\"2vAu1UKNRY\" width=\"474\" height=\"267\" title=\"\u00ab\u00a0Kickstarter : des montres connect\u00e9es alliant luxe fran\u00e7ais et technologie japonaise\u00a0\u00bb &#8212; OBJETCONNECTE.NET\" frameborder=\"0\" marginwidth=\"0\" marginheight=\"0\" scrolling=\"no\"><\/iframe><\/p>\n<p>Sur objetconnecte.net, j&rsquo;ai \u00e9crit plusieurs articles abordant des technologies financ\u00e9es via Kickstarter.\u00a0 Celle-ci proposait une montre connect\u00e9e au design m\u00e9canique.<\/p>\n<hr \/>\n<blockquote data-secret=\"C8rSo3fXUP\" class=\"wp-embedded-content\"><p><a href=\"https:\/\/www.objetconnecte.net\/montre-connectee-iphone\/\">Comparatif montre connect\u00e9e iPhone 2018 : Prix, Avis, Laquelle acheter ?<\/a><\/p><\/blockquote>\n<p><iframe class=\"wp-embedded-content\" sandbox=\"allow-scripts\" security=\"restricted\" style=\"position: absolute; clip: rect(1px, 1px, 1px, 1px);\" src=\"https:\/\/www.objetconnecte.net\/montre-connectee-iphone\/embed\/#?secret=C8rSo3fXUP\" data-secret=\"C8rSo3fXUP\" width=\"474\" height=\"267\" title=\"\u00ab\u00a0Comparatif montre connect\u00e9e iPhone 2018 : Prix, Avis, Laquelle acheter ?\u00a0\u00bb &#8212; OBJETCONNECTE.NET\" frameborder=\"0\" marginwidth=\"0\" marginheight=\"0\" scrolling=\"no\"><\/iframe><\/p>\n<p>Tout comme sur realite-virtuelle.com, les mises \u00e0 jour de comparatifs \u00e9taient presque quotidiennes sur objetconnecte.net. Celui-ci \u00e9tait particuli\u00e8rement ardu puisqu&rsquo;il manquait un grand nombre d&rsquo;informations et qu&rsquo;une bonne partie du design de la page a d\u00fb \u00eatre chang\u00e9.<\/p>\n","protected":false},"excerpt":{"rendered":"<p>J&rsquo;ai \u00e9crit un grand nombre d&rsquo;articles pour objetconnecte.net et realite-virtuelle.com. En tout, 137 ont \u00e9t\u00e9 publi\u00e9s. Il m&rsquo;a donc sembl\u00e9 plus logique de faire une s\u00e9lection\u00a0de ce que j&rsquo;ai produit,\u00a0en donnant tout de m\u00eame un bon aper\u00e7u de mon travail pendant le stage.\u00a0 Realite-virtuelle.com &nbsp; TEST &#8211; Acer Windows Mixed Reality AH101 : le casque &hellip; <a href=\"http:\/\/www.efj.press\/leopoldmacondauxerre\/rapport-de-stage\/publithings\/5-annexe\/\" class=\"more-link\">Continuer la lecture de <span class=\"screen-reader-text\">(5) Annexe<\/span>  <span class=\"meta-nav\">&rarr;<\/span><\/a><\/p>\n","protected":false},"author":133,"featured_media":274,"parent":191,"menu_order":0,"comment_status":"closed","ping_status":"closed","template":"","meta":{"footnotes":""},"_links":{"self":[{"href":"http:\/\/www.efj.press\/leopoldmacondauxerre\/wp-json\/wp\/v2\/pages\/254"}],"collection":[{"href":"http:\/\/www.efj.press\/leopoldmacondauxerre\/wp-json\/wp\/v2\/pages"}],"about":[{"href":"http:\/\/www.efj.press\/leopoldmacondauxerre\/wp-json\/wp\/v2\/types\/page"}],"author":[{"embeddable":true,"href":"http:\/\/www.efj.press\/leopoldmacondauxerre\/wp-json\/wp\/v2\/users\/133"}],"replies":[{"embeddable":true,"href":"http:\/\/www.efj.press\/leopoldmacondauxerre\/wp-json\/wp\/v2\/comments?post=254"}],"version-history":[{"count":10,"href":"http:\/\/www.efj.press\/leopoldmacondauxerre\/wp-json\/wp\/v2\/pages\/254\/revisions"}],"predecessor-version":[{"id":273,"href":"http:\/\/www.efj.press\/leopoldmacondauxerre\/wp-json\/wp\/v2\/pages\/254\/revisions\/273"}],"up":[{"embeddable":true,"href":"http:\/\/www.efj.press\/leopoldmacondauxerre\/wp-json\/wp\/v2\/pages\/191"}],"wp:featuredmedia":[{"embeddable":true,"href":"http:\/\/www.efj.press\/leopoldmacondauxerre\/wp-json\/wp\/v2\/media\/274"}],"wp:attachment":[{"href":"http:\/\/www.efj.press\/leopoldmacondauxerre\/wp-json\/wp\/v2\/media?parent=254"}],"curies":[{"name":"wp","href":"https:\/\/api.w.org\/{rel}","templated":true}]}}