{"id":252,"date":"2018-04-09T02:46:10","date_gmt":"2018-04-09T01:46:10","guid":{"rendered":"http:\/\/www.efj.press\/leopoldmacondauxerre\/?page_id=252"},"modified":"2018-04-09T02:49:52","modified_gmt":"2018-04-09T01:49:52","slug":"3-interview-de-loic-bremme-redacteur-en-chef-de-realite-virtuelle-com-et-objetconnecte-net","status":"publish","type":"page","link":"http:\/\/www.efj.press\/leopoldmacondauxerre\/rapport-de-stage\/publithings\/3-interview-de-loic-bremme-redacteur-en-chef-de-realite-virtuelle-com-et-objetconnecte-net\/","title":{"rendered":"(3) Interview de lo\u00efc Bremme, r\u00e9dacteur en chef de realite-virtuelle.com et objetconnecte.net"},"content":{"rendered":"<p>&nbsp;<\/p>\n<p><iframe loading=\"lazy\" width=\"474\" height=\"267\" src=\"https:\/\/www.youtube.com\/embed\/wK3WtrHE6O0?feature=oembed\" frameborder=\"0\" allow=\"autoplay; encrypted-media\" allowfullscreen><\/iframe><\/p>\n<p>Lo\u00efc Bremme est le r\u00e9dacteur en chef d&rsquo;objetconnecte.net et de realite-virtuelle.com. Il s\u2019occupe aussi bien de l&rsquo;\u00e9criture d&rsquo;articles que de la gestion des journalistes et stagiaires dont il est responsable.<\/p>\n<p>Dans cette vid\u00e9o, il pr\u00e9sente ses m\u00e9dias et sa journ\u00e9e de travail type, mais \u00e9galement ses ambitions concernant les deux sites.<\/p>\n","protected":false},"excerpt":{"rendered":"<p>&nbsp; Lo\u00efc Bremme est le r\u00e9dacteur en chef d&rsquo;objetconnecte.net et de realite-virtuelle.com. Il s\u2019occupe aussi bien de l&rsquo;\u00e9criture d&rsquo;articles que de la gestion des journalistes et stagiaires dont il est responsable. Dans cette vid\u00e9o, il pr\u00e9sente ses m\u00e9dias et sa journ\u00e9e de travail type, mais \u00e9galement ses ambitions concernant les deux sites.<\/p>\n","protected":false},"author":133,"featured_media":279,"parent":191,"menu_order":0,"comment_status":"closed","ping_status":"closed","template":"","meta":{"footnotes":""},"_links":{"self":[{"href":"http:\/\/www.efj.press\/leopoldmacondauxerre\/wp-json\/wp\/v2\/pages\/252"}],"collection":[{"href":"http:\/\/www.efj.press\/leopoldmacondauxerre\/wp-json\/wp\/v2\/pages"}],"about":[{"href":"http:\/\/www.efj.press\/leopoldmacondauxerre\/wp-json\/wp\/v2\/types\/page"}],"author":[{"embeddable":true,"href":"http:\/\/www.efj.press\/leopoldmacondauxerre\/wp-json\/wp\/v2\/users\/133"}],"replies":[{"embeddable":true,"href":"http:\/\/www.efj.press\/leopoldmacondauxerre\/wp-json\/wp\/v2\/comments?post=252"}],"version-history":[{"count":3,"href":"http:\/\/www.efj.press\/leopoldmacondauxerre\/wp-json\/wp\/v2\/pages\/252\/revisions"}],"predecessor-version":[{"id":278,"href":"http:\/\/www.efj.press\/leopoldmacondauxerre\/wp-json\/wp\/v2\/pages\/252\/revisions\/278"}],"up":[{"embeddable":true,"href":"http:\/\/www.efj.press\/leopoldmacondauxerre\/wp-json\/wp\/v2\/pages\/191"}],"wp:featuredmedia":[{"embeddable":true,"href":"http:\/\/www.efj.press\/leopoldmacondauxerre\/wp-json\/wp\/v2\/media\/279"}],"wp:attachment":[{"href":"http:\/\/www.efj.press\/leopoldmacondauxerre\/wp-json\/wp\/v2\/media?parent=252"}],"curies":[{"name":"wp","href":"https:\/\/api.w.org\/{rel}","templated":true}]}}