{"id":250,"date":"2018-04-09T00:12:17","date_gmt":"2018-04-08T23:12:17","guid":{"rendered":"http:\/\/www.efj.press\/leopoldmacondauxerre\/?page_id=250"},"modified":"2018-04-09T01:31:41","modified_gmt":"2018-04-09T00:31:41","slug":"4-compte-rendu-dune-situation-particuliere-lorganisation-de-la-semaine","status":"publish","type":"page","link":"http:\/\/www.efj.press\/leopoldmacondauxerre\/rapport-de-stage\/publithings\/4-compte-rendu-dune-situation-particuliere-lorganisation-de-la-semaine\/","title":{"rendered":"(4) Compte rendu d&rsquo;une situation particuli\u00e8re : l&rsquo;organisation de la semaine"},"content":{"rendered":"<p><em><strong>Le premier jour de la semaine est toujours capital dans un m\u00e9dia. Ceux du groupe Publithings ne font pas exception, et le lundi est synonyme\u00a0 de pr\u00e9paration pour les jours suivants. \u00c0 la mani\u00e8re du Monde lors d\u2019\u00e9v\u00e9nements majeurs, voici donc un compte rendu d&rsquo;une de ces journ\u00e9es si importantes.\u00a0\u00a0<\/strong><\/em><\/p>\n<p><em>Le 12 mars \u00e0\u00a0 9h30<\/em><\/p>\n<p>La journ\u00e9e commence pour les \u00e9quipes de chaque p\u00f4le de Publithings. C\u00f4t\u00e9 m\u00e9dia, Lo\u00efc Bremme consulte ses mails tandis que L\u00e9opold Ma\u00e7on-Dauxerre cherche des nouvelles valant la peine de pr\u00e9parer un papier. En face d&rsquo;eux, Ga\u00e9tan Raoul d\u00e9bute l&rsquo;\u00e9criture d&rsquo;un long article de fond sur objetconnecte.com.<\/p>\n<hr \/>\n<p>Le 12 mars \u00e0 9h45<\/p>\n<p>Comme chaque lundi, Lo\u00efc Bremme et L\u00e9opold Ma\u00e7on-Dauxerre commencent une analyse de la semaine pass\u00e9e, chacun s&rsquo;occupant d&rsquo;un site. Le premier se charge de realite-virtuelle.com et le second d&rsquo;objetconnecte.net, chacun r\u00e9cup\u00e9rant entre autres le nombre de vues et de partage des articles de la semaine pass\u00e9e. Du c\u00f4t\u00e9 du p\u00f4le \u00e9v\u00e9nementiel et marketing, les tables se vident : il est l&rsquo;heure de commencer la r\u00e9union pour organiser cette nouvelle semaine. Tous se retrouvent dans un bureau isol\u00e9.<\/p>\n<hr \/>\n<p>Le 12 mars \u00e0 10h10<\/p>\n<p>Le travail d&rsquo;analyse maintenant termin\u00e9, Lo\u00efc et L\u00e9opold annoncent chacun leurs objectifs de la journ\u00e9e. Cela se traduit par des envois de mail et des appels pour demander \u00e0 tester des objets, ainsi que l&rsquo;\u00e9criture d&rsquo;une br\u00e8ve et la mise \u00e0 jour de plusieurs comparatifs. Une fois la s\u00e9lection des articles faite, chacun indique ce qu&rsquo;il\u00a0doit faire sur un tableau, afin de garder un \u0153il sur la progression du travail.<\/p>\n<hr \/>\n<p>Le 12 mars \u00e0 13h00<\/p>\n<p>Les \u00e9quipes en r\u00e9union sont de retour pour profiter de la pause d\u00e9jeuner, mis \u00e0 part certains retournant directement travailler \u00e0 leur bureau. Les trois membres du p\u00f4le m\u00e9dia partent eux aussi manger avec les autres.<\/p>\n<hr \/>\n<p>Le 12 mars \u00e0 14h05<\/p>\n<p>La journ\u00e9e prend une tournure diff\u00e9rente des autres jours de la semaine pour le p\u00f4le m\u00e9dia, puisque l&rsquo;heure est \u00e0 l&rsquo;organisation. Tout d&rsquo;abord, c&rsquo;est Ga\u00e9tan Raoul qui part en r\u00e9union avec Yves-Marie Boulvert, l&rsquo;un des co-fondateurs de Publithings. Plut\u00f4t que de s&rsquo;enfermer dans un bureau, ils pr\u00e9f\u00e8rent s&rsquo;installer dans la salle \u00e0 manger, d\u00e9serte \u00e0 cette heure-ci. La discussion tourne\u00a0principalement autour d&rsquo;objetconnecte.com, le m\u00e9dia dont Ga\u00e9tant est le r\u00e9dacteur en chef. Au cours de cette r\u00e9union sont aussi bien abord\u00e9es les am\u00e9liorations \u00e0 apporter au site que les futurs articles importants \u00e0 publier.<\/p>\n<hr \/>\n<p>Le 12 mars \u00e0 16h30<\/p>\n<p>Apr\u00e8s Ga\u00e9tan, c&rsquo;est au tour de Lo\u00efc Bremme de rejoindre Yves-Marie pour une r\u00e9union abordant objetconnecte.net et realite-virtuelle.com. Son d\u00e9roulement est tr\u00e8s similaire \u00e0 celle effectu\u00e9e par son confr\u00e8re, \u00e0 quelques nuances pr\u00e8s. En effet, les deux sites \u00e9tant mis \u00e0 jour par plusieurs journalistes, l&rsquo;organisation est plus compliqu\u00e9e. L&rsquo;utilisation d&rsquo;Asana est alors d\u00e9terminante. Il s&rsquo;agit d&rsquo;un agenda en ligne permettant d&rsquo;attribuer des t\u00e2ches et de les consulter \u00e0 n&rsquo;importe quel moment. C&rsquo;est ainsi que, de son c\u00f4t\u00e9, L\u00e9opold Ma\u00e7on-Dauxerre voit appara\u00eetre au fur et \u00e0 mesure son travail pour la semaine \u00e0 venir, et parfois celle d&rsquo;apr\u00e8s.<\/p>\n<hr \/>\n<p>Le 12 mars \u00e0 18h30<\/p>\n<p>Les r\u00e9unions d&rsquo;organisation de la semaine sont finies et les bureaux commencent \u00e0 se vider. Il s&rsquo;agit aussi de l&rsquo;horaire habituel de publication sur les r\u00e9seaux sociaux. L\u00e9opold et Lo\u00efc s&rsquo;occupent chacun de pr\u00e9parer un article ou une vid\u00e9o sur la page Facebook de realite-virtuelle.com, l&rsquo;un pour le soir m\u00eame, l&rsquo;autre pour le lendemain. C&rsquo;est \u00e9galement le moment pour les deux r\u00e9dacteurs de faire un point ensemble sur les objectifs \u00e0 atteindre cette semaine et sur les articles \u00e0 publier ou \u00e0 mettre \u00e0 jour.<\/p>\n<hr \/>\n<p>Le 12 mars \u00e0 19h30<\/p>\n<p>La journ\u00e9e se termine d\u00e9finitivement avec le d\u00e9part de la derni\u00e8re poss\u00e9dant les cl\u00e9s du b\u00e2timent. Les prochains jours sont organis\u00e9s, mais comme chaque semaine, des surprises viendront sans doute changer le planning parfaitement \u00e9tabli par la r\u00e9daction.<\/p>\n","protected":false},"excerpt":{"rendered":"<p>Le premier jour de la semaine est toujours capital dans un m\u00e9dia. Ceux du groupe Publithings ne font pas exception, et le lundi est synonyme\u00a0 de pr\u00e9paration pour les jours suivants. \u00c0 la mani\u00e8re du Monde lors d\u2019\u00e9v\u00e9nements majeurs, voici donc un compte rendu d&rsquo;une de ces journ\u00e9es si importantes.\u00a0\u00a0 Le 12 mars \u00e0\u00a0 9h30 &hellip; <a href=\"http:\/\/www.efj.press\/leopoldmacondauxerre\/rapport-de-stage\/publithings\/4-compte-rendu-dune-situation-particuliere-lorganisation-de-la-semaine\/\" class=\"more-link\">Continuer la lecture de <span class=\"screen-reader-text\">(4) Compte rendu d&rsquo;une situation particuli\u00e8re : l&rsquo;organisation de la semaine<\/span>  <span class=\"meta-nav\">&rarr;<\/span><\/a><\/p>\n","protected":false},"author":133,"featured_media":275,"parent":191,"menu_order":0,"comment_status":"closed","ping_status":"closed","template":"","meta":{"footnotes":""},"_links":{"self":[{"href":"http:\/\/www.efj.press\/leopoldmacondauxerre\/wp-json\/wp\/v2\/pages\/250"}],"collection":[{"href":"http:\/\/www.efj.press\/leopoldmacondauxerre\/wp-json\/wp\/v2\/pages"}],"about":[{"href":"http:\/\/www.efj.press\/leopoldmacondauxerre\/wp-json\/wp\/v2\/types\/page"}],"author":[{"embeddable":true,"href":"http:\/\/www.efj.press\/leopoldmacondauxerre\/wp-json\/wp\/v2\/users\/133"}],"replies":[{"embeddable":true,"href":"http:\/\/www.efj.press\/leopoldmacondauxerre\/wp-json\/wp\/v2\/comments?post=250"}],"version-history":[{"count":11,"href":"http:\/\/www.efj.press\/leopoldmacondauxerre\/wp-json\/wp\/v2\/pages\/250\/revisions"}],"predecessor-version":[{"id":276,"href":"http:\/\/www.efj.press\/leopoldmacondauxerre\/wp-json\/wp\/v2\/pages\/250\/revisions\/276"}],"up":[{"embeddable":true,"href":"http:\/\/www.efj.press\/leopoldmacondauxerre\/wp-json\/wp\/v2\/pages\/191"}],"wp:featuredmedia":[{"embeddable":true,"href":"http:\/\/www.efj.press\/leopoldmacondauxerre\/wp-json\/wp\/v2\/media\/275"}],"wp:attachment":[{"href":"http:\/\/www.efj.press\/leopoldmacondauxerre\/wp-json\/wp\/v2\/media?parent=250"}],"curies":[{"name":"wp","href":"https:\/\/api.w.org\/{rel}","templated":true}]}}