{"id":233,"date":"2018-04-08T22:21:48","date_gmt":"2018-04-08T21:21:48","guid":{"rendered":"http:\/\/www.efj.press\/leopoldmacondauxerre\/?page_id=233"},"modified":"2018-04-08T22:24:49","modified_gmt":"2018-04-08T21:24:49","slug":"portrait-leopold-macon-dauxerre","status":"publish","type":"page","link":"http:\/\/www.efj.press\/leopoldmacondauxerre\/rapport-de-stage\/publithings\/portrait-leopold-macon-dauxerre\/","title":{"rendered":"(2) L\u00e9opold Ma\u00e7on-Dauxerre, autoportrait d&rsquo;un stagiaire en journalisme"},"content":{"rendered":"<p><em><strong>Apr\u00e8s avoir effectu\u00e9 un premier stage dans un petit site g\u00e9n\u00e9raliste du 94, L\u00e9opold Ma\u00e7on-Dauxerre s&rsquo;est tourn\u00e9 vers un m\u00e9dia sp\u00e9cialis\u00e9. Entre objets connect\u00e9s, r\u00e9alit\u00e9 virtuelle et tests en tout genre, son exp\u00e9rience l&rsquo;a durablement marqu\u00e9.\u00a0<\/strong><\/em><\/p>\n<p>Le monde des objets connect\u00e9s, L\u00e9opold Ma\u00e7on-Dauxerre le connait bien. Avec un p\u00e8re travaillant dans un domaine approchant et un paquet de machines pr\u00e9sentes dans sa maison, le jeune journaliste a l&rsquo;habitude. La r\u00e9alit\u00e9 virtuelle par contre, c&rsquo;est un peu plus abstrait : il a pu la tester une ou deux fois, sans pour autant que l&rsquo;exp\u00e9rience le marque.\u00a0 C&rsquo;est la curiosit\u00e9 qui l&#8217;emporte face \u00e0 ce\u00a0vieux fantasme de science-fiction : il faut qu&rsquo;il en sache plus.\u00a0Alors en d\u00e9cembre 2017, quand il d\u00e9croche son stage au sein des m\u00e9dias du groupe Publithings, il s&rsquo;attend \u00e0 une exp\u00e9rience passionnante. Apr\u00e8s quatre mois, il n&rsquo;a clairement pas \u00e9t\u00e9 d\u00e9\u00e7u.<\/p>\n<h2>De stagiaire \u00e0 journaliste<\/h2>\n<figure id=\"attachment_242\" aria-describedby=\"caption-attachment-242\" style=\"width: 1292px\" class=\"wp-caption aligncenter\"><img loading=\"lazy\" decoding=\"async\" class=\"size-full wp-image-242\" src=\"http:\/\/www.efj.press\/leopoldmacondauxerre\/wp-content\/uploads\/sites\/153\/2018\/04\/r\u00e9daction.jpg\" alt=\"Les bureaux de Publithings \" width=\"1292\" height=\"949\" srcset=\"http:\/\/www.efj.press\/leopoldmacondauxerre\/wp-content\/uploads\/sites\/153\/2018\/04\/r\u00e9daction.jpg 1292w, http:\/\/www.efj.press\/leopoldmacondauxerre\/wp-content\/uploads\/sites\/153\/2018\/04\/r\u00e9daction-300x220.jpg 300w, http:\/\/www.efj.press\/leopoldmacondauxerre\/wp-content\/uploads\/sites\/153\/2018\/04\/r\u00e9daction-768x564.jpg 768w, http:\/\/www.efj.press\/leopoldmacondauxerre\/wp-content\/uploads\/sites\/153\/2018\/04\/r\u00e9daction-1024x752.jpg 1024w\" sizes=\"(max-width: 1292px) 100vw, 1292px\" \/><figcaption id=\"caption-attachment-242\" class=\"wp-caption-text\">Les bureaux de Publithings<\/figcaption><\/figure>\n<p>\u00c0 son arriv\u00e9e, une l\u00e9g\u00e8re surprise attend L\u00e9opold : seuls deux r\u00e9dacteurs sont pr\u00e9sents, alors que quatre sites doivent \u00eatre g\u00e9r\u00e9s. En r\u00e9alit\u00e9, d&rsquo;autres journalistes travaillent r\u00e9guli\u00e8rement pour ces m\u00e9dias, mais pas directement sur place. \u00ab\u00a0Au final, ce n&rsquo;\u00e9tait pas plus mal\u00a0\u00bb, explique-t-il en \u00e9crivant son rapport de stage. \u00ab\u00a0Je me suis tr\u00e8s vite retrouv\u00e9 \u00e0 partir sur le terrain vu qu&rsquo;on \u00e9tait peu nombreux sur Paris. J&rsquo;ai aussi eu la chance d&rsquo;avoir un r\u00e9dac&rsquo; chef conciliant qui me permettait de travailler sur des sujets int\u00e9ressants\u00a0\u00bb.<\/p>\n<p>Et pour cause, les articles n&rsquo;ont pas manqu\u00e9 au cours des quatre mois de stage. Au d\u00e9but, ce sont beaucoup de news qu&rsquo;il a fallu traiter, en plus de quelques productions sponsoris\u00e9es. La journ\u00e9e se r\u00e9sumait alors simplement, comme nous l\u2019explique le jeune journaliste :<br \/>\n\u00ab\u00a0Je commen\u00e7ais la matin\u00e9e en cherchant des sujets int\u00e9ressants, que ce soit pour objetconnecte.net ou realite-virtuelle.com. Soit je les soumettais \u00e0 Lo\u00efc Bremme, mon r\u00e9dacteur en chef, soit il me\u00a0parlait directement d&rsquo;un \u00e9v\u00e9nement sur lequel j&rsquo;\u00e9crivais\u00a0\u00bb.<br \/>\nSi le fond est vari\u00e9, la forme ne change pas pour les productions de L\u00e9opold, toujours \u00e9crites, \u00e0 l\u2019exception d&rsquo;un reportage vid\u00e9o qu&rsquo;il a r\u00e9alis\u00e9 \u00e0 l&rsquo;occasion d&rsquo;un concert film\u00e9 \u00e0 360 degr\u00e9s.<\/p>\n<p>Si le d\u00e9part se fait tranquillement, les choses vont vite s\u2019acc\u00e9l\u00e9rer pour le jeune journaliste. Apr\u00e8s \u00e0 peine plus d&rsquo;une semaine de travail, on lui annonce que ses articles ne seront plus relus avant publication. Une belle marque de confiance, mais aussi une certaine pression sur les \u00e9paules. C&rsquo;est \u00e0 cette m\u00eame p\u00e9riode qu&rsquo;il commence \u00e0 r\u00e9diger des tests d&rsquo;objets et de jeux pour les deux sites. \u00ab\u00a0J&rsquo;ai fait de tout\u00a0\u00bb, explique-t-il. \u00ab\u00a0Des jeux vid\u00e9o en r\u00e9alit\u00e9 virtuelle, un s\u00e8che-cheveux, un thermostat, des cam\u00e9ras&#8230; Ce n&rsquo;\u00e9tait pas forc\u00e9ment amusant, mais toujours stimulant !\u00a0\u00bb. Ainsi, chaque produit est essay\u00e9 m\u00e9ticuleusement,\u00a0afin de ne rien rater dans l&rsquo;article.<\/p>\n<h2>\u00ab\u00a0Des exp\u00e9riences inoubliables\u00a0\u00bb<\/h2>\n<figure id=\"attachment_243\" aria-describedby=\"caption-attachment-243\" style=\"width: 1135px\" class=\"wp-caption aligncenter\"><img loading=\"lazy\" decoding=\"async\" class=\"size-full wp-image-243\" src=\"http:\/\/www.efj.press\/leopoldmacondauxerre\/wp-content\/uploads\/sites\/153\/2018\/04\/test-vr.jpg\" alt=\"Test d'un jeu en r\u00e9alit\u00e9 virtuelle \" width=\"1135\" height=\"840\" srcset=\"http:\/\/www.efj.press\/leopoldmacondauxerre\/wp-content\/uploads\/sites\/153\/2018\/04\/test-vr.jpg 1135w, http:\/\/www.efj.press\/leopoldmacondauxerre\/wp-content\/uploads\/sites\/153\/2018\/04\/test-vr-300x222.jpg 300w, http:\/\/www.efj.press\/leopoldmacondauxerre\/wp-content\/uploads\/sites\/153\/2018\/04\/test-vr-768x568.jpg 768w, http:\/\/www.efj.press\/leopoldmacondauxerre\/wp-content\/uploads\/sites\/153\/2018\/04\/test-vr-1024x758.jpg 1024w\" sizes=\"(max-width: 1135px) 100vw, 1135px\" \/><figcaption id=\"caption-attachment-243\" class=\"wp-caption-text\">Test d&rsquo;un jeu en r\u00e9alit\u00e9 virtuelle<\/figcaption><\/figure>\n<p>Tout au long de son stage, L\u00e9opold Ma\u00e7on-Dauxerre r\u00e9dige donc news et tests \u00e0 un rythme r\u00e9gulier. Ce n&rsquo;est cependant pas le seul travail qu&rsquo;il doit accomplir. Parmi ses rares mauvais souvenirs, il pense notamment aux mises \u00e0 jour de comparatifs de produits ou de certains dossiers. \u00ab\u00a0Dans l&rsquo;id\u00e9e, \u00e7a n&rsquo;aurait pas d\u00fb \u00eatre un probl\u00e8me\u00a0\u00bb, d\u00e9plore-t-il. \u00ab\u00a0Mais cela prenait un temps fou, surtout \u00e0 cause du fait que la forme \u00e9ditoriale de certains papiers avait compl\u00e8tement chang\u00e9 depuis leur parution. Parfois, tout \u00e9tait \u00e0 refaire\u00a0\u00bb. Concernant ses autres petits travaux, il garde en t\u00eate un de community mangement sur Facebook et la gestion de tableaux r\u00e9pertoriant les\u00a0\u00e9l\u00e9ments importants de chaque site. Une opportunit\u00e9 de voir l&rsquo;envers du d\u00e9cor d&rsquo;un m\u00e9dia web qui lui sera bien utile par la suite.<\/p>\n<p>S\u2019il aurait bien voulu \u00e9viter certains de ces travaux, le stagiaire ne laisse\u00a0rien changer la vision positive qu&rsquo;il\u00a0conserve de son exp\u00e9rience. Il garde surtout en t\u00eate les reportages sur le terrain qui lui ont apport\u00e9 beaucoup. Bien loin de ce qui se fait dans des m\u00e9dias plus traditionnels, il a par exemple pu partir \u00e0 Lyon pour tester une salle d\u00e9di\u00e9e \u00e0 la r\u00e9alit\u00e9 virtuelle. Il a \u00e9galement eu la possibilit\u00e9 de faire un tour sur un \u00ab\u00a0bateau volant\u00a0\u00bb naviguant sur la Seine. L&rsquo;occasion d&rsquo;\u00e9crire de longs papiers, mais aussi de faire de belles rencontres. \u00ab\u00a0Je retiendrais ce que j&rsquo;ai v\u00e9cu pendant un bon moment\u00a0\u00bb conclut-il. \u00ab\u00a0Au final, je ne me consid\u00e9rais plus comme un stagiaire, mais comme un journaliste \u00e0 part enti\u00e8re\u00a0\u00bb.<\/p>\n<p>&nbsp;<\/p>\n","protected":false},"excerpt":{"rendered":"<p>Apr\u00e8s avoir effectu\u00e9 un premier stage dans un petit site g\u00e9n\u00e9raliste du 94, L\u00e9opold Ma\u00e7on-Dauxerre s&rsquo;est tourn\u00e9 vers un m\u00e9dia sp\u00e9cialis\u00e9. Entre objets connect\u00e9s, r\u00e9alit\u00e9 virtuelle et tests en tout genre, son exp\u00e9rience l&rsquo;a durablement marqu\u00e9.\u00a0 Le monde des objets connect\u00e9s, L\u00e9opold Ma\u00e7on-Dauxerre le connait bien. Avec un p\u00e8re travaillant dans un domaine approchant et &hellip; <a href=\"http:\/\/www.efj.press\/leopoldmacondauxerre\/rapport-de-stage\/publithings\/portrait-leopold-macon-dauxerre\/\" class=\"more-link\">Continuer la lecture de <span class=\"screen-reader-text\">(2) L\u00e9opold Ma\u00e7on-Dauxerre, autoportrait d&rsquo;un stagiaire en journalisme<\/span>  <span class=\"meta-nav\">&rarr;<\/span><\/a><\/p>\n","protected":false},"author":133,"featured_media":245,"parent":191,"menu_order":0,"comment_status":"closed","ping_status":"closed","template":"","meta":{"footnotes":""},"_links":{"self":[{"href":"http:\/\/www.efj.press\/leopoldmacondauxerre\/wp-json\/wp\/v2\/pages\/233"}],"collection":[{"href":"http:\/\/www.efj.press\/leopoldmacondauxerre\/wp-json\/wp\/v2\/pages"}],"about":[{"href":"http:\/\/www.efj.press\/leopoldmacondauxerre\/wp-json\/wp\/v2\/types\/page"}],"author":[{"embeddable":true,"href":"http:\/\/www.efj.press\/leopoldmacondauxerre\/wp-json\/wp\/v2\/users\/133"}],"replies":[{"embeddable":true,"href":"http:\/\/www.efj.press\/leopoldmacondauxerre\/wp-json\/wp\/v2\/comments?post=233"}],"version-history":[{"count":11,"href":"http:\/\/www.efj.press\/leopoldmacondauxerre\/wp-json\/wp\/v2\/pages\/233\/revisions"}],"predecessor-version":[{"id":249,"href":"http:\/\/www.efj.press\/leopoldmacondauxerre\/wp-json\/wp\/v2\/pages\/233\/revisions\/249"}],"up":[{"embeddable":true,"href":"http:\/\/www.efj.press\/leopoldmacondauxerre\/wp-json\/wp\/v2\/pages\/191"}],"wp:featuredmedia":[{"embeddable":true,"href":"http:\/\/www.efj.press\/leopoldmacondauxerre\/wp-json\/wp\/v2\/media\/245"}],"wp:attachment":[{"href":"http:\/\/www.efj.press\/leopoldmacondauxerre\/wp-json\/wp\/v2\/media?parent=233"}],"curies":[{"name":"wp","href":"https:\/\/api.w.org\/{rel}","templated":true}]}}