{"id":116,"date":"2016-11-30T15:13:14","date_gmt":"2016-11-30T14:13:14","guid":{"rendered":"http:\/\/www.efj.press\/leopoldmacondauxerre\/?page_id=116"},"modified":"2016-12-08T22:45:44","modified_gmt":"2016-12-08T21:45:44","slug":"curriculum-vitae","status":"publish","type":"page","link":"http:\/\/www.efj.press\/leopoldmacondauxerre\/page-d-exemple\/curriculum-vitae\/","title":{"rendered":"Curriculum Vitae"},"content":{"rendered":"<h1 style=\"text-align: center\">L\u00e9opold Ma\u00e7on-Dauxerre<\/h1>\n<ul>\n<li>3 avenue de l&rsquo;Union<\/li>\n<li>92600 Asni\u00e8res sur Seine<\/li>\n<li style=\"text-align: left\">T\u00e9l\u00e9phone : 0651698475<\/li>\n<li style=\"text-align: left\">Mail : l.m-d@hotmail.fr<\/li>\n<li style=\"text-align: left\">Date de naissance : 07\/06\/1998<\/li>\n<\/ul>\n<h2 style=\"text-align: center\">Formation<\/h2>\n<p>2016\/2017 : EFJ Paris (1\u00e8re ann\u00e9e)<\/p>\n<p>2013 &#8211; 2016 : Lyc\u00e9e MONTALEMBERT\u00a0(Courbevoie) &#8211; Baccalaur\u00e9at Litt\u00e9raire mention Bien<\/p>\n<p>2013 : Stage d&rsquo;observation de 3\u00e8me effectu\u00e9 au sein de la cha\u00eene GAME ONE<\/p>\n<h2 style=\"text-align: center\">Comp\u00e9tences<\/h2>\n<ul>\n<li>Langue vivante 1 : Anglais (tr\u00e8s bon\/C1)<\/li>\n<li>Langue vivante 2 : Espagnol (scolaire\/B1)<\/li>\n<\/ul>\n<p>Formation journalistique (bases r\u00e9dactionnelles)<\/p>\n<p>Mobile Journalisme (MoJo)<\/p>\n<p>Sony Vegas \/ Final Cut \/ Word Press \/ Code HTML<\/p>\n<p>&nbsp;<\/p>\n<h2 style=\"text-align: center\">Centres d&rsquo;int\u00e9r\u00eat<\/h2>\n<p>Jeu vid\u00e9o<\/p>\n<p>Cin\u00e9ma<\/p>\n<p>Ecriture et litt\u00e9rature (classique et fantasy en particulier)<\/p>\n<p>Actualit\u00e9 num\u00e9rique<\/p>\n<p>Basketball<\/p>\n","protected":false},"excerpt":{"rendered":"<p>L\u00e9opold Ma\u00e7on-Dauxerre 3 avenue de l&rsquo;Union 92600 Asni\u00e8res sur Seine T\u00e9l\u00e9phone : 0651698475 Mail : l.m-d@hotmail.fr Date de naissance : 07\/06\/1998 Formation 2016\/2017 : EFJ Paris (1\u00e8re ann\u00e9e) 2013 &#8211; 2016 : Lyc\u00e9e MONTALEMBERT\u00a0(Courbevoie) &#8211; Baccalaur\u00e9at Litt\u00e9raire mention Bien 2013 : Stage d&rsquo;observation de 3\u00e8me effectu\u00e9 au sein de la cha\u00eene GAME ONE Comp\u00e9tences Langue &hellip; <a href=\"http:\/\/www.efj.press\/leopoldmacondauxerre\/page-d-exemple\/curriculum-vitae\/\" class=\"more-link\">Continuer la lecture de <span class=\"screen-reader-text\">Curriculum Vitae<\/span>  <span class=\"meta-nav\">&rarr;<\/span><\/a><\/p>\n","protected":false},"author":133,"featured_media":0,"parent":2,"menu_order":0,"comment_status":"closed","ping_status":"closed","template":"","meta":{"footnotes":""},"_links":{"self":[{"href":"http:\/\/www.efj.press\/leopoldmacondauxerre\/wp-json\/wp\/v2\/pages\/116"}],"collection":[{"href":"http:\/\/www.efj.press\/leopoldmacondauxerre\/wp-json\/wp\/v2\/pages"}],"about":[{"href":"http:\/\/www.efj.press\/leopoldmacondauxerre\/wp-json\/wp\/v2\/types\/page"}],"author":[{"embeddable":true,"href":"http:\/\/www.efj.press\/leopoldmacondauxerre\/wp-json\/wp\/v2\/users\/133"}],"replies":[{"embeddable":true,"href":"http:\/\/www.efj.press\/leopoldmacondauxerre\/wp-json\/wp\/v2\/comments?post=116"}],"version-history":[{"count":6,"href":"http:\/\/www.efj.press\/leopoldmacondauxerre\/wp-json\/wp\/v2\/pages\/116\/revisions"}],"predecessor-version":[{"id":146,"href":"http:\/\/www.efj.press\/leopoldmacondauxerre\/wp-json\/wp\/v2\/pages\/116\/revisions\/146"}],"up":[{"embeddable":true,"href":"http:\/\/www.efj.press\/leopoldmacondauxerre\/wp-json\/wp\/v2\/pages\/2"}],"wp:attachment":[{"href":"http:\/\/www.efj.press\/leopoldmacondauxerre\/wp-json\/wp\/v2\/media?parent=116"}],"curies":[{"name":"wp","href":"https:\/\/api.w.org\/{rel}","templated":true}]}}