{"id":26,"date":"2015-10-19T14:34:14","date_gmt":"2015-10-19T13:34:14","guid":{"rendered":"http:\/\/www.efj.press\/laurieplanes\/?page_id=26"},"modified":"2016-01-24T23:18:34","modified_gmt":"2016-01-24T22:18:34","slug":"a-propos","status":"publish","type":"page","link":"http:\/\/www.efj.press\/laurieplanes\/a-propos\/","title":{"rendered":"A propos"},"content":{"rendered":"<h1 style=\"text-align: center;\"><span style=\"color: #993366;\">Laurie Planes<\/span><\/h1>\n<h1><\/h1>\n<p><a href=\"http:\/\/www.efj.press\/laurieplanes\/wp-content\/uploads\/sites\/22\/2015\/12\/IMG_0412.jpg\"><img loading=\"lazy\" decoding=\"async\" class=\"size-medium wp-image-82 aligncenter\" src=\"http:\/\/www.efj.press\/laurieplanes\/wp-content\/uploads\/sites\/22\/2015\/12\/IMG_0412-179x300.jpg\" alt=\"IMG_0412\" width=\"179\" height=\"300\" srcset=\"http:\/\/www.efj.press\/laurieplanes\/wp-content\/uploads\/sites\/22\/2015\/12\/IMG_0412-179x300.jpg 179w, http:\/\/www.efj.press\/laurieplanes\/wp-content\/uploads\/sites\/22\/2015\/12\/IMG_0412-611x1024.jpg 611w, http:\/\/www.efj.press\/laurieplanes\/wp-content\/uploads\/sites\/22\/2015\/12\/IMG_0412.jpg 1028w\" sizes=\"(max-width: 179px) 100vw, 179px\" \/><\/a><\/p>\n<p>&nbsp;<\/p>\n<h3 style=\"text-align: center;\"><strong>Etudiante en 3\u00e8me ann\u00e9e \u00e0 l<span style=\"color: #ff99cc;\"><a style=\"color: #ff99cc;\" href=\"http:\/\/www.efj.fr\" target=\"_blank\">&lsquo;EFJ<\/a><\/span>.\u00a0<\/strong><\/h3>\n<h3 style=\"text-align: center;\"><strong>Responsable \u00e9ditoriale, rubrique Lifestyle, chez<span style=\"color: #ff99cc;\"><a style=\"color: #ff99cc;\" href=\"http:\/\/www.leseclaireuses.com\" target=\"_blank\"> Les Eclaireuses<\/a><\/span>.\u00a0<\/strong><\/h3>\n<p>&nbsp;<\/p>\n<figure id=\"attachment_221\" aria-describedby=\"caption-attachment-221\" style=\"width: 166px\" class=\"wp-caption aligncenter\"><a href=\"http:\/\/www.efj.press\/laurieplanes\/wp-content\/uploads\/sites\/22\/2015\/10\/Capture-d\u2019\u00e9cran-2015-12-02-\u00e0-15.58.21.png\"><img loading=\"lazy\" decoding=\"async\" class=\"size-medium wp-image-221\" src=\"http:\/\/www.efj.press\/laurieplanes\/wp-content\/uploads\/sites\/22\/2015\/10\/Capture-d\u2019\u00e9cran-2015-12-02-\u00e0-15.58.21-166x300.png\" alt=\"Source : LesEclaireuses.com\" width=\"166\" height=\"300\" srcset=\"http:\/\/www.efj.press\/laurieplanes\/wp-content\/uploads\/sites\/22\/2015\/10\/Capture-d\u2019\u00e9cran-2015-12-02-\u00e0-15.58.21-166x300.png 166w, http:\/\/www.efj.press\/laurieplanes\/wp-content\/uploads\/sites\/22\/2015\/10\/Capture-d\u2019\u00e9cran-2015-12-02-\u00e0-15.58.21.png 542w\" sizes=\"(max-width: 166px) 100vw, 166px\" \/><\/a><figcaption id=\"caption-attachment-221\" class=\"wp-caption-text\">Source : LesEclaireuses.com<\/figcaption><\/figure>\n<p style=\"text-align: center;\"><span style=\"color: #ffffff;\">.<\/span><\/p>\n<p style=\"text-align: center;\"><span style=\"color: #ffffff;\">.<\/span><\/p>\n<p style=\"text-align: center;\"><strong><span style=\"color: #ff99cc;\"><a style=\"color: #ff99cc;\" href=\"http:\/\/www.efj.press\/laurieplanes\/wp-content\/uploads\/sites\/22\/2015\/10\/CV-D\u00e9cembre-2015.pdf\" target=\"_blank\">Mon CV<\/a><\/span><\/strong><\/p>\n<p style=\"text-align: center;\"><span style=\"text-decoration: underline;\">Grande enqu\u00eate: Presse \u00e9crite \/ web<\/span><\/p>\n<p style=\"text-align: center;\">Passionn\u00e9e par la mode, le lifestyle, la musique et tout ce qui se rapproche du cin\u00e9ma et de la t\u00e9l\u00e9vision.<\/p>\n<p style=\"text-align: center;\">Parisienne\u00a0depuis deux ans, originaire de Perpignan.<\/p>\n<h3 style=\"text-align: center;\"><span style=\"text-decoration: underline; color: #993366;\">Pour me contacter :<\/span><\/h3>\n<p style=\"text-align: center;\">Laurieplanes@hotmail.com<\/p>\n<p style=\"text-align: center;\"><strong><span style=\"color: #ff99cc;\"><a style=\"color: #ff99cc;\" href=\"https:\/\/twitter.com\/laurie_planes\" target=\"_blank\">Twitter\u00a0<\/a><\/span><\/strong><\/p>\n<p style=\"text-align: center;\"><strong><a href=\"https:\/\/www.linkedin.com\/profile\/view?id=AAMAABcfceoBsbJwrs6gaBBQRLc__7aLv8ByQAc&amp;trk=hp-identity-photo\" target=\"_blank\"><span style=\"color: #ff99cc;\">Linkedin<\/span>\u00a0<\/a><\/strong><\/p>\n","protected":false},"excerpt":{"rendered":"<p>Laurie Planes &nbsp; Etudiante en 3\u00e8me ann\u00e9e \u00e0 l&lsquo;EFJ.\u00a0 Responsable \u00e9ditoriale, rubrique Lifestyle, chez Les Eclaireuses.\u00a0 &nbsp; . . Mon CV Grande enqu\u00eate: Presse \u00e9crite \/ web Passionn\u00e9e par la mode, le lifestyle, la musique et tout ce qui se rapproche du cin\u00e9ma et de la t\u00e9l\u00e9vision. Parisienne\u00a0depuis deux ans, originaire de Perpignan. Pour me &hellip; <a href=\"http:\/\/www.efj.press\/laurieplanes\/a-propos\/\" class=\"more-link\">Continuer la lecture de <span class=\"screen-reader-text\">A propos<\/span>  <span class=\"meta-nav\">&rarr;<\/span><\/a><\/p>\n","protected":false},"author":24,"featured_media":0,"parent":0,"menu_order":2,"comment_status":"closed","ping_status":"closed","template":"","meta":{"footnotes":""},"_links":{"self":[{"href":"http:\/\/www.efj.press\/laurieplanes\/wp-json\/wp\/v2\/pages\/26"}],"collection":[{"href":"http:\/\/www.efj.press\/laurieplanes\/wp-json\/wp\/v2\/pages"}],"about":[{"href":"http:\/\/www.efj.press\/laurieplanes\/wp-json\/wp\/v2\/types\/page"}],"author":[{"embeddable":true,"href":"http:\/\/www.efj.press\/laurieplanes\/wp-json\/wp\/v2\/users\/24"}],"replies":[{"embeddable":true,"href":"http:\/\/www.efj.press\/laurieplanes\/wp-json\/wp\/v2\/comments?post=26"}],"version-history":[{"count":15,"href":"http:\/\/www.efj.press\/laurieplanes\/wp-json\/wp\/v2\/pages\/26\/revisions"}],"predecessor-version":[{"id":224,"href":"http:\/\/www.efj.press\/laurieplanes\/wp-json\/wp\/v2\/pages\/26\/revisions\/224"}],"wp:attachment":[{"href":"http:\/\/www.efj.press\/laurieplanes\/wp-json\/wp\/v2\/media?parent=26"}],"curies":[{"name":"wp","href":"https:\/\/api.w.org\/{rel}","templated":true}]}}