{"id":151,"date":"2015-12-01T17:11:13","date_gmt":"2015-12-01T16:11:13","guid":{"rendered":"http:\/\/www.efj.press\/laurieplanes\/?page_id=151"},"modified":"2015-12-10T14:21:44","modified_gmt":"2015-12-10T13:21:44","slug":"bienvenue","status":"publish","type":"page","link":"http:\/\/www.efj.press\/laurieplanes\/","title":{"rendered":"BIENVENUE"},"content":{"rendered":"<p style=\"text-align: center;\">Vous voici d\u00e9sormais sur la page personnelle d&rsquo;une \u00e9tudiante en 3\u00e8me ann\u00e9e \u00e0 l&rsquo;Ecole Fran\u00e7aise de Journalisme.<\/p>\n<p style=\"text-align: center;\">Vous y trouvez mon travail de fin d&rsquo;\u00e9tude : <span style=\"color: #ff99cc;\"><strong><a style=\"color: #ff99cc;\" href=\"http:\/\/www.efj.press\/laurieplanes\/ma-grande-enquete\/\" target=\"_blank\">ma Grande Enqu\u00eate<\/a><\/strong><\/span>. Ainsi que quelques articles class\u00e9s par th\u00e8mes.<\/p>\n<p style=\"text-align: center;\">N&rsquo;h\u00e9sitez pas \u00e0 jeter un coup d&rsquo;oeil dans la rubrique \u00ab\u00a0<a href=\"http:\/\/www.efj.press\/laurieplanes\/a-propos\/\" target=\"_blank\"><strong><span style=\"color: #ff99cc;\">A propos<\/span><\/strong><\/a>\u00a0\u00bb\u00a0pour en savoir un peu plus sur moi.<\/p>\n<p style=\"text-align: center;\"><strong>Laurie P.<\/strong><\/p>\n","protected":false},"excerpt":{"rendered":"<p>Vous voici d\u00e9sormais sur la page personnelle d&rsquo;une \u00e9tudiante en 3\u00e8me ann\u00e9e \u00e0 l&rsquo;Ecole Fran\u00e7aise de Journalisme. Vous y trouvez mon travail de fin d&rsquo;\u00e9tude : ma Grande Enqu\u00eate. Ainsi que quelques articles class\u00e9s par th\u00e8mes. N&rsquo;h\u00e9sitez pas \u00e0 jeter un coup d&rsquo;oeil dans la rubrique \u00ab\u00a0A propos\u00a0\u00bb\u00a0pour en savoir un peu plus sur moi. &hellip; <a href=\"http:\/\/www.efj.press\/laurieplanes\/\" class=\"more-link\">Continuer la lecture de <span class=\"screen-reader-text\">BIENVENUE<\/span>  <span class=\"meta-nav\">&rarr;<\/span><\/a><\/p>\n","protected":false},"author":24,"featured_media":0,"parent":0,"menu_order":3,"comment_status":"closed","ping_status":"closed","template":"","meta":{"footnotes":""},"_links":{"self":[{"href":"http:\/\/www.efj.press\/laurieplanes\/wp-json\/wp\/v2\/pages\/151"}],"collection":[{"href":"http:\/\/www.efj.press\/laurieplanes\/wp-json\/wp\/v2\/pages"}],"about":[{"href":"http:\/\/www.efj.press\/laurieplanes\/wp-json\/wp\/v2\/types\/page"}],"author":[{"embeddable":true,"href":"http:\/\/www.efj.press\/laurieplanes\/wp-json\/wp\/v2\/users\/24"}],"replies":[{"embeddable":true,"href":"http:\/\/www.efj.press\/laurieplanes\/wp-json\/wp\/v2\/comments?post=151"}],"version-history":[{"count":4,"href":"http:\/\/www.efj.press\/laurieplanes\/wp-json\/wp\/v2\/pages\/151\/revisions"}],"predecessor-version":[{"id":244,"href":"http:\/\/www.efj.press\/laurieplanes\/wp-json\/wp\/v2\/pages\/151\/revisions\/244"}],"wp:attachment":[{"href":"http:\/\/www.efj.press\/laurieplanes\/wp-json\/wp\/v2\/media?parent=151"}],"curies":[{"name":"wp","href":"https:\/\/api.w.org\/{rel}","templated":true}]}}