{"id":24,"date":"2017-03-15T11:15:50","date_gmt":"2017-03-15T10:15:50","guid":{"rendered":"http:\/\/www.efj.press\/journalisme\/?page_id=24"},"modified":"2017-03-15T11:16:37","modified_gmt":"2017-03-15T10:16:37","slug":"acceuil","status":"publish","type":"page","link":"http:\/\/www.efj.press\/journalisme\/","title":{"rendered":"Accueil"},"content":{"rendered":"<p>Bienvenue chers visiteurs,<\/p>\n<p>vous allez entrer en immersion aux assises du journalisme 2017.<\/p>\n<p>Les \u00e9tudiants de 1\u00e8re ann\u00e9e de Paris et Bordeaux, vous font vivre les assises en temps r\u00e9el. Interview et r\u00e9sum\u00e9 des conf\u00e9rences\/d\u00e9bat\/atelier sont au rendez-vous.<\/p>\n<p>Bonne visite<\/p>\n","protected":false},"excerpt":{"rendered":"<p>Bienvenue chers visiteurs, vous allez entrer en immersion aux assises du journalisme 2017. Les \u00e9tudiants de 1\u00e8re ann\u00e9e de Paris et Bordeaux, vous font vivre les assises en temps r\u00e9el. Interview et r\u00e9sum\u00e9 des conf\u00e9rences\/d\u00e9bat\/atelier sont au rendez-vous. Bonne visite<\/p>\n","protected":false},"author":144,"featured_media":0,"parent":0,"menu_order":0,"comment_status":"closed","ping_status":"closed","template":"","meta":{"footnotes":""},"_links":{"self":[{"href":"http:\/\/www.efj.press\/journalisme\/wp-json\/wp\/v2\/pages\/24"}],"collection":[{"href":"http:\/\/www.efj.press\/journalisme\/wp-json\/wp\/v2\/pages"}],"about":[{"href":"http:\/\/www.efj.press\/journalisme\/wp-json\/wp\/v2\/types\/page"}],"author":[{"embeddable":true,"href":"http:\/\/www.efj.press\/journalisme\/wp-json\/wp\/v2\/users\/144"}],"replies":[{"embeddable":true,"href":"http:\/\/www.efj.press\/journalisme\/wp-json\/wp\/v2\/comments?post=24"}],"version-history":[{"count":2,"href":"http:\/\/www.efj.press\/journalisme\/wp-json\/wp\/v2\/pages\/24\/revisions"}],"predecessor-version":[{"id":27,"href":"http:\/\/www.efj.press\/journalisme\/wp-json\/wp\/v2\/pages\/24\/revisions\/27"}],"wp:attachment":[{"href":"http:\/\/www.efj.press\/journalisme\/wp-json\/wp\/v2\/media?parent=24"}],"curies":[{"name":"wp","href":"https:\/\/api.w.org\/{rel}","templated":true}]}}