{"id":49,"date":"2016-11-16T16:27:12","date_gmt":"2016-11-16T15:27:12","guid":{"rendered":"http:\/\/www.efj.press\/jessicamohammedi\/?page_id=49"},"modified":"2016-11-30T14:44:18","modified_gmt":"2016-11-30T13:44:18","slug":"videos-mojo","status":"publish","type":"page","link":"http:\/\/www.efj.press\/jessicamohammedi\/travaux\/videos-mojo\/","title":{"rendered":"Vid\u00e9o Mojo"},"content":{"rendered":"<p>Voici ma premi\u00e8re vid\u00e9o dans le cadre du cours de MOJO (mobile journalisme) film\u00e9e et mont\u00e9e avec Camille Carrara.<\/p>\n<p><iframe loading=\"lazy\" width=\"474\" height=\"267\" src=\"https:\/\/www.youtube.com\/embed\/KJ7B-K9fJIg?feature=oembed\" frameborder=\"0\" allowfullscreen><\/iframe><\/p>\n<p>Film\u00e9 avec un iPhone 4s \u00a0 \u00a0 \u00a0 \u00a0 \u00a0 \u00a0 \u00a0 \u00a0 \u00a0 \u00a0 \u00a0 \u00a0 \u00a0 \u00a0 \u00a0 \u00a0 \u00a0 \u00a0 \u00a0 \u00a0 \u00a0 \u00a0 \u00a0 \u00a0 \u00a0 \u00a0 \u00a0 \u00a0 \u00a0 \u00a0 \u00a0 \u00a0 \u00a0 \u00a0 \u00a0 \u00a0 \u00a0 \u00a0 \u00a0 \u00a0 \u00a0 \u00a0 \u00a0 \u00a0 \u00a0 \u00a0 \u00a0 \u00a0 \u00a0 Mont\u00e9 avec Quik<\/p>\n<p>Contacts Camille:<br \/>\nTwitter : <a class=\" yt-uix-servicelink \" href=\"https:\/\/twitter.com\/camille_carrara\" target=\"_blank\" rel=\"nofollow\">https:\/\/twitter.com\/camille_carrara<\/a><br \/>\nChaine youtube : <a class=\" yt-uix-sessionlink \" href=\"https:\/\/www.youtube.com\/channel\/UCHjK\">https:\/\/www.youtube.com\/channel\/UCHjK<\/a>&#8230;<br \/>\nM\u00e9dium : <a class=\" yt-uix-servicelink \" href=\"https:\/\/medium.com\/@camille.carrara.efj\" target=\"_blank\" rel=\"nofollow\">https:\/\/medium.com\/@camille.carrara.efj<\/a><br \/>\nSoundCloud : <a class=\" yt-uix-servicelink \" href=\"https:\/\/soundcloud.com\/camille-carrara\" target=\"_blank\" rel=\"nofollow\">https:\/\/soundcloud.com\/camille-carrara<\/a><br \/>\nAdresse mail pro : camille.carrara.efj@gmail.com<br \/>\nFacebook : <a class=\" yt-uix-servicelink \" href=\"https:\/\/www.facebook.com\/Camillecarrara\" target=\"_blank\" rel=\"nofollow\">https:\/\/www.facebook.com\/Camillecarrara<\/a><\/p>\n","protected":false},"excerpt":{"rendered":"<p>Voici ma premi\u00e8re vid\u00e9o dans le cadre du cours de MOJO (mobile journalisme) film\u00e9e et mont\u00e9e avec Camille Carrara. Film\u00e9 avec un iPhone 4s \u00a0 \u00a0 \u00a0 \u00a0 \u00a0 \u00a0 \u00a0 \u00a0 \u00a0 \u00a0 \u00a0 \u00a0 \u00a0 \u00a0 \u00a0 \u00a0 \u00a0 \u00a0 \u00a0 \u00a0 \u00a0 \u00a0 \u00a0 \u00a0 \u00a0 \u00a0 \u00a0 \u00a0 \u00a0 \u00a0 \u00a0 &hellip; <a href=\"http:\/\/www.efj.press\/jessicamohammedi\/travaux\/videos-mojo\/\" class=\"more-link\">Continuer la lecture de <span class=\"screen-reader-text\">Vid\u00e9o Mojo<\/span>  <span class=\"meta-nav\">&rarr;<\/span><\/a><\/p>\n","protected":false},"author":134,"featured_media":0,"parent":24,"menu_order":0,"comment_status":"closed","ping_status":"closed","template":"","meta":{"footnotes":""},"_links":{"self":[{"href":"http:\/\/www.efj.press\/jessicamohammedi\/wp-json\/wp\/v2\/pages\/49"}],"collection":[{"href":"http:\/\/www.efj.press\/jessicamohammedi\/wp-json\/wp\/v2\/pages"}],"about":[{"href":"http:\/\/www.efj.press\/jessicamohammedi\/wp-json\/wp\/v2\/types\/page"}],"author":[{"embeddable":true,"href":"http:\/\/www.efj.press\/jessicamohammedi\/wp-json\/wp\/v2\/users\/134"}],"replies":[{"embeddable":true,"href":"http:\/\/www.efj.press\/jessicamohammedi\/wp-json\/wp\/v2\/comments?post=49"}],"version-history":[{"count":3,"href":"http:\/\/www.efj.press\/jessicamohammedi\/wp-json\/wp\/v2\/pages\/49\/revisions"}],"predecessor-version":[{"id":84,"href":"http:\/\/www.efj.press\/jessicamohammedi\/wp-json\/wp\/v2\/pages\/49\/revisions\/84"}],"up":[{"embeddable":true,"href":"http:\/\/www.efj.press\/jessicamohammedi\/wp-json\/wp\/v2\/pages\/24"}],"wp:attachment":[{"href":"http:\/\/www.efj.press\/jessicamohammedi\/wp-json\/wp\/v2\/media?parent=49"}],"curies":[{"name":"wp","href":"https:\/\/api.w.org\/{rel}","templated":true}]}}