{"id":34,"date":"2016-11-16T15:36:49","date_gmt":"2016-11-16T14:36:49","guid":{"rendered":"http:\/\/www.efj.press\/jessicamohammedi\/?page_id=34"},"modified":"2017-11-01T20:59:27","modified_gmt":"2017-11-01T19:59:27","slug":"accueil","status":"publish","type":"page","link":"http:\/\/www.efj.press\/jessicamohammedi\/","title":{"rendered":"Accueil"},"content":{"rendered":"<p>Bonjour \u00e0 tous, bienvenue sur mon blog!<\/p>\n<p style=\"text-align: left\">Je m&rsquo;appelle Jessica Mohammedi, je suis actuellement en\u00a0deuxi\u00e8me ann\u00e9e \u00e0 l&rsquo;<em>EFJ<\/em> (\u00e9cole de journalisme) \u00e0 Levallois Peret. Avant cela, j&rsquo;ai obtenu un BAC Litt\u00e9raire et j&rsquo;ai int\u00e9gr\u00e9 l&rsquo;EFJ afin de devenir journaliste plurim\u00e9dia (investigation, r\u00e9daction, MOJO, ) \u00e0 l&rsquo;international, notamment pour d\u00e9couvrir de nouvelles personnes et \u00e9changer avec des professionnels du journalisme.<\/p>\n<p style=\"text-align: left\">Sur ce blog vous pouvez trouver mes travaux r\u00e9alis\u00e9s en cours ainsi que mes articles. Pour plus d&rsquo;informations, je vous invite \u00e0 consulter mon <a href=\"http:\/\/www.efj.press\/jessicamohammedi\/wp-content\/uploads\/sites\/154\/2016\/11\/cv-jess-id.pdf\">CV<\/a>.<\/p>\n<p><span style=\"font-weight: 400\">Vous pouvez me contacter via ces diff\u00e9rents r\u00e9seaux sociaux.<\/span><\/p>\n<p><a href=\"https:\/\/twitter.com\/jessica_mhmd\"><img loading=\"lazy\" decoding=\"async\" class=\"alignnone wp-image-42\" src=\"http:\/\/www.efj.press\/jessicamohammedi\/wp-content\/uploads\/sites\/154\/2016\/11\/Twitter_Bird.svg_-300x244.png\" alt=\"twitter_bird-svg\" width=\"85\" height=\"69\" srcset=\"http:\/\/www.efj.press\/jessicamohammedi\/wp-content\/uploads\/sites\/154\/2016\/11\/Twitter_Bird.svg_-300x244.png 300w, http:\/\/www.efj.press\/jessicamohammedi\/wp-content\/uploads\/sites\/154\/2016\/11\/Twitter_Bird.svg_-768x625.png 768w, http:\/\/www.efj.press\/jessicamohammedi\/wp-content\/uploads\/sites\/154\/2016\/11\/Twitter_Bird.svg_-1024x833.png 1024w, http:\/\/www.efj.press\/jessicamohammedi\/wp-content\/uploads\/sites\/154\/2016\/11\/Twitter_Bird.svg_.png 1259w\" sizes=\"(max-width: 85px) 100vw, 85px\" \/>\u00a0 \u00a0 \u00a0\u00a0<\/a><a href=\"https:\/\/medium.com\/@jessica.mohammedi.efj\"><img loading=\"lazy\" decoding=\"async\" class=\"alignnone wp-image-43\" src=\"http:\/\/www.efj.press\/jessicamohammedi\/wp-content\/uploads\/sites\/154\/2016\/11\/1-QnlI8nTg-t9G3pLrxbX9-w-300x277.png\" alt=\"1-qnli8ntg-t9g3plrxbx9-w\" width=\"81\" height=\"74\" srcset=\"http:\/\/www.efj.press\/jessicamohammedi\/wp-content\/uploads\/sites\/154\/2016\/11\/1-QnlI8nTg-t9G3pLrxbX9-w-300x277.png 300w, http:\/\/www.efj.press\/jessicamohammedi\/wp-content\/uploads\/sites\/154\/2016\/11\/1-QnlI8nTg-t9G3pLrxbX9-w.png 400w\" sizes=\"(max-width: 81px) 100vw, 81px\" \/>\u00a0 \u00a0 \u00a0\u00a0<\/a><a href=\"https:\/\/www.youtube.com\/channel\/UCh_HlR5z-YdXoS5EX8io3rQ\"><img loading=\"lazy\" decoding=\"async\" class=\"alignnone wp-image-44\" src=\"http:\/\/www.efj.press\/jessicamohammedi\/wp-content\/uploads\/sites\/154\/2016\/11\/linkedin-logo-3-300x265.png\" alt=\"linkedin-logo-3\" width=\"79\" height=\"70\" srcset=\"http:\/\/www.efj.press\/jessicamohammedi\/wp-content\/uploads\/sites\/154\/2016\/11\/linkedin-logo-3-300x265.png 300w, http:\/\/www.efj.press\/jessicamohammedi\/wp-content\/uploads\/sites\/154\/2016\/11\/linkedin-logo-3-768x679.png 768w, http:\/\/www.efj.press\/jessicamohammedi\/wp-content\/uploads\/sites\/154\/2016\/11\/linkedin-logo-3.png 800w\" sizes=\"(max-width: 79px) 100vw, 79px\" \/>\u00a0 \u00a0 <img loading=\"lazy\" decoding=\"async\" class=\"alignnone wp-image-45\" src=\"http:\/\/www.efj.press\/jessicamohammedi\/wp-content\/uploads\/sites\/154\/2016\/11\/YouTube-icon-full_color-300x211.png\" alt=\"youtube-icon-full_color\" width=\"85\" height=\"60\" srcset=\"http:\/\/www.efj.press\/jessicamohammedi\/wp-content\/uploads\/sites\/154\/2016\/11\/YouTube-icon-full_color-300x211.png 300w, http:\/\/www.efj.press\/jessicamohammedi\/wp-content\/uploads\/sites\/154\/2016\/11\/YouTube-icon-full_color-768x541.png 768w, http:\/\/www.efj.press\/jessicamohammedi\/wp-content\/uploads\/sites\/154\/2016\/11\/YouTube-icon-full_color.png 1024w\" sizes=\"(max-width: 85px) 100vw, 85px\" \/><\/a><\/p>\n<p><span style=\"font-weight: 400\">\u00a0<\/span><\/p>\n<p>&nbsp;<\/p>\n<p>&nbsp;<\/p>\n<p>&nbsp;<\/p>\n","protected":false},"excerpt":{"rendered":"<p>Bonjour \u00e0 tous, bienvenue sur mon blog! Je m&rsquo;appelle Jessica Mohammedi, je suis actuellement en\u00a0deuxi\u00e8me ann\u00e9e \u00e0 l&rsquo;EFJ (\u00e9cole de journalisme) \u00e0 Levallois Peret. Avant cela, j&rsquo;ai obtenu un BAC Litt\u00e9raire et j&rsquo;ai int\u00e9gr\u00e9 l&rsquo;EFJ afin de devenir journaliste plurim\u00e9dia (investigation, r\u00e9daction, MOJO, ) \u00e0 l&rsquo;international, notamment pour d\u00e9couvrir de nouvelles personnes et \u00e9changer avec &hellip; <a href=\"http:\/\/www.efj.press\/jessicamohammedi\/\" class=\"more-link\">Continuer la lecture de <span class=\"screen-reader-text\">Accueil<\/span>  <span class=\"meta-nav\">&rarr;<\/span><\/a><\/p>\n","protected":false},"author":134,"featured_media":0,"parent":0,"menu_order":0,"comment_status":"closed","ping_status":"closed","template":"","meta":{"footnotes":""},"_links":{"self":[{"href":"http:\/\/www.efj.press\/jessicamohammedi\/wp-json\/wp\/v2\/pages\/34"}],"collection":[{"href":"http:\/\/www.efj.press\/jessicamohammedi\/wp-json\/wp\/v2\/pages"}],"about":[{"href":"http:\/\/www.efj.press\/jessicamohammedi\/wp-json\/wp\/v2\/types\/page"}],"author":[{"embeddable":true,"href":"http:\/\/www.efj.press\/jessicamohammedi\/wp-json\/wp\/v2\/users\/134"}],"replies":[{"embeddable":true,"href":"http:\/\/www.efj.press\/jessicamohammedi\/wp-json\/wp\/v2\/comments?post=34"}],"version-history":[{"count":10,"href":"http:\/\/www.efj.press\/jessicamohammedi\/wp-json\/wp\/v2\/pages\/34\/revisions"}],"predecessor-version":[{"id":222,"href":"http:\/\/www.efj.press\/jessicamohammedi\/wp-json\/wp\/v2\/pages\/34\/revisions\/222"}],"wp:attachment":[{"href":"http:\/\/www.efj.press\/jessicamohammedi\/wp-json\/wp\/v2\/media?parent=34"}],"curies":[{"name":"wp","href":"https:\/\/api.w.org\/{rel}","templated":true}]}}