{"id":24,"date":"2016-11-16T14:50:07","date_gmt":"2016-11-16T13:50:07","guid":{"rendered":"http:\/\/www.efj.press\/jessicamohammedi\/?page_id=24"},"modified":"2017-01-26T17:13:21","modified_gmt":"2017-01-26T16:13:21","slug":"travaux","status":"publish","type":"page","link":"http:\/\/www.efj.press\/jessicamohammedi\/travaux\/","title":{"rendered":"Travaux MOJO"},"content":{"rendered":"<p>Vous pouvez retrouver ici mes diff\u00e9rents travaux effectu\u00e9s : reportages, articles, interviews, vid\u00e9o MOJO, etc&#8230;<\/p>\n<p>Bon visionnage !<\/p>\n","protected":false},"excerpt":{"rendered":"<p>Vous pouvez retrouver ici mes diff\u00e9rents travaux effectu\u00e9s : reportages, articles, interviews, vid\u00e9o MOJO, etc&#8230; Bon visionnage !<\/p>\n","protected":false},"author":134,"featured_media":0,"parent":0,"menu_order":0,"comment_status":"closed","ping_status":"closed","template":"","meta":{"footnotes":""},"_links":{"self":[{"href":"http:\/\/www.efj.press\/jessicamohammedi\/wp-json\/wp\/v2\/pages\/24"}],"collection":[{"href":"http:\/\/www.efj.press\/jessicamohammedi\/wp-json\/wp\/v2\/pages"}],"about":[{"href":"http:\/\/www.efj.press\/jessicamohammedi\/wp-json\/wp\/v2\/types\/page"}],"author":[{"embeddable":true,"href":"http:\/\/www.efj.press\/jessicamohammedi\/wp-json\/wp\/v2\/users\/134"}],"replies":[{"embeddable":true,"href":"http:\/\/www.efj.press\/jessicamohammedi\/wp-json\/wp\/v2\/comments?post=24"}],"version-history":[{"count":4,"href":"http:\/\/www.efj.press\/jessicamohammedi\/wp-json\/wp\/v2\/pages\/24\/revisions"}],"predecessor-version":[{"id":106,"href":"http:\/\/www.efj.press\/jessicamohammedi\/wp-json\/wp\/v2\/pages\/24\/revisions\/106"}],"wp:attachment":[{"href":"http:\/\/www.efj.press\/jessicamohammedi\/wp-json\/wp\/v2\/media?parent=24"}],"curies":[{"name":"wp","href":"https:\/\/api.w.org\/{rel}","templated":true}]}}