{"id":182,"date":"2017-10-02T11:28:56","date_gmt":"2017-10-02T10:28:56","guid":{"rendered":"http:\/\/www.efj.press\/jessicamohammedi\/?page_id=182"},"modified":"2017-10-02T11:28:56","modified_gmt":"2017-10-02T10:28:56","slug":"a-la-decouverte-de-la-librairie-du-quebec","status":"publish","type":"page","link":"http:\/\/www.efj.press\/jessicamohammedi\/travaux\/a-la-decouverte-de-la-librairie-du-quebec\/","title":{"rendered":"A la d\u00e9couverte de la librairie du Qu\u00e9bec"},"content":{"rendered":"<p>Lors de mon stage \u00e0\u00a0<em>ParisMontr\u00e9al,\u00a0<\/em>j&rsquo;ai eu l&rsquo;occasion de r\u00e9aliser une courte vid\u00e9o MoJo sur la Librairie du Qu\u00e9bec (V\u00e8me).<\/p>\n<p>&nbsp;<\/p>\n<p><iframe loading=\"lazy\" width=\"474\" height=\"267\" src=\"https:\/\/www.youtube.com\/embed\/DfqfmNjcukw?feature=oembed\" frameborder=\"0\" allowfullscreen><\/iframe><\/p>\n","protected":false},"excerpt":{"rendered":"<p>Lors de mon stage \u00e0\u00a0ParisMontr\u00e9al,\u00a0j&rsquo;ai eu l&rsquo;occasion de r\u00e9aliser une courte vid\u00e9o MoJo sur la Librairie du Qu\u00e9bec (V\u00e8me). &nbsp;<\/p>\n","protected":false},"author":134,"featured_media":0,"parent":24,"menu_order":0,"comment_status":"closed","ping_status":"closed","template":"","meta":{"footnotes":""},"_links":{"self":[{"href":"http:\/\/www.efj.press\/jessicamohammedi\/wp-json\/wp\/v2\/pages\/182"}],"collection":[{"href":"http:\/\/www.efj.press\/jessicamohammedi\/wp-json\/wp\/v2\/pages"}],"about":[{"href":"http:\/\/www.efj.press\/jessicamohammedi\/wp-json\/wp\/v2\/types\/page"}],"author":[{"embeddable":true,"href":"http:\/\/www.efj.press\/jessicamohammedi\/wp-json\/wp\/v2\/users\/134"}],"replies":[{"embeddable":true,"href":"http:\/\/www.efj.press\/jessicamohammedi\/wp-json\/wp\/v2\/comments?post=182"}],"version-history":[{"count":1,"href":"http:\/\/www.efj.press\/jessicamohammedi\/wp-json\/wp\/v2\/pages\/182\/revisions"}],"predecessor-version":[{"id":183,"href":"http:\/\/www.efj.press\/jessicamohammedi\/wp-json\/wp\/v2\/pages\/182\/revisions\/183"}],"up":[{"embeddable":true,"href":"http:\/\/www.efj.press\/jessicamohammedi\/wp-json\/wp\/v2\/pages\/24"}],"wp:attachment":[{"href":"http:\/\/www.efj.press\/jessicamohammedi\/wp-json\/wp\/v2\/media?parent=182"}],"curies":[{"name":"wp","href":"https:\/\/api.w.org\/{rel}","templated":true}]}}