{"id":142,"date":"2017-04-07T13:09:44","date_gmt":"2017-04-07T12:09:44","guid":{"rendered":"http:\/\/www.efj.press\/jessicamohammedi\/?page_id=142"},"modified":"2017-04-07T13:09:44","modified_gmt":"2017-04-07T12:09:44","slug":"portrait-benevoles-en-musique","status":"publish","type":"page","link":"http:\/\/www.efj.press\/jessicamohammedi\/collaboration-avec-yann-arthus-bertrand\/portrait-benevoles-en-musique\/","title":{"rendered":"PORTRAIT : B\u00c9N\u00c9VOLES EN MUSIQUE"},"content":{"rendered":"<p>Qui : <em>Stephen Green pour Rock Corps \u00a0 \u00a0 \u00a0 \u00a0 \u00a0 \u00a0 \u00a0 \u00a0 \u00a0 \u00a0 \u00a0 \u00a0 \u00a0 \u00a0 \u00a0 \u00a0 \u00a0 \u00a0 \u00a0 \u00a0 \u00a0 \u00a0 \u00a0 \u00a0 \u00a0 \u00a0 \u00a0 \u00a0 \u00a0 \u00a0 \u00a0 \u00a0 \u00a0 \u00a0 <\/em>O\u00f9 : <em>France, Etats-Unis, Inde, Afrique, etc\u2026 \u00a0 \u00a0 \u00a0 \u00a0 \u00a0 \u00a0 \u00a0 \u00a0 \u00a0 \u00a0 \u00a0 \u00a0 \u00a0 \u00a0 \u00a0 \u00a0 \u00a0 \u00a0 \u00a0 \u00a0 \u00a0 \u00a0 \u00a0 \u00a0 \u00a0 \u00a0 \u00a0 \u00a0 \u00a0 <\/em>Quoi : <em>Action b\u00e9n\u00e9vole contre une place de concert \u00a0 \u00a0 \u00a0 \u00a0 \u00a0 \u00a0 \u00a0 \u00a0 \u00a0 \u00a0 \u00a0 \u00a0 \u00a0 \u00a0 \u00a0 \u00a0 \u00a0 \u00a0 \u00a0 \u00a0 \u00a0<\/em>En savoir plus :<em><a href=\"http:\/\/www.rockcorps.com\/\"> http:\/\/www.rockcorps.com\/<\/a><\/em><\/p>\n<p>&nbsp;<\/p>\n<h2 style=\"text-align: center\">B\u00e9n\u00e9voles en musique<\/h2>\n<p>C\u2019est autour d&rsquo;un plat de p\u00e2tes au cours d&rsquo;un d\u00eener entre amis il y a quelques ann\u00e9es \u00e0 Los Angeles que na\u00eet l\u2019id\u00e9e de Rock Corps. Stephen Green fait partie de la bande des \u201cpotes\u201d. A sept, ils cr\u00e9ent en 2001 l\u2019association Rock Corps. Elle propose aux jeunes de donner 4h de leur temps \u00e0 des associations en \u00e9change de places pour des concerts m\u00e9morables. La combinaison du b\u00e9n\u00e9volat et de la musique en somme. \u00ab Comme beaucoup d&rsquo;autres, nous avons estim\u00e9 que les gens devaient plus \u00e9changer, se r\u00e9unir, construire des projets communs en prenant plaisir \u00e0 le faire \u00bb, explique ce trentenaire aux cheveux aux \u00e9paules. La musique est un langage universel qui connecte les gens entre eux\u201d. L\u2019association est aujourd&rsquo;hui pr\u00e9sente dans le monde entier : Paris, Afrique du Sud, Tokyo, \u2026 Plus de 170 000 b\u00e9n\u00e9voles ont particip\u00e9 et ont gagn\u00e9 en retour des billets pour des concerts exclusifs de RockCorps.<\/p>\n","protected":false},"excerpt":{"rendered":"<p>Qui : Stephen Green pour Rock Corps \u00a0 \u00a0 \u00a0 \u00a0 \u00a0 \u00a0 \u00a0 \u00a0 \u00a0 \u00a0 \u00a0 \u00a0 \u00a0 \u00a0 \u00a0 \u00a0 \u00a0 \u00a0 \u00a0 \u00a0 \u00a0 \u00a0 \u00a0 \u00a0 \u00a0 \u00a0 \u00a0 \u00a0 \u00a0 \u00a0 \u00a0 \u00a0 \u00a0 \u00a0 O\u00f9 : France, Etats-Unis, Inde, Afrique, etc\u2026 \u00a0 \u00a0 \u00a0 \u00a0 \u00a0 \u00a0 \u00a0 &hellip; <a href=\"http:\/\/www.efj.press\/jessicamohammedi\/collaboration-avec-yann-arthus-bertrand\/portrait-benevoles-en-musique\/\" class=\"more-link\">Continuer la lecture de <span class=\"screen-reader-text\">PORTRAIT : B\u00c9N\u00c9VOLES EN MUSIQUE<\/span>  <span class=\"meta-nav\">&rarr;<\/span><\/a><\/p>\n","protected":false},"author":134,"featured_media":0,"parent":122,"menu_order":7,"comment_status":"closed","ping_status":"closed","template":"","meta":{"footnotes":""},"_links":{"self":[{"href":"http:\/\/www.efj.press\/jessicamohammedi\/wp-json\/wp\/v2\/pages\/142"}],"collection":[{"href":"http:\/\/www.efj.press\/jessicamohammedi\/wp-json\/wp\/v2\/pages"}],"about":[{"href":"http:\/\/www.efj.press\/jessicamohammedi\/wp-json\/wp\/v2\/types\/page"}],"author":[{"embeddable":true,"href":"http:\/\/www.efj.press\/jessicamohammedi\/wp-json\/wp\/v2\/users\/134"}],"replies":[{"embeddable":true,"href":"http:\/\/www.efj.press\/jessicamohammedi\/wp-json\/wp\/v2\/comments?post=142"}],"version-history":[{"count":1,"href":"http:\/\/www.efj.press\/jessicamohammedi\/wp-json\/wp\/v2\/pages\/142\/revisions"}],"predecessor-version":[{"id":143,"href":"http:\/\/www.efj.press\/jessicamohammedi\/wp-json\/wp\/v2\/pages\/142\/revisions\/143"}],"up":[{"embeddable":true,"href":"http:\/\/www.efj.press\/jessicamohammedi\/wp-json\/wp\/v2\/pages\/122"}],"wp:attachment":[{"href":"http:\/\/www.efj.press\/jessicamohammedi\/wp-json\/wp\/v2\/media?parent=142"}],"curies":[{"name":"wp","href":"https:\/\/api.w.org\/{rel}","templated":true}]}}