{"id":140,"date":"2017-04-07T13:07:54","date_gmt":"2017-04-07T12:07:54","guid":{"rendered":"http:\/\/www.efj.press\/jessicamohammedi\/?page_id=140"},"modified":"2017-04-07T13:12:53","modified_gmt":"2017-04-07T12:12:53","slug":"portrait-grandes-ecoles-pour-tous","status":"publish","type":"page","link":"http:\/\/www.efj.press\/jessicamohammedi\/collaboration-avec-yann-arthus-bertrand\/portrait-grandes-ecoles-pour-tous\/","title":{"rendered":"PORTRAIT : GRANDES ECOLES POUR TOUS"},"content":{"rendered":"<p>Qui : <em>Isalina Trocherie \u00a0 \u00a0 \u00a0 \u00a0 \u00a0 \u00a0 \u00a0 \u00a0 \u00a0 \u00a0 \u00a0 \u00a0 \u00a0 \u00a0 \u00a0 \u00a0 \u00a0 \u00a0 \u00a0 \u00a0 \u00a0 \u00a0 \u00a0 \u00a0 \u00a0 \u00a0 \u00a0 \u00a0 \u00a0 \u00a0 \u00a0 \u00a0 \u00a0 \u00a0 \u00a0 \u00a0 \u00a0 \u00a0 \u00a0 \u00a0 \u00a0 \u00a0 \u00a0 \u00a0 \u00a0 \u00a0 \u00a0 \u00a0 <\/em>Action : <em>elle aide des \u00e9tudiants boursiers \u00e0 accomplir un parcours post bac d\u2019excellence dans les grandes \u00e9coles. \u00a0 \u00a0 \u00a0 \u00a0 \u00a0 \u00a0 \u00a0 \u00a0 \u00a0 \u00a0 \u00a0 \u00a0 \u00a0 \u00a0 \u00a0 \u00a0 \u00a0 \u00a0 \u00a0 \u00a0 \u00a0 \u00a0 \u00a0 \u00a0 \u00a0 \u00a0 \u00a0 \u00a0 \u00a0 \u00a0 \u00a0\u00a0<\/em>O\u00f9 : <em>France \u00a0 \u00a0 \u00a0 \u00a0 \u00a0 \u00a0 \u00a0 \u00a0 \u00a0 \u00a0 \u00a0 \u00a0 \u00a0 \u00a0 \u00a0 \u00a0 \u00a0 \u00a0 \u00a0 \u00a0 \u00a0 \u00a0 \u00a0 \u00a0 \u00a0 \u00a0 \u00a0 \u00a0 \u00a0 \u00a0 \u00a0 \u00a0 \u00a0 \u00a0 \u00a0 \u00a0 \u00a0 \u00a0 \u00a0 \u00a0 \u00a0 \u00a0 \u00a0 \u00a0 \u00a0 \u00a0 \u00a0 \u00a0 \u00a0 \u00a0 \u00a0 \u00a0 \u00a0 \u00a0 \u00a0 \u00a0 \u00a0 \u00a0 \u00a0 \u00a0 \u00a0<\/em>En savoir plus :<span style=\"color: #000000\"><a style=\"color: #000000\" href=\"https:\/\/www.frateli.org\/\"> <em>https:\/\/www.frateli.org\/<\/em><\/a><\/span><\/p>\n<h2 style=\"text-align: center\">Grandes \u00e9coles pour tous<\/h2>\n<p>&nbsp;<\/p>\n<p>Isalina Trocherie est marraine Frateli, une association cr\u00e9\u00e9e en 2004. Elle parraine des \u00e9tudiants boursiers afin qu\u2019ils puissent faire leur entr\u00e9e dans les grandes \u00e9coles. Au programme, entra\u00eenement aux oraux, organisation d\u2019\u00e9v\u00e9nements pour aider les jeunes \u00e0 trouver leur voie, entraide envers les \u00e9tudiants. \u00ab J\u2019ai \u00e9t\u00e9 filleul Frateli et je pense sinc\u00e8rement que sans ma marraine je n\u2019en serai pas o\u00f9 j\u2019en suis, explique l\u2019un des filleuls de l\u2019association Fratelli. Maintenant, je veux devenir parrain \u00e0 mon tour ! \u00bb.<\/p>\n","protected":false},"excerpt":{"rendered":"<p>Qui : Isalina Trocherie \u00a0 \u00a0 \u00a0 \u00a0 \u00a0 \u00a0 \u00a0 \u00a0 \u00a0 \u00a0 \u00a0 \u00a0 \u00a0 \u00a0 \u00a0 \u00a0 \u00a0 \u00a0 \u00a0 \u00a0 \u00a0 \u00a0 \u00a0 \u00a0 \u00a0 \u00a0 \u00a0 \u00a0 \u00a0 \u00a0 \u00a0 \u00a0 \u00a0 \u00a0 \u00a0 \u00a0 \u00a0 \u00a0 \u00a0 \u00a0 \u00a0 \u00a0 \u00a0 \u00a0 \u00a0 \u00a0 \u00a0 \u00a0 Action : elle &hellip; <a href=\"http:\/\/www.efj.press\/jessicamohammedi\/collaboration-avec-yann-arthus-bertrand\/portrait-grandes-ecoles-pour-tous\/\" class=\"more-link\">Continuer la lecture de <span class=\"screen-reader-text\">PORTRAIT : GRANDES ECOLES POUR TOUS<\/span>  <span class=\"meta-nav\">&rarr;<\/span><\/a><\/p>\n","protected":false},"author":134,"featured_media":0,"parent":122,"menu_order":6,"comment_status":"closed","ping_status":"closed","template":"","meta":{"footnotes":""},"_links":{"self":[{"href":"http:\/\/www.efj.press\/jessicamohammedi\/wp-json\/wp\/v2\/pages\/140"}],"collection":[{"href":"http:\/\/www.efj.press\/jessicamohammedi\/wp-json\/wp\/v2\/pages"}],"about":[{"href":"http:\/\/www.efj.press\/jessicamohammedi\/wp-json\/wp\/v2\/types\/page"}],"author":[{"embeddable":true,"href":"http:\/\/www.efj.press\/jessicamohammedi\/wp-json\/wp\/v2\/users\/134"}],"replies":[{"embeddable":true,"href":"http:\/\/www.efj.press\/jessicamohammedi\/wp-json\/wp\/v2\/comments?post=140"}],"version-history":[{"count":2,"href":"http:\/\/www.efj.press\/jessicamohammedi\/wp-json\/wp\/v2\/pages\/140\/revisions"}],"predecessor-version":[{"id":149,"href":"http:\/\/www.efj.press\/jessicamohammedi\/wp-json\/wp\/v2\/pages\/140\/revisions\/149"}],"up":[{"embeddable":true,"href":"http:\/\/www.efj.press\/jessicamohammedi\/wp-json\/wp\/v2\/pages\/122"}],"wp:attachment":[{"href":"http:\/\/www.efj.press\/jessicamohammedi\/wp-json\/wp\/v2\/media?parent=140"}],"curies":[{"name":"wp","href":"https:\/\/api.w.org\/{rel}","templated":true}]}}