{"id":138,"date":"2017-04-07T13:05:15","date_gmt":"2017-04-07T12:05:15","guid":{"rendered":"http:\/\/www.efj.press\/jessicamohammedi\/?page_id=138"},"modified":"2017-04-07T13:05:15","modified_gmt":"2017-04-07T12:05:15","slug":"portrait-benevole-au-grand-coeur","status":"publish","type":"page","link":"http:\/\/www.efj.press\/jessicamohammedi\/collaboration-avec-yann-arthus-bertrand\/portrait-benevole-au-grand-coeur\/","title":{"rendered":"PORTRAIT : BENEVOLE AU GRAND COEUR"},"content":{"rendered":"<p>Qui : <em>Christiane Joly \u00a0 \u00a0 \u00a0 \u00a0 \u00a0 \u00a0 \u00a0 \u00a0 \u00a0 \u00a0 \u00a0 \u00a0 \u00a0 \u00a0 \u00a0 \u00a0 \u00a0 \u00a0 \u00a0 \u00a0 \u00a0 \u00a0 \u00a0 \u00a0 \u00a0 \u00a0 \u00a0 \u00a0 \u00a0 \u00a0 \u00a0 \u00a0 \u00a0 \u00a0 \u00a0 \u00a0 \u00a0 \u00a0 \u00a0 \u00a0 \u00a0 \u00a0 \u00a0 \u00a0 \u00a0 \u00a0 \u00a0 \u00a0<\/em>Action : <em>B\u00e9n\u00e9vole aux restos du c\u0153ur \u00a0 \u00a0 \u00a0 \u00a0 \u00a0 \u00a0 \u00a0 \u00a0 \u00a0 \u00a0 \u00a0 \u00a0 \u00a0 \u00a0 \u00a0 \u00a0 \u00a0 \u00a0 \u00a0 \u00a0 \u00a0 \u00a0 \u00a0 \u00a0 \u00a0 \u00a0 \u00a0 \u00a0 \u00a0 \u00a0 \u00a0 \u00a0 \u00a0 \u00a0 <\/em>O\u00f9 : <em>France (Fresnes) \u00a0 \u00a0 \u00a0 \u00a0 \u00a0 \u00a0 \u00a0 \u00a0 \u00a0 \u00a0 \u00a0 \u00a0 \u00a0 \u00a0 \u00a0 \u00a0 \u00a0 \u00a0 \u00a0 \u00a0 \u00a0 \u00a0 \u00a0 \u00a0 \u00a0 \u00a0 \u00a0 \u00a0 \u00a0 \u00a0 \u00a0 \u00a0 \u00a0 \u00a0 \u00a0 \u00a0 \u00a0 \u00a0 \u00a0 \u00a0 \u00a0 \u00a0 \u00a0 \u00a0 \u00a0 \u00a0 \u00a0 \u00a0 \u00a0 \u00a0 \u00a0 \u00a0<\/em>En savoir plus :<span style=\"color: #000000\"><a style=\"color: #000000\" href=\"https:\/\/www.restosducoeur.org\/\"> <em>https:\/\/www.restosducoeur.org\/<\/em><\/a><\/span><\/p>\n<h1 style=\"text-align: center\">B\u00e9n\u00e9vole au grand c\u0153ur<\/h1>\n<p>Lorsqu\u2019elle prend sa retraite en 2001, Christiane Joly souhaite mettre son temps libre \u00e0 profit afin d\u2019aider les gens dans le besoin. Elle s\u2019engage b\u00e9n\u00e9volement aux Restos du c\u0153ur. Au programme : distribution de nourriture, de v\u00eatements et de produits d\u2019hygi\u00e8ne. Les restos du c\u0153ur aujourd\u2019hui repr\u00e9sentent 132,5 millions de repas distribu\u00e9s et plus de 71 000 b\u00e9n\u00e9voles. Le travail de b\u00e9n\u00e9vole n\u2019est pas facile tous les jours : \u00ab J\u2019ai vu un enfant venir pieds nus en plein hiver \u00bb, confie-t-elle. Une collecte nationale est organis\u00e9e chaque ann\u00e9e. En 2016, plus de 7 300 tonnes de denr\u00e9es alimentaires sont r\u00e9cup\u00e9r\u00e9es et redistribu\u00e9es. L\u2019objectif pour cette ann\u00e9e 2017, atteindre les 7 500 tonnes. Chiche ?<\/p>\n","protected":false},"excerpt":{"rendered":"<p>Qui : Christiane Joly \u00a0 \u00a0 \u00a0 \u00a0 \u00a0 \u00a0 \u00a0 \u00a0 \u00a0 \u00a0 \u00a0 \u00a0 \u00a0 \u00a0 \u00a0 \u00a0 \u00a0 \u00a0 \u00a0 \u00a0 \u00a0 \u00a0 \u00a0 \u00a0 \u00a0 \u00a0 \u00a0 \u00a0 \u00a0 \u00a0 \u00a0 \u00a0 \u00a0 \u00a0 \u00a0 \u00a0 \u00a0 \u00a0 \u00a0 \u00a0 \u00a0 \u00a0 \u00a0 \u00a0 \u00a0 \u00a0 \u00a0 \u00a0Action : B\u00e9n\u00e9vole aux &hellip; <a href=\"http:\/\/www.efj.press\/jessicamohammedi\/collaboration-avec-yann-arthus-bertrand\/portrait-benevole-au-grand-coeur\/\" class=\"more-link\">Continuer la lecture de <span class=\"screen-reader-text\">PORTRAIT : BENEVOLE AU GRAND COEUR<\/span>  <span class=\"meta-nav\">&rarr;<\/span><\/a><\/p>\n","protected":false},"author":134,"featured_media":0,"parent":122,"menu_order":5,"comment_status":"closed","ping_status":"closed","template":"","meta":{"footnotes":""},"_links":{"self":[{"href":"http:\/\/www.efj.press\/jessicamohammedi\/wp-json\/wp\/v2\/pages\/138"}],"collection":[{"href":"http:\/\/www.efj.press\/jessicamohammedi\/wp-json\/wp\/v2\/pages"}],"about":[{"href":"http:\/\/www.efj.press\/jessicamohammedi\/wp-json\/wp\/v2\/types\/page"}],"author":[{"embeddable":true,"href":"http:\/\/www.efj.press\/jessicamohammedi\/wp-json\/wp\/v2\/users\/134"}],"replies":[{"embeddable":true,"href":"http:\/\/www.efj.press\/jessicamohammedi\/wp-json\/wp\/v2\/comments?post=138"}],"version-history":[{"count":1,"href":"http:\/\/www.efj.press\/jessicamohammedi\/wp-json\/wp\/v2\/pages\/138\/revisions"}],"predecessor-version":[{"id":139,"href":"http:\/\/www.efj.press\/jessicamohammedi\/wp-json\/wp\/v2\/pages\/138\/revisions\/139"}],"up":[{"embeddable":true,"href":"http:\/\/www.efj.press\/jessicamohammedi\/wp-json\/wp\/v2\/pages\/122"}],"wp:attachment":[{"href":"http:\/\/www.efj.press\/jessicamohammedi\/wp-json\/wp\/v2\/media?parent=138"}],"curies":[{"name":"wp","href":"https:\/\/api.w.org\/{rel}","templated":true}]}}