{"id":136,"date":"2017-04-07T13:02:34","date_gmt":"2017-04-07T12:02:34","guid":{"rendered":"http:\/\/www.efj.press\/jessicamohammedi\/?page_id=136"},"modified":"2017-04-07T13:11:35","modified_gmt":"2017-04-07T12:11:35","slug":"portrait-grand-reves-pour-petits-princes","status":"publish","type":"page","link":"http:\/\/www.efj.press\/jessicamohammedi\/collaboration-avec-yann-arthus-bertrand\/portrait-grand-reves-pour-petits-princes\/","title":{"rendered":"PORTRAIT : GRAND R\u00caVES POUR PETITS PRINCES"},"content":{"rendered":"<p>Qui: <em>Dominique Bayle \u00a0 \u00a0 \u00a0 \u00a0 \u00a0 \u00a0 \u00a0 \u00a0 \u00a0 \u00a0 \u00a0 \u00a0 \u00a0 \u00a0 \u00a0 \u00a0 \u00a0 \u00a0 \u00a0 \u00a0 \u00a0 \u00a0 \u00a0 \u00a0 \u00a0 \u00a0 \u00a0 \u00a0 \u00a0 \u00a0 \u00a0 \u00a0 \u00a0 \u00a0 \u00a0 \u00a0 \u00a0 \u00a0 \u00a0 \u00a0 \u00a0 \u00a0 \u00a0 \u00a0 \u00a0 \u00a0 \u00a0 \u00a0 \u00a0 <\/em>O\u00f9: <em>France \u00a0 \u00a0 \u00a0 \u00a0 \u00a0 \u00a0 \u00a0 \u00a0 \u00a0 \u00a0 \u00a0 \u00a0 \u00a0 \u00a0 \u00a0 \u00a0 \u00a0 \u00a0 \u00a0 \u00a0 \u00a0 \u00a0 \u00a0 \u00a0 \u00a0 \u00a0 \u00a0 \u00a0 \u00a0 \u00a0 \u00a0 \u00a0 \u00a0 \u00a0 \u00a0 \u00a0 \u00a0 \u00a0 \u00a0 \u00a0 \u00a0 \u00a0 \u00a0 \u00a0 \u00a0 \u00a0 \u00a0 \u00a0 \u00a0 \u00a0 \u00a0 \u00a0 \u00a0 \u00a0 \u00a0 \u00a0 \u00a0 \u00a0 \u00a0 <\/em>Quoi: <em>Co-fondatrice et directrice g\u00e9n\u00e9rale de petit prince, association qui r\u00e9alise les r\u00eaves des enfants malades \u00a0 \u00a0 \u00a0 \u00a0 \u00a0 \u00a0 \u00a0 \u00a0 \u00a0 \u00a0 \u00a0 \u00a0 \u00a0 \u00a0 \u00a0 \u00a0 \u00a0 \u00a0 \u00a0 \u00a0 \u00a0 \u00a0 \u00a0 \u00a0 \u00a0 \u00a0 \u00a0 \u00a0 \u00a0 \u00a0 \u00a0 \u00a0 \u00a0 \u00a0 \u00a0 \u00a0 \u00a0 \u00a0 <\/em>En savoir plus:<span style=\"color: #000000\"><em><a style=\"color: #000000\" href=\"http:\/\/www.petitsprinces.com\"> http:\/\/www.petitsprinces.com<\/a><\/em><\/span><\/p>\n<h2 style=\"text-align: center\">Grands r\u00eaves pour petits princes<\/h2>\n<p>Dominique Bayle fonde avec sa belle-s\u0153ur, infirmi\u00e8re lib\u00e9rale, l\u2019association Les petits princes en 1987. Fr\u00e9d\u00e9ric d\u2019Agay, petit neveu d\u2019Antoine de Saint-Exup\u00e9ry soutient le projet et accorde le nom de son grand-oncle \u00e0 l\u2019association.<\/p>\n<p>Dominique Bayle et son association veulent tout mettre en \u0153uvre pour r\u00e9aliser le r\u00eave d\u2019enfants malades avec leurs proches. En 2016, l\u2019association r\u00e9alise son 6000<sup>\u00e8me<\/sup> r\u00eaves. Parmi ceux-ci, p\u00eale-m\u00eale : matchs de foot, rencontre avec le p\u00e8re no\u00ebl, cours de cuisine avec un grand chef, tours de voiture de course. Les petits princes accompagnent personnellement chaque enfant pour r\u00e9aliser ses r\u00eaves.<\/p>\n<p>Des r\u00eaves pour petits et grands!<\/p>\n","protected":false},"excerpt":{"rendered":"<p>Qui: Dominique Bayle \u00a0 \u00a0 \u00a0 \u00a0 \u00a0 \u00a0 \u00a0 \u00a0 \u00a0 \u00a0 \u00a0 \u00a0 \u00a0 \u00a0 \u00a0 \u00a0 \u00a0 \u00a0 \u00a0 \u00a0 \u00a0 \u00a0 \u00a0 \u00a0 \u00a0 \u00a0 \u00a0 \u00a0 \u00a0 \u00a0 \u00a0 \u00a0 \u00a0 \u00a0 \u00a0 \u00a0 \u00a0 \u00a0 \u00a0 \u00a0 \u00a0 \u00a0 \u00a0 \u00a0 \u00a0 \u00a0 \u00a0 \u00a0 \u00a0 O\u00f9: France \u00a0 &hellip; <a href=\"http:\/\/www.efj.press\/jessicamohammedi\/collaboration-avec-yann-arthus-bertrand\/portrait-grand-reves-pour-petits-princes\/\" class=\"more-link\">Continuer la lecture de <span class=\"screen-reader-text\">PORTRAIT : GRAND R\u00caVES POUR PETITS PRINCES<\/span>  <span class=\"meta-nav\">&rarr;<\/span><\/a><\/p>\n","protected":false},"author":134,"featured_media":0,"parent":122,"menu_order":4,"comment_status":"closed","ping_status":"closed","template":"","meta":{"footnotes":""},"_links":{"self":[{"href":"http:\/\/www.efj.press\/jessicamohammedi\/wp-json\/wp\/v2\/pages\/136"}],"collection":[{"href":"http:\/\/www.efj.press\/jessicamohammedi\/wp-json\/wp\/v2\/pages"}],"about":[{"href":"http:\/\/www.efj.press\/jessicamohammedi\/wp-json\/wp\/v2\/types\/page"}],"author":[{"embeddable":true,"href":"http:\/\/www.efj.press\/jessicamohammedi\/wp-json\/wp\/v2\/users\/134"}],"replies":[{"embeddable":true,"href":"http:\/\/www.efj.press\/jessicamohammedi\/wp-json\/wp\/v2\/comments?post=136"}],"version-history":[{"count":2,"href":"http:\/\/www.efj.press\/jessicamohammedi\/wp-json\/wp\/v2\/pages\/136\/revisions"}],"predecessor-version":[{"id":148,"href":"http:\/\/www.efj.press\/jessicamohammedi\/wp-json\/wp\/v2\/pages\/136\/revisions\/148"}],"up":[{"embeddable":true,"href":"http:\/\/www.efj.press\/jessicamohammedi\/wp-json\/wp\/v2\/pages\/122"}],"wp:attachment":[{"href":"http:\/\/www.efj.press\/jessicamohammedi\/wp-json\/wp\/v2\/media?parent=136"}],"curies":[{"name":"wp","href":"https:\/\/api.w.org\/{rel}","templated":true}]}}