{"id":134,"date":"2017-04-07T13:00:34","date_gmt":"2017-04-07T12:00:34","guid":{"rendered":"http:\/\/www.efj.press\/jessicamohammedi\/?page_id=134"},"modified":"2017-04-07T13:11:16","modified_gmt":"2017-04-07T12:11:16","slug":"portrait-lacces-a-linformation-pour-tous","status":"publish","type":"page","link":"http:\/\/www.efj.press\/jessicamohammedi\/collaboration-avec-yann-arthus-bertrand\/portrait-lacces-a-linformation-pour-tous\/","title":{"rendered":"PORTRAIT : L\u2019ACC\u00c8S A L&rsquo;INFORMATION POUR TOUS"},"content":{"rendered":"<p>Qui : <em>Internews \u00a0 \u00a0 \u00a0 \u00a0 \u00a0 \u00a0 \u00a0 \u00a0 \u00a0 \u00a0 \u00a0 \u00a0 \u00a0 \u00a0 \u00a0 \u00a0 \u00a0 \u00a0 \u00a0 \u00a0 \u00a0 \u00a0 \u00a0 \u00a0 \u00a0 \u00a0 \u00a0 \u00a0 \u00a0 \u00a0 \u00a0 \u00a0 \u00a0 \u00a0 \u00a0 \u00a0 \u00a0 \u00a0 \u00a0 \u00a0 \u00a0 \u00a0 \u00a0 \u00a0 \u00a0 \u00a0 \u00a0 \u00a0 \u00a0 \u00a0 \u00a0 \u00a0 \u00a0 \u00a0 \u00a0 \u00a0 \u00a0 \u00a0 \u00a0 <\/em>O\u00f9 : <em>Partout dans le monde \u00a0 \u00a0 \u00a0 \u00a0 \u00a0 \u00a0 \u00a0 \u00a0 \u00a0 \u00a0 \u00a0 \u00a0 \u00a0 \u00a0 \u00a0 \u00a0 \u00a0 \u00a0 \u00a0 \u00a0 \u00a0 \u00a0 \u00a0 \u00a0 \u00a0 \u00a0 \u00a0 \u00a0 \u00a0 \u00a0 \u00a0 \u00a0 \u00a0 \u00a0 \u00a0 \u00a0 \u00a0 \u00a0 \u00a0 \u00a0 \u00a0 \u00a0 <\/em>Quoi : <em>Radio des r\u00e9fugi\u00e9s dans les camps \u00a0 \u00a0 \u00a0 \u00a0 \u00a0 \u00a0 \u00a0 \u00a0 \u00a0 \u00a0 \u00a0 \u00a0 \u00a0 \u00a0 \u00a0 \u00a0 \u00a0 \u00a0 \u00a0 \u00a0 \u00a0 \u00a0 \u00a0 \u00a0 \u00a0 \u00a0 \u00a0 \u00a0 \u00a0 \u00a0 \u00a0 <\/em>En savoir plus :<span style=\"color: #000000\"><a style=\"color: #000000\" href=\"https:\/\/www.internews.org\/\"> <em>https:\/\/www.internews.org\/<\/em><\/a><\/span><\/p>\n<h2 style=\"text-align: center\">L\u2019acc\u00e8s \u00e0 l\u2019information pour tous<\/h2>\n<p>Cr\u00e9\u00e9 par David M. Hoffman, Kim Spencer et Evelyn Messinger en 1982, Internews est un organisme \u00e0 but non lucratif. Une association qui travaille avec 4800 stations de radio et t\u00e9l\u00e9vision et qui a pour but de d\u00e9velopper l\u2019acc\u00e8s \u00e0 l\u2019information pour chacun. Au programme : formation en journalisme, production de contenus et acc\u00e8s \u00e0 des infrastructures et mat\u00e9riels pour permettre aux m\u00e9dias ind\u00e9pendants de cr\u00e9er et d\u00e9velopper des stations de radio. En 2008, un chiffre record est atteint : 8800 heures de programmes de t\u00e9l\u00e9vision et de radio sont diffus\u00e9es. L\u2019association forme 8 000 \u00e0 10 000 professionnels des m\u00e9dias chaque ann\u00e9e. Internews est financ\u00e9e par des subventions dont 80% proviennent du gouvernement am\u00e9ricain.<\/p>\n<p>&nbsp;<\/p>\n","protected":false},"excerpt":{"rendered":"<p>Qui : Internews \u00a0 \u00a0 \u00a0 \u00a0 \u00a0 \u00a0 \u00a0 \u00a0 \u00a0 \u00a0 \u00a0 \u00a0 \u00a0 \u00a0 \u00a0 \u00a0 \u00a0 \u00a0 \u00a0 \u00a0 \u00a0 \u00a0 \u00a0 \u00a0 \u00a0 \u00a0 \u00a0 \u00a0 \u00a0 \u00a0 \u00a0 \u00a0 \u00a0 \u00a0 \u00a0 \u00a0 \u00a0 \u00a0 \u00a0 \u00a0 \u00a0 \u00a0 \u00a0 \u00a0 \u00a0 \u00a0 \u00a0 \u00a0 \u00a0 \u00a0 \u00a0 \u00a0 &hellip; <a href=\"http:\/\/www.efj.press\/jessicamohammedi\/collaboration-avec-yann-arthus-bertrand\/portrait-lacces-a-linformation-pour-tous\/\" class=\"more-link\">Continuer la lecture de <span class=\"screen-reader-text\">PORTRAIT : L\u2019ACC\u00c8S A L&rsquo;INFORMATION POUR TOUS<\/span>  <span class=\"meta-nav\">&rarr;<\/span><\/a><\/p>\n","protected":false},"author":134,"featured_media":0,"parent":122,"menu_order":3,"comment_status":"closed","ping_status":"closed","template":"","meta":{"footnotes":""},"_links":{"self":[{"href":"http:\/\/www.efj.press\/jessicamohammedi\/wp-json\/wp\/v2\/pages\/134"}],"collection":[{"href":"http:\/\/www.efj.press\/jessicamohammedi\/wp-json\/wp\/v2\/pages"}],"about":[{"href":"http:\/\/www.efj.press\/jessicamohammedi\/wp-json\/wp\/v2\/types\/page"}],"author":[{"embeddable":true,"href":"http:\/\/www.efj.press\/jessicamohammedi\/wp-json\/wp\/v2\/users\/134"}],"replies":[{"embeddable":true,"href":"http:\/\/www.efj.press\/jessicamohammedi\/wp-json\/wp\/v2\/comments?post=134"}],"version-history":[{"count":2,"href":"http:\/\/www.efj.press\/jessicamohammedi\/wp-json\/wp\/v2\/pages\/134\/revisions"}],"predecessor-version":[{"id":147,"href":"http:\/\/www.efj.press\/jessicamohammedi\/wp-json\/wp\/v2\/pages\/134\/revisions\/147"}],"up":[{"embeddable":true,"href":"http:\/\/www.efj.press\/jessicamohammedi\/wp-json\/wp\/v2\/pages\/122"}],"wp:attachment":[{"href":"http:\/\/www.efj.press\/jessicamohammedi\/wp-json\/wp\/v2\/media?parent=134"}],"curies":[{"name":"wp","href":"https:\/\/api.w.org\/{rel}","templated":true}]}}