{"id":130,"date":"2017-04-07T12:56:43","date_gmt":"2017-04-07T11:56:43","guid":{"rendered":"http:\/\/www.efj.press\/jessicamohammedi\/?page_id=130"},"modified":"2017-04-07T13:10:56","modified_gmt":"2017-04-07T12:10:56","slug":"portrait-la-bonne-fee-anti-sida","status":"publish","type":"page","link":"http:\/\/www.efj.press\/jessicamohammedi\/collaboration-avec-yann-arthus-bertrand\/portrait-la-bonne-fee-anti-sida\/","title":{"rendered":"PORTRAIT : LA BONNE FEE ANTI-SIDA"},"content":{"rendered":"<p>Qui : <em>Aur\u00e9lie \u00a0 \u00a0 \u00a0 \u00a0 \u00a0 \u00a0 \u00a0 \u00a0 \u00a0 \u00a0 \u00a0 \u00a0 \u00a0 \u00a0 \u00a0 \u00a0 \u00a0 \u00a0 \u00a0 \u00a0 \u00a0 \u00a0 \u00a0 \u00a0 \u00a0 \u00a0 \u00a0 \u00a0 \u00a0 \u00a0 \u00a0 \u00a0 \u00a0 \u00a0 \u00a0 \u00a0 \u00a0 \u00a0 \u00a0 \u00a0 \u00a0 \u00a0 \u00a0 \u00a0 \u00a0 \u00a0 \u00a0 \u00a0 \u00a0 \u00a0 \u00a0 \u00a0 \u00a0 \u00a0 \u00a0 \u00a0 \u00a0 \u00a0 \u00a0 \u00a0 \u00a0 <\/em>Action : <em>B\u00e9n\u00e9vole solidarit\u00e9 sida pr\u00e9vention aupr\u00e8s des jeunes \u00a0 \u00a0 \u00a0 \u00a0 \u00a0 \u00a0 \u00a0 \u00a0 \u00a0 \u00a0 \u00a0 \u00a0 <\/em>O\u00f9 : <em>Foyer de Jeunes Travailleurs \u00e0 Paris \u00a0 \u00a0 \u00a0 \u00a0 \u00a0 \u00a0 \u00a0 \u00a0 \u00a0 \u00a0 \u00a0 \u00a0 \u00a0 \u00a0 \u00a0 \u00a0 \u00a0 \u00a0 \u00a0 \u00a0 \u00a0 \u00a0 \u00a0 \u00a0 \u00a0 \u00a0 \u00a0 \u00a0 \u00a0 \u00a0 \u00a0 \u00a0 \u00a0 \u00a0 <\/em>Site internet :<span style=\"color: #000000\"> <em><a style=\"color: #000000\" href=\"http:\/\/www.solidays.org\/actus\/revisiter-actions-de-prevention-aupres-jeunes\/\">http:\/\/www.solidays.org\/actus\/revisiter-actions-de-prevention-aupres-jeunes\/<\/a><\/em><\/span><\/p>\n<h2 style=\"text-align: center\">La bonne f\u00e9e anti-sida<\/h2>\n<p>Le sida continue de tuer en particulier chez les jeunes. Pour Aur\u00e9lie, jeune b\u00e9n\u00e9vole de 31 ans \u00a0\u00e0 solidarit\u00e9 sida pr\u00e9vention, la pr\u00e9vention \u00e0 leurs \u00e9gards est insuffisante.\u00ab On entend encore beaucoup d\u2019inepties qui nous font dire qu\u2019il y a encore beaucoup de boulot \u00bb Aur\u00e9lie fait donc de la pr\u00e9vention \u00a0aupr\u00e8s des jeunes (18 \u00e0 30 ans) en foyer. Au cours de soir\u00e9e, elle les r\u00e9unit pour qu\u2019ils osent poser toutes les question autour de la maladie et de sa pr\u00e9vention. \u00ab Les retours sont tr\u00e8s positifs, les jeunes appr\u00e9cient ses soir\u00e9es sans tabou o\u00f9 l\u2019on parle de plaisir comme de pr\u00e9vention \u00bb.<\/p>\n","protected":false},"excerpt":{"rendered":"<p>Qui : Aur\u00e9lie \u00a0 \u00a0 \u00a0 \u00a0 \u00a0 \u00a0 \u00a0 \u00a0 \u00a0 \u00a0 \u00a0 \u00a0 \u00a0 \u00a0 \u00a0 \u00a0 \u00a0 \u00a0 \u00a0 \u00a0 \u00a0 \u00a0 \u00a0 \u00a0 \u00a0 \u00a0 \u00a0 \u00a0 \u00a0 \u00a0 \u00a0 \u00a0 \u00a0 \u00a0 \u00a0 \u00a0 \u00a0 \u00a0 \u00a0 \u00a0 \u00a0 \u00a0 \u00a0 \u00a0 \u00a0 \u00a0 \u00a0 \u00a0 \u00a0 \u00a0 \u00a0 \u00a0 &hellip; <a href=\"http:\/\/www.efj.press\/jessicamohammedi\/collaboration-avec-yann-arthus-bertrand\/portrait-la-bonne-fee-anti-sida\/\" class=\"more-link\">Continuer la lecture de <span class=\"screen-reader-text\">PORTRAIT : LA BONNE FEE ANTI-SIDA<\/span>  <span class=\"meta-nav\">&rarr;<\/span><\/a><\/p>\n","protected":false},"author":134,"featured_media":0,"parent":122,"menu_order":2,"comment_status":"closed","ping_status":"closed","template":"","meta":{"footnotes":""},"_links":{"self":[{"href":"http:\/\/www.efj.press\/jessicamohammedi\/wp-json\/wp\/v2\/pages\/130"}],"collection":[{"href":"http:\/\/www.efj.press\/jessicamohammedi\/wp-json\/wp\/v2\/pages"}],"about":[{"href":"http:\/\/www.efj.press\/jessicamohammedi\/wp-json\/wp\/v2\/types\/page"}],"author":[{"embeddable":true,"href":"http:\/\/www.efj.press\/jessicamohammedi\/wp-json\/wp\/v2\/users\/134"}],"replies":[{"embeddable":true,"href":"http:\/\/www.efj.press\/jessicamohammedi\/wp-json\/wp\/v2\/comments?post=130"}],"version-history":[{"count":3,"href":"http:\/\/www.efj.press\/jessicamohammedi\/wp-json\/wp\/v2\/pages\/130\/revisions"}],"predecessor-version":[{"id":146,"href":"http:\/\/www.efj.press\/jessicamohammedi\/wp-json\/wp\/v2\/pages\/130\/revisions\/146"}],"up":[{"embeddable":true,"href":"http:\/\/www.efj.press\/jessicamohammedi\/wp-json\/wp\/v2\/pages\/122"}],"wp:attachment":[{"href":"http:\/\/www.efj.press\/jessicamohammedi\/wp-json\/wp\/v2\/media?parent=130"}],"curies":[{"name":"wp","href":"https:\/\/api.w.org\/{rel}","templated":true}]}}