{"id":128,"date":"2017-04-07T12:55:15","date_gmt":"2017-04-07T11:55:15","guid":{"rendered":"http:\/\/www.efj.press\/jessicamohammedi\/?page_id=128"},"modified":"2017-04-07T13:10:23","modified_gmt":"2017-04-07T12:10:23","slug":"portrait-bart-weetjens","status":"publish","type":"page","link":"http:\/\/www.efj.press\/jessicamohammedi\/collaboration-avec-yann-arthus-bertrand\/portrait-bart-weetjens\/","title":{"rendered":"PORTRAIT : RAT BOY"},"content":{"rendered":"<p>Qui : <em>Bart Weetjens, fondateur APOPO association qui utilise des rats pour d\u00e9minage et tuberculose \u00a0<\/em>\u00a0 \u00a0 \u00a0 \u00a0 \u00a0 \u00a0 \u00a0 \u00a0 \u00a0 \u00a0 \u00a0 \u00a0 \u00a0 \u00a0 \u00a0 \u00a0 \u00a0 \u00a0 \u00a0 \u00a0 \u00a0 \u00a0 \u00a0 \u00a0 \u00a0 \u00a0 \u00a0 \u00a0 \u00a0 \u00a0 \u00a0 \u00a0 \u00a0 \u00a0 \u00a0 \u00a0 \u00a0 \u00a0 \u00a0 \u00a0 \u00a0 \u00a0O\u00f9 : <em>tanzanie et mozambique \u00a0 \u00a0 \u00a0 \u00a0 \u00a0 \u00a0<\/em>\u00a0 \u00a0 \u00a0 \u00a0 \u00a0 \u00a0 \u00a0 \u00a0 \u00a0 \u00a0 \u00a0 \u00a0 \u00a0 \u00a0 \u00a0 \u00a0 \u00a0 \u00a0 \u00a0 \u00a0 \u00a0 \u00a0 \u00a0 \u00a0 \u00a0 \u00a0 \u00a0 \u00a0 \u00a0 \u00a0 \u00a0 \u00a0 \u00a0 \u00a0 \u00a0 \u00a0 \u00a0 En savoir plus : <em>\u00a0https:\/\/www.apopo.org\/en\/<\/em><\/p>\n<h2 style=\"text-align: center\">Rat-boy<\/h2>\n<p style=\"text-align: center\">Bart Weetjens a une dr\u00f4le de passion : les rats. Enfant, ce n\u00e9erlandais en avait domestiqu\u00e9 trois \u00e0 son domicile. Adulte, les rongeurs ne l&rsquo;ont toujours pas quitt\u00e9. Mieux, ils inspirent ses recherches scientifiques. En 1998, il cr\u00e9e APOPO en Belgique, une organisation \u00e0 but non lucratif qui d\u00e9tecte la pr\u00e9sence de mines, en Afrique et en Asie, gr\u00e2ce au flair des rats. 105 024 mines sont ainsi d\u00e9truites. De quoi soustraire pr\u00e8s d\u2019un million de personnes \u00e0 la menace des explosifs. En 2010, Bart Weetjens fait encore appel aux mulots pour d\u00e9celer&#8230; la tuberculose. En Tanzanie, ces \u00ab HeroRAT \u00bb v\u00e9rifient jusqu&rsquo;\u00e0 100 \u00e9chantillons en 20 minutes. Les bilans de sant\u00e9s sont d\u00e9livr\u00e9s en moins de 24 heures par APOPO contre plusieurs semaines auparavant. 81 390 infections potentielles de tuberculose sont interrompues, gr\u00e2ce aux rats. \u00ab Nous pourrions les utiliser pour toute une s\u00e9rie de d\u00e9pistage, comme ceux du cancer et du diab\u00e8te ou en mati\u00e8re d\u2019environnement pour pr\u00e9venir la corrosion de pipelines par exemple ou la contamination par salmonella ou l\u00e9gionellose de la nourriture et de l\u2019eau\u00bb. Chiche !<\/p>\n","protected":false},"excerpt":{"rendered":"<p>Qui : Bart Weetjens, fondateur APOPO association qui utilise des rats pour d\u00e9minage et tuberculose \u00a0\u00a0 \u00a0 \u00a0 \u00a0 \u00a0 \u00a0 \u00a0 \u00a0 \u00a0 \u00a0 \u00a0 \u00a0 \u00a0 \u00a0 \u00a0 \u00a0 \u00a0 \u00a0 \u00a0 \u00a0 \u00a0 \u00a0 \u00a0 \u00a0 \u00a0 \u00a0 \u00a0 \u00a0 \u00a0 \u00a0 \u00a0 \u00a0 \u00a0 \u00a0 \u00a0 \u00a0 \u00a0 \u00a0 \u00a0 \u00a0 &hellip; <a href=\"http:\/\/www.efj.press\/jessicamohammedi\/collaboration-avec-yann-arthus-bertrand\/portrait-bart-weetjens\/\" class=\"more-link\">Continuer la lecture de <span class=\"screen-reader-text\">PORTRAIT : RAT BOY<\/span>  <span class=\"meta-nav\">&rarr;<\/span><\/a><\/p>\n","protected":false},"author":134,"featured_media":0,"parent":122,"menu_order":0,"comment_status":"closed","ping_status":"closed","template":"","meta":{"footnotes":""},"_links":{"self":[{"href":"http:\/\/www.efj.press\/jessicamohammedi\/wp-json\/wp\/v2\/pages\/128"}],"collection":[{"href":"http:\/\/www.efj.press\/jessicamohammedi\/wp-json\/wp\/v2\/pages"}],"about":[{"href":"http:\/\/www.efj.press\/jessicamohammedi\/wp-json\/wp\/v2\/types\/page"}],"author":[{"embeddable":true,"href":"http:\/\/www.efj.press\/jessicamohammedi\/wp-json\/wp\/v2\/users\/134"}],"replies":[{"embeddable":true,"href":"http:\/\/www.efj.press\/jessicamohammedi\/wp-json\/wp\/v2\/comments?post=128"}],"version-history":[{"count":3,"href":"http:\/\/www.efj.press\/jessicamohammedi\/wp-json\/wp\/v2\/pages\/128\/revisions"}],"predecessor-version":[{"id":145,"href":"http:\/\/www.efj.press\/jessicamohammedi\/wp-json\/wp\/v2\/pages\/128\/revisions\/145"}],"up":[{"embeddable":true,"href":"http:\/\/www.efj.press\/jessicamohammedi\/wp-json\/wp\/v2\/pages\/122"}],"wp:attachment":[{"href":"http:\/\/www.efj.press\/jessicamohammedi\/wp-json\/wp\/v2\/media?parent=128"}],"curies":[{"name":"wp","href":"https:\/\/api.w.org\/{rel}","templated":true}]}}