{"id":122,"date":"2017-04-07T12:47:32","date_gmt":"2017-04-07T11:47:32","guid":{"rendered":"http:\/\/www.efj.press\/jessicamohammedi\/?page_id=122"},"modified":"2017-04-07T13:13:16","modified_gmt":"2017-04-07T12:13:16","slug":"collaboration-avec-yann-arthus-bertrand","status":"publish","type":"page","link":"http:\/\/www.efj.press\/jessicamohammedi\/collaboration-avec-yann-arthus-bertrand\/","title":{"rendered":"COLLABORATION AVEC YANN ARTHUS-BERTRAND"},"content":{"rendered":"<p>Dans le cadre d&rsquo;un partenariat entre l&rsquo;EFJ et Yann Arthus-Bertrand, \u00a0nous avons eu l&rsquo;occasion d&rsquo;\u00e9crire des portraits sur des personnes qui changent le monde. Ces portraits appara\u00eetront dans son prochain livre. Voici quelques uns des portraits que j&rsquo;ai pu \u00e9crire.<\/p>\n<p>Bonne lecture!<\/p>\n<p>&nbsp;<\/p>\n<p style=\"text-align: right\">Jessica Mohammedi<\/p>\n","protected":false},"excerpt":{"rendered":"<p>Dans le cadre d&rsquo;un partenariat entre l&rsquo;EFJ et Yann Arthus-Bertrand, \u00a0nous avons eu l&rsquo;occasion d&rsquo;\u00e9crire des portraits sur des personnes qui changent le monde. Ces portraits appara\u00eetront dans son prochain livre. Voici quelques uns des portraits que j&rsquo;ai pu \u00e9crire. Bonne lecture! &nbsp; Jessica Mohammedi<\/p>\n","protected":false},"author":134,"featured_media":0,"parent":0,"menu_order":3,"comment_status":"closed","ping_status":"closed","template":"","meta":{"footnotes":""},"_links":{"self":[{"href":"http:\/\/www.efj.press\/jessicamohammedi\/wp-json\/wp\/v2\/pages\/122"}],"collection":[{"href":"http:\/\/www.efj.press\/jessicamohammedi\/wp-json\/wp\/v2\/pages"}],"about":[{"href":"http:\/\/www.efj.press\/jessicamohammedi\/wp-json\/wp\/v2\/types\/page"}],"author":[{"embeddable":true,"href":"http:\/\/www.efj.press\/jessicamohammedi\/wp-json\/wp\/v2\/users\/134"}],"replies":[{"embeddable":true,"href":"http:\/\/www.efj.press\/jessicamohammedi\/wp-json\/wp\/v2\/comments?post=122"}],"version-history":[{"count":2,"href":"http:\/\/www.efj.press\/jessicamohammedi\/wp-json\/wp\/v2\/pages\/122\/revisions"}],"predecessor-version":[{"id":124,"href":"http:\/\/www.efj.press\/jessicamohammedi\/wp-json\/wp\/v2\/pages\/122\/revisions\/124"}],"wp:attachment":[{"href":"http:\/\/www.efj.press\/jessicamohammedi\/wp-json\/wp\/v2\/media?parent=122"}],"curies":[{"name":"wp","href":"https:\/\/api.w.org\/{rel}","templated":true}]}}