{"id":51,"date":"2016-11-30T14:33:48","date_gmt":"2016-11-30T13:33:48","guid":{"rendered":"http:\/\/www.efj.press\/jeremyloison\/?page_id=51"},"modified":"2016-12-07T09:07:33","modified_gmt":"2016-12-07T08:07:33","slug":"cinema","status":"publish","type":"page","link":"http:\/\/www.efj.press\/jeremyloison\/cinema\/","title":{"rendered":"Cin\u00e9ma"},"content":{"rendered":"<p><img loading=\"lazy\" decoding=\"async\" class=\"alignnone size-large wp-image-112 aligncenter\" src=\"http:\/\/www.efj.press\/jeremyloison\/wp-content\/uploads\/sites\/162\/2016\/12\/Image-Star-Wars-RO-1024x576.jpg\" alt=\"image-star-wars-ro\" width=\"474\" height=\"267\" srcset=\"http:\/\/www.efj.press\/jeremyloison\/wp-content\/uploads\/sites\/162\/2016\/12\/Image-Star-Wars-RO-1024x576.jpg 1024w, http:\/\/www.efj.press\/jeremyloison\/wp-content\/uploads\/sites\/162\/2016\/12\/Image-Star-Wars-RO-300x169.jpg 300w, http:\/\/www.efj.press\/jeremyloison\/wp-content\/uploads\/sites\/162\/2016\/12\/Image-Star-Wars-RO-768x432.jpg 768w, http:\/\/www.efj.press\/jeremyloison\/wp-content\/uploads\/sites\/162\/2016\/12\/Image-Star-Wars-RO.jpg 1280w\" sizes=\"(max-width: 474px) 100vw, 474px\" \/>Rogue One, une p\u00e9rip\u00e9tie de plus&#8230;<\/p>\n<p>Sans aucune attente des fans, la licence de Disney Star Wars s\u2019appr\u00eate \u00e0 sortir un spin of situ\u00e9 entre l\u2019\u00e9pisode III et IV de la saga. Que pouvons nous en attendre ? Sera t il du m\u00eame calibre que le dernier paru en salle qui en a d\u00e9gout\u00e9 plus d\u2019un ? Des questions qui restent vagues quand on sait que Disney mise beaucoup sur le secret et l\u2019attente du spectateur.<br \/>\nEffectivement, depuis que G.Lucas a revendu la licence au mania du divertissement Disney, la saga n\u2019a plus toute sa splendeur. Le cot\u00e9 gothique et sombre de tous les \u00e9pisodes est remplac\u00e9e par une ambiance Transformers \u00a0pouvant plaire aux enfants en bas \u00e2ge. On reconna\u00eet bien l\u00e0 la patte de J.J Abrams. Bien sur des prouesses graphiques sont \u00a0pr\u00e9sentes, mais qu\u2019est ce qu\u2019un Star Wars sans sabre laser par exemple ? Un banal film sur des guerres entre rebelles et arm\u00e9es du futur, rien de plus.<\/p>\n<p>Le film nous entra\u00eene aux c\u00f4t\u00e9s d\u2019individus ordinaires qui, pour rester fid\u00e8les \u00e0 leurs valeurs, vont tenter l\u2019impossible au p\u00e9ril de leur vie. Ils n\u2019avaient pas pr\u00e9vu de devenir des h\u00e9ros, mais dans une \u00e9poque de plus en plus sombre, ils vont devoir d\u00e9rober les plans de l\u2019\u00c9toile de la Mort, l\u2019arme de destruction ultime de l\u2019Empire. Dans ce cadre de r\u00e9bellion, la fille d\u2019un g\u00e9n\u00e9ral de l\u2019Empire devra se lier avec d\u2019autres afin de d\u00e9truire le projet de l\u2019Etoile Noire ( pr\u00e9sente dans les \u00e9pisodes IV, V, VI de la saga.<\/p>\n<p>Une bande annonce qui donne envie, des effets sp\u00e9ciaux \u00e0 couper le souffle. Le cocktail pour un bon film d\u2019apr\u00e8s Disney et Gareth Edwards, ce changement de r\u00e9alisateur sera t il b\u00e9n\u00e9fique pour la licence ? Nous verrons bien le 14 d\u00e9cembre lors de sa sortie en salle<\/p>\n","protected":false},"excerpt":{"rendered":"<p>Rogue One, une p\u00e9rip\u00e9tie de plus&#8230; Sans aucune attente des fans, la licence de Disney Star Wars s\u2019appr\u00eate \u00e0 sortir un spin of situ\u00e9 entre l\u2019\u00e9pisode III et IV de la saga. Que pouvons nous en attendre ? Sera t il du m\u00eame calibre que le dernier paru en salle qui en a d\u00e9gout\u00e9 plus &hellip; <a href=\"http:\/\/www.efj.press\/jeremyloison\/cinema\/\" class=\"more-link\">Continuer la lecture de <span class=\"screen-reader-text\">Cin\u00e9ma<\/span>  <span class=\"meta-nav\">&rarr;<\/span><\/a><\/p>\n","protected":false},"author":142,"featured_media":80,"parent":0,"menu_order":0,"comment_status":"closed","ping_status":"closed","template":"","meta":{"footnotes":""},"_links":{"self":[{"href":"http:\/\/www.efj.press\/jeremyloison\/wp-json\/wp\/v2\/pages\/51"}],"collection":[{"href":"http:\/\/www.efj.press\/jeremyloison\/wp-json\/wp\/v2\/pages"}],"about":[{"href":"http:\/\/www.efj.press\/jeremyloison\/wp-json\/wp\/v2\/types\/page"}],"author":[{"embeddable":true,"href":"http:\/\/www.efj.press\/jeremyloison\/wp-json\/wp\/v2\/users\/142"}],"replies":[{"embeddable":true,"href":"http:\/\/www.efj.press\/jeremyloison\/wp-json\/wp\/v2\/comments?post=51"}],"version-history":[{"count":4,"href":"http:\/\/www.efj.press\/jeremyloison\/wp-json\/wp\/v2\/pages\/51\/revisions"}],"predecessor-version":[{"id":119,"href":"http:\/\/www.efj.press\/jeremyloison\/wp-json\/wp\/v2\/pages\/51\/revisions\/119"}],"wp:featuredmedia":[{"embeddable":true,"href":"http:\/\/www.efj.press\/jeremyloison\/wp-json\/wp\/v2\/media\/80"}],"wp:attachment":[{"href":"http:\/\/www.efj.press\/jeremyloison\/wp-json\/wp\/v2\/media?parent=51"}],"curies":[{"name":"wp","href":"https:\/\/api.w.org\/{rel}","templated":true}]}}