{"id":37,"date":"2016-11-30T14:19:36","date_gmt":"2016-11-30T13:19:36","guid":{"rendered":"http:\/\/www.efj.press\/jeremyloison\/?page_id=37"},"modified":"2016-11-30T15:27:10","modified_gmt":"2016-11-30T14:27:10","slug":"cv","status":"publish","type":"page","link":"http:\/\/www.efj.press\/jeremyloison\/cv\/","title":{"rendered":"CURRICULUM VITAE"},"content":{"rendered":"<p>&nbsp;<\/p>\n<p>\u00c9tudiant \u00e0 l&rsquo;EFJ Paris<\/p>\n<p>BAC L<\/p>\n<p>Anglais et Espagnol<\/p>\n<p>Sportif<\/p>\n<p>Journaliste sports extr\u00eames<\/p>\n<p>Chroniqueur Equalizer<\/p>\n<p>Passionn\u00e9 de cin\u00e9ma et de musique<\/p>\n<p>&nbsp;<\/p>\n","protected":false},"excerpt":{"rendered":"<p>&nbsp; \u00c9tudiant \u00e0 l&rsquo;EFJ Paris BAC L Anglais et Espagnol Sportif Journaliste sports extr\u00eames Chroniqueur Equalizer Passionn\u00e9 de cin\u00e9ma et de musique &nbsp;<\/p>\n","protected":false},"author":142,"featured_media":44,"parent":0,"menu_order":0,"comment_status":"closed","ping_status":"closed","template":"","meta":{"footnotes":""},"_links":{"self":[{"href":"http:\/\/www.efj.press\/jeremyloison\/wp-json\/wp\/v2\/pages\/37"}],"collection":[{"href":"http:\/\/www.efj.press\/jeremyloison\/wp-json\/wp\/v2\/pages"}],"about":[{"href":"http:\/\/www.efj.press\/jeremyloison\/wp-json\/wp\/v2\/types\/page"}],"author":[{"embeddable":true,"href":"http:\/\/www.efj.press\/jeremyloison\/wp-json\/wp\/v2\/users\/142"}],"replies":[{"embeddable":true,"href":"http:\/\/www.efj.press\/jeremyloison\/wp-json\/wp\/v2\/comments?post=37"}],"version-history":[{"count":5,"href":"http:\/\/www.efj.press\/jeremyloison\/wp-json\/wp\/v2\/pages\/37\/revisions"}],"predecessor-version":[{"id":82,"href":"http:\/\/www.efj.press\/jeremyloison\/wp-json\/wp\/v2\/pages\/37\/revisions\/82"}],"wp:featuredmedia":[{"embeddable":true,"href":"http:\/\/www.efj.press\/jeremyloison\/wp-json\/wp\/v2\/media\/44"}],"wp:attachment":[{"href":"http:\/\/www.efj.press\/jeremyloison\/wp-json\/wp\/v2\/media?parent=37"}],"curies":[{"name":"wp","href":"https:\/\/api.w.org\/{rel}","templated":true}]}}