{"id":134,"date":"2016-12-07T10:06:39","date_gmt":"2016-12-07T09:06:39","guid":{"rendered":"http:\/\/www.efj.press\/jeremyloison\/?page_id=134"},"modified":"2016-12-07T10:08:23","modified_gmt":"2016-12-07T09:08:23","slug":"accueil","status":"publish","type":"page","link":"http:\/\/www.efj.press\/jeremyloison\/accueil\/","title":{"rendered":"Accueil"},"content":{"rendered":"<p>Ici se trouve la rencontre de tout styles musicaux, genre de films, type de sport, d&rsquo;actus des m\u00e9dias ou des jeux vid\u00e9os. Ce blog rassemble tout les centres d&rsquo;int\u00e9r\u00eats que je poss\u00e8de, servez vous ! Un blog fait pour vous !<\/p>\n","protected":false},"excerpt":{"rendered":"<p>Ici se trouve la rencontre de tout styles musicaux, genre de films, type de sport, d&rsquo;actus des m\u00e9dias ou des jeux vid\u00e9os. Ce blog rassemble tout les centres d&rsquo;int\u00e9r\u00eats que je poss\u00e8de, servez vous ! Un blog fait pour vous !<\/p>\n","protected":false},"author":142,"featured_media":30,"parent":0,"menu_order":1,"comment_status":"closed","ping_status":"closed","template":"page-templates\/full-width.php","meta":{"footnotes":""},"_links":{"self":[{"href":"http:\/\/www.efj.press\/jeremyloison\/wp-json\/wp\/v2\/pages\/134"}],"collection":[{"href":"http:\/\/www.efj.press\/jeremyloison\/wp-json\/wp\/v2\/pages"}],"about":[{"href":"http:\/\/www.efj.press\/jeremyloison\/wp-json\/wp\/v2\/types\/page"}],"author":[{"embeddable":true,"href":"http:\/\/www.efj.press\/jeremyloison\/wp-json\/wp\/v2\/users\/142"}],"replies":[{"embeddable":true,"href":"http:\/\/www.efj.press\/jeremyloison\/wp-json\/wp\/v2\/comments?post=134"}],"version-history":[{"count":4,"href":"http:\/\/www.efj.press\/jeremyloison\/wp-json\/wp\/v2\/pages\/134\/revisions"}],"predecessor-version":[{"id":138,"href":"http:\/\/www.efj.press\/jeremyloison\/wp-json\/wp\/v2\/pages\/134\/revisions\/138"}],"wp:featuredmedia":[{"embeddable":true,"href":"http:\/\/www.efj.press\/jeremyloison\/wp-json\/wp\/v2\/media\/30"}],"wp:attachment":[{"href":"http:\/\/www.efj.press\/jeremyloison\/wp-json\/wp\/v2\/media?parent=134"}],"curies":[{"name":"wp","href":"https:\/\/api.w.org\/{rel}","templated":true}]}}