{"id":67,"date":"2016-12-06T22:00:56","date_gmt":"2016-12-06T21:00:56","guid":{"rendered":"http:\/\/www.efj.press\/hugoprotat\/?page_id=67"},"modified":"2016-12-07T12:49:20","modified_gmt":"2016-12-07T11:49:20","slug":"mojo","status":"publish","type":"page","link":"http:\/\/www.efj.press\/hugoprotat\/mojo\/","title":{"rendered":"MOJO"},"content":{"rendered":"<p><strong>Open Data M\u00e9dias<\/strong><\/p>\n<ul>\n<li><strong><a href=\"https:\/\/www.youtube.com\/watch?v=YAgdCMJb84o\">ITW \u00c9tienne Fiatte<\/a>, <\/strong>directeur de CFI\u00a0(agence de coop\u00e9ration m\u00e9dias du minist\u00e8re des Affaires \u00e9trang\u00e8res).<\/li>\n<li><strong><a href=\"https:\/\/www.youtube.com\/watch?v=ic_G_alSiS4&amp;t=99s\">ITW Sylvain Lapoix<\/a>, <\/strong>datajournaliste, ex DATAGUEULE et cr\u00e9ateur du #PortesOuvertes lors des attentats du 13 novembre.<\/li>\n<\/ul>\n","protected":false},"excerpt":{"rendered":"<p>Open Data M\u00e9dias ITW \u00c9tienne Fiatte, directeur de CFI\u00a0(agence de coop\u00e9ration m\u00e9dias du minist\u00e8re des Affaires \u00e9trang\u00e8res). ITW Sylvain Lapoix, datajournaliste, ex DATAGUEULE et cr\u00e9ateur du #PortesOuvertes lors des attentats du 13 novembre.<\/p>\n","protected":false},"author":138,"featured_media":0,"parent":0,"menu_order":0,"comment_status":"closed","ping_status":"closed","template":"","meta":{"footnotes":""},"_links":{"self":[{"href":"http:\/\/www.efj.press\/hugoprotat\/wp-json\/wp\/v2\/pages\/67"}],"collection":[{"href":"http:\/\/www.efj.press\/hugoprotat\/wp-json\/wp\/v2\/pages"}],"about":[{"href":"http:\/\/www.efj.press\/hugoprotat\/wp-json\/wp\/v2\/types\/page"}],"author":[{"embeddable":true,"href":"http:\/\/www.efj.press\/hugoprotat\/wp-json\/wp\/v2\/users\/138"}],"replies":[{"embeddable":true,"href":"http:\/\/www.efj.press\/hugoprotat\/wp-json\/wp\/v2\/comments?post=67"}],"version-history":[{"count":5,"href":"http:\/\/www.efj.press\/hugoprotat\/wp-json\/wp\/v2\/pages\/67\/revisions"}],"predecessor-version":[{"id":84,"href":"http:\/\/www.efj.press\/hugoprotat\/wp-json\/wp\/v2\/pages\/67\/revisions\/84"}],"wp:attachment":[{"href":"http:\/\/www.efj.press\/hugoprotat\/wp-json\/wp\/v2\/media?parent=67"}],"curies":[{"name":"wp","href":"https:\/\/api.w.org\/{rel}","templated":true}]}}