{"id":2,"date":"2016-10-10T23:40:20","date_gmt":"2016-10-10T22:40:20","guid":{"rendered":"http:\/\/www.efj.press\/hugocouturier\/?page_id=2"},"modified":"2016-11-16T15:38:24","modified_gmt":"2016-11-16T14:38:24","slug":"page-d-exemple","status":"publish","type":"page","link":"http:\/\/www.efj.press\/hugocouturier\/","title":{"rendered":"Bienvenu(e) Sur Le WordPress d&rsquo;Hugo Couturier"},"content":{"rendered":"<p>Archives, Interviews, Reportages et Articles c&rsquo;est au Programme de ce WordPress,<\/p>\n<p>Etudiant \u00e0 L&rsquo;EFJ et journaliste ind\u00e9pendant pour le site que j&rsquo;ai cr\u00e9er \u00ab\u00a0Gar\u00e7on L&rsquo;interview\u00a0\u00bb, Je publie mes Interviews ainsi que mes reportages sur <a href=\"https:\/\/www.youtube.com\/channel\/UCeNks-Kd6tM-EMqIRmiQ5MA\">Youtube<\/a>.<\/p>\n<p>Bon Visionnage !<\/p>\n","protected":false},"excerpt":{"rendered":"<p>Archives, Interviews, Reportages et Articles c&rsquo;est au Programme de ce WordPress, Etudiant \u00e0 L&rsquo;EFJ et journaliste ind\u00e9pendant pour le site que j&rsquo;ai cr\u00e9er \u00ab\u00a0Gar\u00e7on L&rsquo;interview\u00a0\u00bb, Je publie mes Interviews ainsi que mes reportages sur Youtube. Bon Visionnage !<\/p>\n","protected":false},"author":125,"featured_media":0,"parent":0,"menu_order":0,"comment_status":"closed","ping_status":"open","template":"","meta":{"footnotes":""},"_links":{"self":[{"href":"http:\/\/www.efj.press\/hugocouturier\/wp-json\/wp\/v2\/pages\/2"}],"collection":[{"href":"http:\/\/www.efj.press\/hugocouturier\/wp-json\/wp\/v2\/pages"}],"about":[{"href":"http:\/\/www.efj.press\/hugocouturier\/wp-json\/wp\/v2\/types\/page"}],"author":[{"embeddable":true,"href":"http:\/\/www.efj.press\/hugocouturier\/wp-json\/wp\/v2\/users\/125"}],"replies":[{"embeddable":true,"href":"http:\/\/www.efj.press\/hugocouturier\/wp-json\/wp\/v2\/comments?post=2"}],"version-history":[{"count":2,"href":"http:\/\/www.efj.press\/hugocouturier\/wp-json\/wp\/v2\/pages\/2\/revisions"}],"predecessor-version":[{"id":36,"href":"http:\/\/www.efj.press\/hugocouturier\/wp-json\/wp\/v2\/pages\/2\/revisions\/36"}],"wp:attachment":[{"href":"http:\/\/www.efj.press\/hugocouturier\/wp-json\/wp\/v2\/media?parent=2"}],"curies":[{"name":"wp","href":"https:\/\/api.w.org\/{rel}","templated":true}]}}