{"id":21,"date":"2016-11-09T15:55:30","date_gmt":"2016-11-09T14:55:30","guid":{"rendered":"http:\/\/www.efj.press\/fabienchorlet\/?page_id=21"},"modified":"2016-12-06T19:32:35","modified_gmt":"2016-12-06T18:32:35","slug":"travaux-multimedia-mojo","status":"publish","type":"page","link":"http:\/\/www.efj.press\/fabienchorlet\/travaux-multimedia-mojo\/","title":{"rendered":"Travaux Mobile Journalisme"},"content":{"rendered":"<p>MOJO : Mobile Journalisme<\/p>\n<p>Le principe est de r\u00e9aliser et monter des vid\u00e9os, reportages, interview, tr\u00e8s concises \u00e0 partir d\u2019un smartphone.<\/p>\n<p>Cette nouvelle technique journalistique a \u00e9t\u00e9\u00a0cr\u00e9e par le journaliste am\u00e9ricain Robb Montgomery, qui a ensuite cr\u00e9\u00e9 son \u00e9cole de MOJO en ligne : \u00a0http:\/\/www.smartfilmschool.com<\/p>\n<p>Ici, vous trouverez mes diff\u00e9rentes r\u00e9alisations MOJO.<\/p>\n<p>La rentr\u00e9e \u00e0 l&rsquo;EFJ avec Maxime Coupeau (vid\u00e9o mont\u00e9e avec un IPhone 6S et l&rsquo;application Quik)<\/p>\n<p><iframe loading=\"lazy\" width=\"474\" height=\"356\" src=\"https:\/\/www.youtube.com\/embed\/PEvonBEBP6w?feature=oembed\" frameborder=\"0\" allowfullscreen><\/iframe><\/p>\n<p>Au travail&#8230; avec Maxime Coupeau (vid\u00e9o mont\u00e9e avec un IPhone 6S et l&rsquo;application Quik)<\/p>\n<p><iframe loading=\"lazy\" width=\"474\" height=\"356\" src=\"https:\/\/www.youtube.com\/embed\/Iya0pIFdOU4?feature=oembed\" frameborder=\"0\" allowfullscreen><\/iframe><\/p>\n<p>Salon de la presse au futur \u00e9dition 2016 (vid\u00e9o mont\u00e9e avec un Samsung Galaxy S5 et l&rsquo;application Kinemaster)<\/p>\n<p><iframe loading=\"lazy\" width=\"474\" height=\"356\" src=\"https:\/\/www.youtube.com\/embed\/d4RT-SGPjj4?feature=oembed\" frameborder=\"0\" allowfullscreen><\/iframe><\/p>\n<p>No\u00ebl gourmand au march\u00e9 de No\u00ebl de Paris avec Maxime Coupeau (vid\u00e9o mont\u00e9e avec un IPhone 6S et l&rsquo;application IMovie)<\/p>\n<p><iframe loading=\"lazy\" width=\"474\" height=\"267\" src=\"https:\/\/www.youtube.com\/embed\/5CllvkF8hlE?feature=oembed\" frameborder=\"0\" allowfullscreen><\/iframe><\/p>\n<p>&nbsp;<\/p>\n","protected":false},"excerpt":{"rendered":"<p>MOJO : Mobile Journalisme Le principe est de r\u00e9aliser et monter des vid\u00e9os, reportages, interview, tr\u00e8s concises \u00e0 partir d\u2019un smartphone. Cette nouvelle technique journalistique a \u00e9t\u00e9\u00a0cr\u00e9e par le journaliste am\u00e9ricain Robb Montgomery, qui a ensuite cr\u00e9\u00e9 son \u00e9cole de MOJO en ligne : \u00a0http:\/\/www.smartfilmschool.com Ici, vous trouverez mes diff\u00e9rentes r\u00e9alisations MOJO. La rentr\u00e9e \u00e0 &hellip; <a href=\"http:\/\/www.efj.press\/fabienchorlet\/travaux-multimedia-mojo\/\" class=\"more-link\">Continuer la lecture de <span class=\"screen-reader-text\">Travaux Mobile Journalisme<\/span>  <span class=\"meta-nav\">&rarr;<\/span><\/a><\/p>\n","protected":false},"author":123,"featured_media":0,"parent":0,"menu_order":0,"comment_status":"closed","ping_status":"closed","template":"","meta":{"footnotes":""},"_links":{"self":[{"href":"http:\/\/www.efj.press\/fabienchorlet\/wp-json\/wp\/v2\/pages\/21"}],"collection":[{"href":"http:\/\/www.efj.press\/fabienchorlet\/wp-json\/wp\/v2\/pages"}],"about":[{"href":"http:\/\/www.efj.press\/fabienchorlet\/wp-json\/wp\/v2\/types\/page"}],"author":[{"embeddable":true,"href":"http:\/\/www.efj.press\/fabienchorlet\/wp-json\/wp\/v2\/users\/123"}],"replies":[{"embeddable":true,"href":"http:\/\/www.efj.press\/fabienchorlet\/wp-json\/wp\/v2\/comments?post=21"}],"version-history":[{"count":8,"href":"http:\/\/www.efj.press\/fabienchorlet\/wp-json\/wp\/v2\/pages\/21\/revisions"}],"predecessor-version":[{"id":109,"href":"http:\/\/www.efj.press\/fabienchorlet\/wp-json\/wp\/v2\/pages\/21\/revisions\/109"}],"wp:attachment":[{"href":"http:\/\/www.efj.press\/fabienchorlet\/wp-json\/wp\/v2\/media?parent=21"}],"curies":[{"name":"wp","href":"https:\/\/api.w.org\/{rel}","templated":true}]}}