{"id":2,"date":"2016-10-10T23:40:01","date_gmt":"2016-10-10T22:40:01","guid":{"rendered":"http:\/\/www.efj.press\/fabienchorlet\/?page_id=2"},"modified":"2016-12-07T18:51:39","modified_gmt":"2016-12-07T17:51:39","slug":"accueil","status":"publish","type":"page","link":"http:\/\/www.efj.press\/fabienchorlet\/","title":{"rendered":"Accueil"},"content":{"rendered":"<p>Bonjour et bienvenue \u00e0 tous sur mon blog !<\/p>\n<p>Etudiant en journalisme \u00e0 l&rsquo;EFJ \u00a0en 1\u00e8re ann\u00e9e, je mets en ligne la plupart de mes travaux (scolaires et personnels).<\/p>\n<p>Ici, vous trouverez des articles diverses et vari\u00e9s ax\u00e9s principalement sur le sport.<\/p>\n<p>Pour plus d&rsquo;informations, je vous invite \u00e0 vous rendre sur mon <a href=\"http:\/\/www.efj.press\/fabienchorlet\/cv\/\">CV<\/a>.<\/p>\n<p>Pour me suivre sur les r\u00e9seaux sociaux, cliquez ci-dessous.<\/p>\n<p><a href=\"https:\/\/twitter.com\/fabchorlet\"><img loading=\"lazy\" decoding=\"async\" class=\"alignnone wp-image-46\" src=\"http:\/\/www.efj.press\/fabienchorlet\/wp-content\/uploads\/sites\/142\/2016\/10\/twitterguillaumenarduzzi.jpg\" alt=\"twitterguillaumenarduzzi\" width=\"61\" height=\"61\" \/><\/a>\u00a0\u00a0\u00a0<a href=\"https:\/\/www.instagram.com\/fabienchorlet\/\"><img loading=\"lazy\" decoding=\"async\" class=\"alignnone wp-image-47\" src=\"http:\/\/www.efj.press\/fabienchorlet\/wp-content\/uploads\/sites\/142\/2016\/10\/instagramguillaumenarduzzi.jpg\" alt=\"instagramguillaumenarduzzi\" width=\"61\" height=\"61\" \/><\/a>\u00a0\u00a0\u00a0<a href=\"https:\/\/www.facebook.com\/fabien.chorlet\"><img loading=\"lazy\" decoding=\"async\" class=\"alignnone wp-image-44\" src=\"http:\/\/www.efj.press\/fabienchorlet\/wp-content\/uploads\/sites\/142\/2016\/10\/facebookguillaumenarduzzi.jpg\" alt=\"facebookguillaumenarduzzi\" width=\"61\" height=\"61\" \/><\/a>\u00a0\u00a0 <a href=\"https:\/\/www.youtube.com\/channel\/UCF_7tbsx12w_It2Uj_WoXuA\"><img loading=\"lazy\" decoding=\"async\" class=\"alignnone wp-image-116\" src=\"http:\/\/www.efj.press\/fabienchorlet\/wp-content\/uploads\/sites\/142\/2016\/10\/th.jpg\" alt=\"th\" width=\"61\" height=\"61\" srcset=\"http:\/\/www.efj.press\/fabienchorlet\/wp-content\/uploads\/sites\/142\/2016\/10\/th.jpg 300w, http:\/\/www.efj.press\/fabienchorlet\/wp-content\/uploads\/sites\/142\/2016\/10\/th-150x150.jpg 150w\" sizes=\"(max-width: 61px) 100vw, 61px\" \/><\/a><\/p>\n<p>&nbsp;<\/p>\n","protected":false},"excerpt":{"rendered":"<p>Bonjour et bienvenue \u00e0 tous sur mon blog ! Etudiant en journalisme \u00e0 l&rsquo;EFJ \u00a0en 1\u00e8re ann\u00e9e, je mets en ligne la plupart de mes travaux (scolaires et personnels). Ici, vous trouverez des articles diverses et vari\u00e9s ax\u00e9s principalement sur le sport. Pour plus d&rsquo;informations, je vous invite \u00e0 vous rendre sur mon CV. Pour &hellip; <a href=\"http:\/\/www.efj.press\/fabienchorlet\/\" class=\"more-link\">Continuer la lecture de <span class=\"screen-reader-text\">Accueil<\/span>  <span class=\"meta-nav\">&rarr;<\/span><\/a><\/p>\n","protected":false},"author":123,"featured_media":0,"parent":0,"menu_order":0,"comment_status":"closed","ping_status":"open","template":"","meta":{"footnotes":""},"_links":{"self":[{"href":"http:\/\/www.efj.press\/fabienchorlet\/wp-json\/wp\/v2\/pages\/2"}],"collection":[{"href":"http:\/\/www.efj.press\/fabienchorlet\/wp-json\/wp\/v2\/pages"}],"about":[{"href":"http:\/\/www.efj.press\/fabienchorlet\/wp-json\/wp\/v2\/types\/page"}],"author":[{"embeddable":true,"href":"http:\/\/www.efj.press\/fabienchorlet\/wp-json\/wp\/v2\/users\/123"}],"replies":[{"embeddable":true,"href":"http:\/\/www.efj.press\/fabienchorlet\/wp-json\/wp\/v2\/comments?post=2"}],"version-history":[{"count":15,"href":"http:\/\/www.efj.press\/fabienchorlet\/wp-json\/wp\/v2\/pages\/2\/revisions"}],"predecessor-version":[{"id":17,"href":"http:\/\/www.efj.press\/fabienchorlet\/wp-json\/wp\/v2\/pages\/2\/revisions\/17"}],"wp:attachment":[{"href":"http:\/\/www.efj.press\/fabienchorlet\/wp-json\/wp\/v2\/media?parent=2"}],"curies":[{"name":"wp","href":"https:\/\/api.w.org\/{rel}","templated":true}]}}