{"id":19,"date":"2016-11-09T15:54:57","date_gmt":"2016-11-09T14:54:57","guid":{"rendered":"http:\/\/www.efj.press\/fabienchorlet\/?page_id=19"},"modified":"2016-12-07T18:28:57","modified_gmt":"2016-12-07T17:28:57","slug":"cv","status":"publish","type":"page","link":"http:\/\/www.efj.press\/fabienchorlet\/cv\/","title":{"rendered":"CV"},"content":{"rendered":"<p style=\"text-align: center\"><strong>Fabien Chorlet<\/strong><\/p>\n<p style=\"text-align: center\"><img loading=\"lazy\" decoding=\"async\" class=\"alignnone size-medium wp-image-102\" src=\"http:\/\/www.efj.press\/fabienchorlet\/wp-content\/uploads\/sites\/142\/2016\/11\/14625382_1148655008557348_47673449_n-193x300.jpg\" alt=\"14625382_1148655008557348_47673449_n\" width=\"193\" height=\"300\" srcset=\"http:\/\/www.efj.press\/fabienchorlet\/wp-content\/uploads\/sites\/142\/2016\/11\/14625382_1148655008557348_47673449_n-193x300.jpg 193w, http:\/\/www.efj.press\/fabienchorlet\/wp-content\/uploads\/sites\/142\/2016\/11\/14625382_1148655008557348_47673449_n.jpg 618w\" sizes=\"(max-width: 193px) 100vw, 193px\" \/><\/p>\n<ul>\n<li>Date de naissance : 29\/11\/1998<\/li>\n<li>Nationalit\u00e9 : Fran\u00e7aise<\/li>\n<li>Mail : fabien.chorlet.efj@gmail.com<\/li>\n<li>T\u00e9l\u00e9phone : 0613267339<\/li>\n<\/ul>\n<p><strong>Formations\u00a0<\/strong><\/p>\n<p>2016 &#8211; EFJ Paris (1\u00e8re ann\u00e9e)<\/p>\n<p>2013 &#8211; 2016 : Lyc\u00e9e POTHIER (Orl\u00e9ans) &#8211; Baccalaur\u00e9at \u00e9conomie et sociales mention TB<\/p>\n<p>2010 &#8211; 2013 : Coll\u00e8ge Jean Moulin (Artenay)<\/p>\n<p>2010 &#8211; Stage d&rsquo;observation de 3\u00e8me effectu\u00e9 au sein de France Honda Manufacturing<\/p>\n<p><strong>Exp\u00e9rience professionnelles\u00a0<\/strong><\/p>\n<p>2014 &#8211; Commentateur de matches de Ligue 1 pour une radio locale : VagFM<\/p>\n<p>2012 &#8211; 2016 : r\u00e9daction d&rsquo;articles publi\u00e9s sur Bein Sport Yourzone<\/p>\n<p><strong>Comp\u00e9tences\u00a0<\/strong><\/p>\n<ul>\n<li>Langue vivante 1 : Anglais (B1) &#8211;<\/li>\n<li>Langue vivante 2 : Espagnol (B1)<\/li>\n<li>Langue vivante 3 : Italien (A2)<\/li>\n<\/ul>\n<p>Formation journalistique (bases r\u00e9dactionnelles)<\/p>\n<p>Data-journalisme<\/p>\n<p>Mobile journalisme (Mojo)<\/p>\n<p>Kinemaster\/IMovie\/Office\/WordPress<\/p>\n<p><strong>Centres d&rsquo;int\u00e9r\u00eats\u00a0<\/strong><\/p>\n<p>Sport (Pratique du foot en comp\u00e9tition depuis 14 ans, joueur de Chevilly en Seniors)<\/p>\n<p style=\"text-align: left\">Actualit\u00e9s fran\u00e7aises (politique, soci\u00e9t\u00e9, m\u00e9dias, sport)<\/p>\n<p>&nbsp;<\/p>\n","protected":false},"excerpt":{"rendered":"<p>Fabien Chorlet Date de naissance : 29\/11\/1998 Nationalit\u00e9 : Fran\u00e7aise Mail : fabien.chorlet.efj@gmail.com T\u00e9l\u00e9phone : 0613267339 Formations\u00a0 2016 &#8211; EFJ Paris (1\u00e8re ann\u00e9e) 2013 &#8211; 2016 : Lyc\u00e9e POTHIER (Orl\u00e9ans) &#8211; Baccalaur\u00e9at \u00e9conomie et sociales mention TB 2010 &#8211; 2013 : Coll\u00e8ge Jean Moulin (Artenay) 2010 &#8211; Stage d&rsquo;observation de 3\u00e8me effectu\u00e9 au sein de &hellip; <a href=\"http:\/\/www.efj.press\/fabienchorlet\/cv\/\" class=\"more-link\">Continuer la lecture de <span class=\"screen-reader-text\">CV<\/span>  <span class=\"meta-nav\">&rarr;<\/span><\/a><\/p>\n","protected":false},"author":123,"featured_media":0,"parent":0,"menu_order":0,"comment_status":"closed","ping_status":"closed","template":"","meta":{"footnotes":""},"_links":{"self":[{"href":"http:\/\/www.efj.press\/fabienchorlet\/wp-json\/wp\/v2\/pages\/19"}],"collection":[{"href":"http:\/\/www.efj.press\/fabienchorlet\/wp-json\/wp\/v2\/pages"}],"about":[{"href":"http:\/\/www.efj.press\/fabienchorlet\/wp-json\/wp\/v2\/types\/page"}],"author":[{"embeddable":true,"href":"http:\/\/www.efj.press\/fabienchorlet\/wp-json\/wp\/v2\/users\/123"}],"replies":[{"embeddable":true,"href":"http:\/\/www.efj.press\/fabienchorlet\/wp-json\/wp\/v2\/comments?post=19"}],"version-history":[{"count":6,"href":"http:\/\/www.efj.press\/fabienchorlet\/wp-json\/wp\/v2\/pages\/19\/revisions"}],"predecessor-version":[{"id":111,"href":"http:\/\/www.efj.press\/fabienchorlet\/wp-json\/wp\/v2\/pages\/19\/revisions\/111"}],"wp:attachment":[{"href":"http:\/\/www.efj.press\/fabienchorlet\/wp-json\/wp\/v2\/media?parent=19"}],"curies":[{"name":"wp","href":"https:\/\/api.w.org\/{rel}","templated":true}]}}