{"id":28,"date":"2017-01-16T10:59:53","date_gmt":"2017-01-16T09:59:53","guid":{"rendered":"http:\/\/www.efj.press\/emmanuellelacheny\/?page_id=28"},"modified":"2019-11-07T09:02:42","modified_gmt":"2019-11-07T08:02:42","slug":"bio","status":"publish","type":"page","link":"http:\/\/www.efj.press\/emmanuellelacheny\/","title":{"rendered":"Bienvenue sur mon blog"},"content":{"rendered":"<p>Vous trouverez ici une partie de mes travaux. Ce blog a \u00e9t\u00e9 cr\u00e9\u00e9 lors de mes \u00e9tudes \u00e0 l&rsquo;EFJ.<\/p>\n\n<div class=\"twitter-share\"><a href=\"https:\/\/twitter.com\/intent\/tweet?via=EmmanuelleLcy\" class=\"twitter-share-button\" data-size=\"large\">Tweet<\/a><\/div>\n","protected":false},"excerpt":{"rendered":"<p>Vous trouverez ici une partie de mes travaux. Ce blog a \u00e9t\u00e9 cr\u00e9\u00e9 lors de mes \u00e9tudes \u00e0 l&rsquo;EFJ.<\/p>\n","protected":false},"author":107,"featured_media":0,"parent":0,"menu_order":0,"comment_status":"closed","ping_status":"closed","template":"","meta":{"footnotes":""},"_links":{"self":[{"href":"http:\/\/www.efj.press\/emmanuellelacheny\/wp-json\/wp\/v2\/pages\/28"}],"collection":[{"href":"http:\/\/www.efj.press\/emmanuellelacheny\/wp-json\/wp\/v2\/pages"}],"about":[{"href":"http:\/\/www.efj.press\/emmanuellelacheny\/wp-json\/wp\/v2\/types\/page"}],"author":[{"embeddable":true,"href":"http:\/\/www.efj.press\/emmanuellelacheny\/wp-json\/wp\/v2\/users\/107"}],"replies":[{"embeddable":true,"href":"http:\/\/www.efj.press\/emmanuellelacheny\/wp-json\/wp\/v2\/comments?post=28"}],"version-history":[{"count":16,"href":"http:\/\/www.efj.press\/emmanuellelacheny\/wp-json\/wp\/v2\/pages\/28\/revisions"}],"predecessor-version":[{"id":151,"href":"http:\/\/www.efj.press\/emmanuellelacheny\/wp-json\/wp\/v2\/pages\/28\/revisions\/151"}],"wp:attachment":[{"href":"http:\/\/www.efj.press\/emmanuellelacheny\/wp-json\/wp\/v2\/media?parent=28"}],"curies":[{"name":"wp","href":"https:\/\/api.w.org\/{rel}","templated":true}]}}