{"id":43,"date":"2016-11-16T15:45:44","date_gmt":"2016-11-16T14:45:44","guid":{"rendered":"http:\/\/www.efj.press\/eleonorekorady\/?page_id=43"},"modified":"2017-02-07T17:02:34","modified_gmt":"2017-02-07T16:02:34","slug":"mojo","status":"publish","type":"page","link":"http:\/\/www.efj.press\/eleonorekorady\/travaux\/mojo\/","title":{"rendered":"Mojo"},"content":{"rendered":"<blockquote data-secret=\"AWSjJYXFRE\" class=\"wp-embedded-content\"><p><a href=\"http:\/\/www.efj.press\/eleonorekorady\/2017\/02\/07\/rencontres-francophones-video-mobile\/\">Les rencontres francophones de la vid\u00e9o mobile 2017<\/a><\/p><\/blockquote>\n<p><iframe class=\"wp-embedded-content\" sandbox=\"allow-scripts\" security=\"restricted\" style=\"position: absolute; clip: rect(1px, 1px, 1px, 1px);\" src=\"http:\/\/www.efj.press\/eleonorekorady\/2017\/02\/07\/rencontres-francophones-video-mobile\/embed\/#?secret=AWSjJYXFRE\" data-secret=\"AWSjJYXFRE\" width=\"474\" height=\"267\" title=\"&#8220;Les rencontres francophones de la vid\u00e9o mobile 2017&#8221; &#8212; \u00c9l\u00e9onore Korady\" frameborder=\"0\" marginwidth=\"0\" marginheight=\"0\" scrolling=\"no\"><\/iframe><\/p>\n<blockquote data-secret=\"2obEAGtDZ3\" class=\"wp-embedded-content\"><p><a href=\"http:\/\/www.efj.press\/eleonorekorady\/2016\/12\/06\/le-salon-presse-au-futur\/\">Le Salon Presse au Futur<\/a><\/p><\/blockquote>\n<p><iframe class=\"wp-embedded-content\" sandbox=\"allow-scripts\" security=\"restricted\" style=\"position: absolute; clip: rect(1px, 1px, 1px, 1px);\" src=\"http:\/\/www.efj.press\/eleonorekorady\/2016\/12\/06\/le-salon-presse-au-futur\/embed\/#?secret=2obEAGtDZ3\" data-secret=\"2obEAGtDZ3\" width=\"474\" height=\"267\" title=\"&#8220;Le Salon Presse au Futur&#8221; &#8212; \u00c9l\u00e9onore Korady\" frameborder=\"0\" marginwidth=\"0\" marginheight=\"0\" scrolling=\"no\"><\/iframe><\/p>\n<blockquote data-secret=\"gOdOZ9Vua0\" class=\"wp-embedded-content\"><p><a href=\"http:\/\/www.efj.press\/eleonorekorady\/2016\/12\/06\/interview-dun-eleve-en-efj1\/\">Interview d&rsquo;un \u00e9l\u00e8ve en EFJ1<\/a><\/p><\/blockquote>\n<p><iframe class=\"wp-embedded-content\" sandbox=\"allow-scripts\" security=\"restricted\" style=\"position: absolute; clip: rect(1px, 1px, 1px, 1px);\" src=\"http:\/\/www.efj.press\/eleonorekorady\/2016\/12\/06\/interview-dun-eleve-en-efj1\/embed\/#?secret=gOdOZ9Vua0\" data-secret=\"gOdOZ9Vua0\" width=\"474\" height=\"267\" title=\"&#8220;Interview d&rsquo;un \u00e9l\u00e8ve en EFJ1&#8221; &#8212; \u00c9l\u00e9onore Korady\" frameborder=\"0\" marginwidth=\"0\" marginheight=\"0\" scrolling=\"no\"><\/iframe><\/p>\n<blockquote data-secret=\"zfaYbJtxws\" class=\"wp-embedded-content\"><p><a href=\"http:\/\/www.efj.press\/eleonorekorady\/2016\/12\/06\/elections-americaines-2016\/\">Elections am\u00e9ricaines 2016<\/a><\/p><\/blockquote>\n<p><iframe class=\"wp-embedded-content\" sandbox=\"allow-scripts\" security=\"restricted\" style=\"position: absolute; clip: rect(1px, 1px, 1px, 1px);\" src=\"http:\/\/www.efj.press\/eleonorekorady\/2016\/12\/06\/elections-americaines-2016\/embed\/#?secret=zfaYbJtxws\" data-secret=\"zfaYbJtxws\" width=\"474\" height=\"267\" title=\"&#8220;Elections am\u00e9ricaines 2016&#8221; &#8212; \u00c9l\u00e9onore Korady\" frameborder=\"0\" marginwidth=\"0\" marginheight=\"0\" scrolling=\"no\"><\/iframe><\/p>\n<blockquote data-secret=\"Xsck5UxRkS\" class=\"wp-embedded-content\"><p><a href=\"http:\/\/www.efj.press\/eleonorekorady\/2016\/10\/23\/au-travail\/\">Au travail !<\/a><\/p><\/blockquote>\n<p><iframe class=\"wp-embedded-content\" sandbox=\"allow-scripts\" security=\"restricted\" style=\"position: absolute; clip: rect(1px, 1px, 1px, 1px);\" src=\"http:\/\/www.efj.press\/eleonorekorady\/2016\/10\/23\/au-travail\/embed\/#?secret=Xsck5UxRkS\" data-secret=\"Xsck5UxRkS\" width=\"474\" height=\"267\" title=\"&#8220;Au travail !&#8221; &#8212; \u00c9l\u00e9onore Korady\" frameborder=\"0\" marginwidth=\"0\" marginheight=\"0\" scrolling=\"no\"><\/iframe><\/p>\n","protected":false},"excerpt":{"rendered":"<p>Le Salon Presse au Futur Interview d&rsquo;un \u00e9l\u00e8ve en EFJ1 Elections am\u00e9ricaines 2016 Au travail !<\/p>\n","protected":false},"author":130,"featured_media":0,"parent":36,"menu_order":0,"comment_status":"closed","ping_status":"closed","template":"","meta":{"footnotes":""},"_links":{"self":[{"href":"http:\/\/www.efj.press\/eleonorekorady\/wp-json\/wp\/v2\/pages\/43"}],"collection":[{"href":"http:\/\/www.efj.press\/eleonorekorady\/wp-json\/wp\/v2\/pages"}],"about":[{"href":"http:\/\/www.efj.press\/eleonorekorady\/wp-json\/wp\/v2\/types\/page"}],"author":[{"embeddable":true,"href":"http:\/\/www.efj.press\/eleonorekorady\/wp-json\/wp\/v2\/users\/130"}],"replies":[{"embeddable":true,"href":"http:\/\/www.efj.press\/eleonorekorady\/wp-json\/wp\/v2\/comments?post=43"}],"version-history":[{"count":9,"href":"http:\/\/www.efj.press\/eleonorekorady\/wp-json\/wp\/v2\/pages\/43\/revisions"}],"predecessor-version":[{"id":212,"href":"http:\/\/www.efj.press\/eleonorekorady\/wp-json\/wp\/v2\/pages\/43\/revisions\/212"}],"up":[{"embeddable":true,"href":"http:\/\/www.efj.press\/eleonorekorady\/wp-json\/wp\/v2\/pages\/36"}],"wp:attachment":[{"href":"http:\/\/www.efj.press\/eleonorekorady\/wp-json\/wp\/v2\/media?parent=43"}],"curies":[{"name":"wp","href":"https:\/\/api.w.org\/{rel}","templated":true}]}}