{"id":38,"date":"2016-11-16T15:44:02","date_gmt":"2016-11-16T14:44:02","guid":{"rendered":"http:\/\/www.efj.press\/eleonorekorady\/?page_id=38"},"modified":"2017-02-07T15:47:26","modified_gmt":"2017-02-07T14:47:26","slug":"perso","status":"publish","type":"page","link":"http:\/\/www.efj.press\/eleonorekorady\/perso\/","title":{"rendered":"Perso"},"content":{"rendered":"<blockquote data-secret=\"nGP7GcKFSk\" class=\"wp-embedded-content\"><p><a href=\"http:\/\/www.efj.press\/eleonorekorady\/2017\/02\/06\/tres-engage-depeche-mode-est-de-retour\/\">Tr\u00e8s engag\u00e9, Depeche Mode est de retour !<\/a><\/p><\/blockquote>\n<p><iframe class=\"wp-embedded-content\" sandbox=\"allow-scripts\" security=\"restricted\" style=\"position: absolute; clip: rect(1px, 1px, 1px, 1px);\" src=\"http:\/\/www.efj.press\/eleonorekorady\/2017\/02\/06\/tres-engage-depeche-mode-est-de-retour\/embed\/#?secret=nGP7GcKFSk\" data-secret=\"nGP7GcKFSk\" width=\"474\" height=\"267\" title=\"&#8220;Tr\u00e8s engag\u00e9, Depeche Mode est de retour !&#8221; &#8212; \u00c9l\u00e9onore Korady\" frameborder=\"0\" marginwidth=\"0\" marginheight=\"0\" scrolling=\"no\"><\/iframe><\/p>\n<blockquote data-secret=\"3Z2JckfWkf\" class=\"wp-embedded-content\"><p><a href=\"http:\/\/www.efj.press\/eleonorekorady\/2017\/01\/03\/guess-whos-back-back-again-le-retour-ded-sheeran\/\">Guess who&rsquo;s back, back again : le retour d&rsquo;Ed Sheeran<\/a><\/p><\/blockquote>\n<p><iframe class=\"wp-embedded-content\" sandbox=\"allow-scripts\" security=\"restricted\" style=\"position: absolute; clip: rect(1px, 1px, 1px, 1px);\" src=\"http:\/\/www.efj.press\/eleonorekorady\/2017\/01\/03\/guess-whos-back-back-again-le-retour-ded-sheeran\/embed\/#?secret=3Z2JckfWkf\" data-secret=\"3Z2JckfWkf\" width=\"474\" height=\"267\" title=\"&#8220;Guess who&rsquo;s back, back again : le retour d&rsquo;Ed Sheeran&#8221; &#8212; \u00c9l\u00e9onore Korady\" frameborder=\"0\" marginwidth=\"0\" marginheight=\"0\" scrolling=\"no\"><\/iframe><\/p>\n<blockquote data-secret=\"x9DvN2IFAx\" class=\"wp-embedded-content\"><p><a href=\"http:\/\/www.efj.press\/eleonorekorady\/2016\/12\/08\/2016-en-quatre-minutes-dj-earworm-releve-le-defi\/\">2016 en quatre minutes : DJ Earworm rel\u00e8ve le d\u00e9fi !<\/a><\/p><\/blockquote>\n<p><iframe class=\"wp-embedded-content\" sandbox=\"allow-scripts\" security=\"restricted\" style=\"position: absolute; clip: rect(1px, 1px, 1px, 1px);\" src=\"http:\/\/www.efj.press\/eleonorekorady\/2016\/12\/08\/2016-en-quatre-minutes-dj-earworm-releve-le-defi\/embed\/#?secret=x9DvN2IFAx\" data-secret=\"x9DvN2IFAx\" width=\"474\" height=\"267\" title=\"&#8220;2016 en quatre minutes : DJ Earworm rel\u00e8ve le d\u00e9fi !&#8221; &#8212; \u00c9l\u00e9onore Korady\" frameborder=\"0\" marginwidth=\"0\" marginheight=\"0\" scrolling=\"no\"><\/iframe><\/p>\n<blockquote data-secret=\"KXmCBCwdxC\" class=\"wp-embedded-content\"><p><a href=\"http:\/\/www.efj.press\/eleonorekorady\/2016\/12\/05\/makeba-a-enfin-un-clip\/\">Makeba a enfin un clip !<\/a><\/p><\/blockquote>\n<p><iframe class=\"wp-embedded-content\" sandbox=\"allow-scripts\" security=\"restricted\" style=\"position: absolute; clip: rect(1px, 1px, 1px, 1px);\" src=\"http:\/\/www.efj.press\/eleonorekorady\/2016\/12\/05\/makeba-a-enfin-un-clip\/embed\/#?secret=KXmCBCwdxC\" data-secret=\"KXmCBCwdxC\" width=\"474\" height=\"267\" title=\"&#8220;Makeba a enfin un clip !&#8221; &#8212; \u00c9l\u00e9onore Korady\" frameborder=\"0\" marginwidth=\"0\" marginheight=\"0\" scrolling=\"no\"><\/iframe><\/p>\n<p>&nbsp;<\/p>\n","protected":false},"excerpt":{"rendered":"<p>Guess who&rsquo;s back, back again : le retour d&rsquo;Ed Sheeran 2016 en quatre minutes : DJ Earworm rel\u00e8ve le d\u00e9fi ! Makeba a enfin un clip ! &nbsp;<\/p>\n","protected":false},"author":130,"featured_media":0,"parent":0,"menu_order":0,"comment_status":"closed","ping_status":"closed","template":"","meta":{"footnotes":""},"_links":{"self":[{"href":"http:\/\/www.efj.press\/eleonorekorady\/wp-json\/wp\/v2\/pages\/38"}],"collection":[{"href":"http:\/\/www.efj.press\/eleonorekorady\/wp-json\/wp\/v2\/pages"}],"about":[{"href":"http:\/\/www.efj.press\/eleonorekorady\/wp-json\/wp\/v2\/types\/page"}],"author":[{"embeddable":true,"href":"http:\/\/www.efj.press\/eleonorekorady\/wp-json\/wp\/v2\/users\/130"}],"replies":[{"embeddable":true,"href":"http:\/\/www.efj.press\/eleonorekorady\/wp-json\/wp\/v2\/comments?post=38"}],"version-history":[{"count":8,"href":"http:\/\/www.efj.press\/eleonorekorady\/wp-json\/wp\/v2\/pages\/38\/revisions"}],"predecessor-version":[{"id":199,"href":"http:\/\/www.efj.press\/eleonorekorady\/wp-json\/wp\/v2\/pages\/38\/revisions\/199"}],"wp:attachment":[{"href":"http:\/\/www.efj.press\/eleonorekorady\/wp-json\/wp\/v2\/media?parent=38"}],"curies":[{"name":"wp","href":"https:\/\/api.w.org\/{rel}","templated":true}]}}