{"id":259,"date":"2017-05-19T13:22:13","date_gmt":"2017-05-19T12:22:13","guid":{"rendered":"http:\/\/www.efj.press\/eleonorekorady\/?page_id=259"},"modified":"2017-06-27T13:34:17","modified_gmt":"2017-06-27T12:34:17","slug":"cnews","status":"publish","type":"page","link":"http:\/\/www.efj.press\/eleonorekorady\/stage\/cnews\/","title":{"rendered":"CNEWS"},"content":{"rendered":"<blockquote data-secret=\"gOYpXdaKF4\" class=\"wp-embedded-content\"><p><a href=\"http:\/\/www.efj.press\/eleonorekorady\/2017\/06\/27\/voyage-entre-les-toiles-du-maitre-van-gogh\/\">Voyage entre les toiles du ma\u00eetre Van Gogh<\/a><\/p><\/blockquote>\n<p><iframe class=\"wp-embedded-content\" sandbox=\"allow-scripts\" security=\"restricted\" style=\"position: absolute; clip: rect(1px, 1px, 1px, 1px);\" src=\"http:\/\/www.efj.press\/eleonorekorady\/2017\/06\/27\/voyage-entre-les-toiles-du-maitre-van-gogh\/embed\/#?secret=gOYpXdaKF4\" data-secret=\"gOYpXdaKF4\" width=\"474\" height=\"267\" title=\"&#8220;Voyage entre les toiles du ma\u00eetre Van Gogh&#8221; &#8212; \u00c9l\u00e9onore Korady\" frameborder=\"0\" marginwidth=\"0\" marginheight=\"0\" scrolling=\"no\"><\/iframe><\/p>\n<blockquote data-secret=\"MPiKu0lBvs\" class=\"wp-embedded-content\"><p><a href=\"http:\/\/www.efj.press\/eleonorekorady\/2017\/06\/27\/montand-signoret-une-vie-aux-encheres\/\">Montand-Signoret, une vie aux ench\u00e8res<\/a><\/p><\/blockquote>\n<p><iframe class=\"wp-embedded-content\" sandbox=\"allow-scripts\" security=\"restricted\" style=\"position: absolute; clip: rect(1px, 1px, 1px, 1px);\" src=\"http:\/\/www.efj.press\/eleonorekorady\/2017\/06\/27\/montand-signoret-une-vie-aux-encheres\/embed\/#?secret=MPiKu0lBvs\" data-secret=\"MPiKu0lBvs\" width=\"474\" height=\"267\" title=\"&#8220;Montand-Signoret, une vie aux ench\u00e8res&#8221; &#8212; \u00c9l\u00e9onore Korady\" frameborder=\"0\" marginwidth=\"0\" marginheight=\"0\" scrolling=\"no\"><\/iframe><\/p>\n<blockquote data-secret=\"tDRyL8Qg6L\" class=\"wp-embedded-content\"><p><a href=\"http:\/\/www.efj.press\/eleonorekorady\/2017\/06\/26\/tati-le-tribunal-designe-gifi-comme-repreneur\/\">Tati : le tribunal d\u00e9signe Gifi comme repreneur<\/a><\/p><\/blockquote>\n<p><iframe class=\"wp-embedded-content\" sandbox=\"allow-scripts\" security=\"restricted\" style=\"position: absolute; clip: rect(1px, 1px, 1px, 1px);\" src=\"http:\/\/www.efj.press\/eleonorekorady\/2017\/06\/26\/tati-le-tribunal-designe-gifi-comme-repreneur\/embed\/#?secret=tDRyL8Qg6L\" data-secret=\"tDRyL8Qg6L\" width=\"474\" height=\"267\" title=\"&#8220;Tati : le tribunal d\u00e9signe Gifi comme repreneur&#8221; &#8212; \u00c9l\u00e9onore Korady\" frameborder=\"0\" marginwidth=\"0\" marginheight=\"0\" scrolling=\"no\"><\/iframe><\/p>\n<blockquote data-secret=\"4HM1rN3IIa\" class=\"wp-embedded-content\"><p><a href=\"http:\/\/www.efj.press\/eleonorekorady\/2017\/06\/23\/charles-aznavour-va-briller-a-hollywood\/\">Charles Aznavour va briller \u00e0 Hollywood<\/a><\/p><\/blockquote>\n<p><iframe class=\"wp-embedded-content\" sandbox=\"allow-scripts\" security=\"restricted\" style=\"position: absolute; clip: rect(1px, 1px, 1px, 1px);\" src=\"http:\/\/www.efj.press\/eleonorekorady\/2017\/06\/23\/charles-aznavour-va-briller-a-hollywood\/embed\/#?secret=4HM1rN3IIa\" data-secret=\"4HM1rN3IIa\" width=\"474\" height=\"267\" title=\"&#8220;Charles Aznavour va briller \u00e0 Hollywood&#8221; &#8212; \u00c9l\u00e9onore Korady\" frameborder=\"0\" marginwidth=\"0\" marginheight=\"0\" scrolling=\"no\"><\/iframe><\/p>\n<blockquote data-secret=\"PBiUUuNUiU\" class=\"wp-embedded-content\"><p><a href=\"http:\/\/www.efj.press\/eleonorekorady\/2017\/06\/23\/une-blogueuse-meurt-suite-a-lexplosion-dun-siphon\/\">Une blogueuse meurt suite \u00e0 l&rsquo;explosion d&rsquo;un siphon<\/a><\/p><\/blockquote>\n<p><iframe class=\"wp-embedded-content\" sandbox=\"allow-scripts\" security=\"restricted\" style=\"position: absolute; clip: rect(1px, 1px, 1px, 1px);\" src=\"http:\/\/www.efj.press\/eleonorekorady\/2017\/06\/23\/une-blogueuse-meurt-suite-a-lexplosion-dun-siphon\/embed\/#?secret=PBiUUuNUiU\" data-secret=\"PBiUUuNUiU\" width=\"474\" height=\"267\" title=\"&#8220;Une blogueuse meurt suite \u00e0 l&rsquo;explosion d&rsquo;un siphon&#8221; &#8212; \u00c9l\u00e9onore Korady\" frameborder=\"0\" marginwidth=\"0\" marginheight=\"0\" scrolling=\"no\"><\/iframe><\/p>\n<p>&nbsp;<\/p>\n<blockquote data-secret=\"pwJyQE707s\" class=\"wp-embedded-content\"><p><a href=\"http:\/\/www.efj.press\/eleonorekorady\/2017\/06\/22\/le-chapeau-de-la-reine-fait-debat\/\">Le chapeau de la reine fait d\u00e9bat<\/a><\/p><\/blockquote>\n<p><iframe class=\"wp-embedded-content\" sandbox=\"allow-scripts\" security=\"restricted\" style=\"position: absolute; clip: rect(1px, 1px, 1px, 1px);\" src=\"http:\/\/www.efj.press\/eleonorekorady\/2017\/06\/22\/le-chapeau-de-la-reine-fait-debat\/embed\/#?secret=pwJyQE707s\" data-secret=\"pwJyQE707s\" width=\"474\" height=\"267\" title=\"&#8220;Le chapeau de la reine fait d\u00e9bat&#8221; &#8212; \u00c9l\u00e9onore Korady\" frameborder=\"0\" marginwidth=\"0\" marginheight=\"0\" scrolling=\"no\"><\/iframe><\/p>\n<blockquote data-secret=\"9NgwwOrGmG\" class=\"wp-embedded-content\"><p><a href=\"http:\/\/www.efj.press\/eleonorekorady\/2017\/06\/22\/canicule-un-gratte-ciel-prive-de-climatisation-a-lyon\/\">Canicule : un gratte-ciel priv\u00e9 de climatisation \u00e0 Lyon<\/a><\/p><\/blockquote>\n<p><iframe class=\"wp-embedded-content\" sandbox=\"allow-scripts\" security=\"restricted\" style=\"position: absolute; clip: rect(1px, 1px, 1px, 1px);\" src=\"http:\/\/www.efj.press\/eleonorekorady\/2017\/06\/22\/canicule-un-gratte-ciel-prive-de-climatisation-a-lyon\/embed\/#?secret=9NgwwOrGmG\" data-secret=\"9NgwwOrGmG\" width=\"474\" height=\"267\" title=\"&#8220;Canicule : un gratte-ciel priv\u00e9 de climatisation \u00e0 Lyon&#8221; &#8212; \u00c9l\u00e9onore Korady\" frameborder=\"0\" marginwidth=\"0\" marginheight=\"0\" scrolling=\"no\"><\/iframe><\/p>\n<blockquote data-secret=\"J9A0mEv3jL\" class=\"wp-embedded-content\"><p><a href=\"http:\/\/www.efj.press\/eleonorekorady\/2017\/06\/21\/daniel-day-lewis-met-fin-a-sa-carriere-dacteur\/\">Daniel Day-Lewis met fin \u00e0 sa carri\u00e8re d&rsquo;acteur<\/a><\/p><\/blockquote>\n<p><iframe class=\"wp-embedded-content\" sandbox=\"allow-scripts\" security=\"restricted\" style=\"position: absolute; clip: rect(1px, 1px, 1px, 1px);\" src=\"http:\/\/www.efj.press\/eleonorekorady\/2017\/06\/21\/daniel-day-lewis-met-fin-a-sa-carriere-dacteur\/embed\/#?secret=J9A0mEv3jL\" data-secret=\"J9A0mEv3jL\" width=\"474\" height=\"267\" title=\"&#8220;Daniel Day-Lewis met fin \u00e0 sa carri\u00e8re d&rsquo;acteur&#8221; &#8212; \u00c9l\u00e9onore Korady\" frameborder=\"0\" marginwidth=\"0\" marginheight=\"0\" scrolling=\"no\"><\/iframe><\/p>\n<blockquote data-secret=\"1uym8OJwAc\" class=\"wp-embedded-content\"><p><a href=\"http:\/\/www.efj.press\/eleonorekorady\/2017\/06\/19\/marine-le-pen-fait-son-entree-a-lassemblee\/\">Marine Le Pen fait son entr\u00e9e \u00e0 l&rsquo;Assembl\u00e9e<\/a><\/p><\/blockquote>\n<p><iframe class=\"wp-embedded-content\" sandbox=\"allow-scripts\" security=\"restricted\" style=\"position: absolute; clip: rect(1px, 1px, 1px, 1px);\" src=\"http:\/\/www.efj.press\/eleonorekorady\/2017\/06\/19\/marine-le-pen-fait-son-entree-a-lassemblee\/embed\/#?secret=1uym8OJwAc\" data-secret=\"1uym8OJwAc\" width=\"474\" height=\"267\" title=\"&#8220;Marine Le Pen fait son entr\u00e9e \u00e0 l&rsquo;Assembl\u00e9e&#8221; &#8212; \u00c9l\u00e9onore Korady\" frameborder=\"0\" marginwidth=\"0\" marginheight=\"0\" scrolling=\"no\"><\/iframe><\/p>\n<blockquote data-secret=\"Pgw1vik0yq\" class=\"wp-embedded-content\"><p><a href=\"http:\/\/www.efj.press\/eleonorekorady\/2017\/06\/16\/la-joconde-prend-des-couleurs-dans-le-13e-arrondissement-de-paris\/\">La Joconde prend des couleurs dans le 13e arrondissement de Paris<\/a><\/p><\/blockquote>\n<p><iframe class=\"wp-embedded-content\" sandbox=\"allow-scripts\" security=\"restricted\" style=\"position: absolute; clip: rect(1px, 1px, 1px, 1px);\" src=\"http:\/\/www.efj.press\/eleonorekorady\/2017\/06\/16\/la-joconde-prend-des-couleurs-dans-le-13e-arrondissement-de-paris\/embed\/#?secret=Pgw1vik0yq\" data-secret=\"Pgw1vik0yq\" width=\"474\" height=\"267\" title=\"&#8220;La Joconde prend des couleurs dans le 13e arrondissement de Paris&#8221; &#8212; \u00c9l\u00e9onore Korady\" frameborder=\"0\" marginwidth=\"0\" marginheight=\"0\" scrolling=\"no\"><\/iframe><\/p>\n<blockquote data-secret=\"2SEcQgEDQN\" class=\"wp-embedded-content\"><p><a href=\"http:\/\/www.efj.press\/eleonorekorady\/2017\/06\/15\/donald-trump-vise-par-une-enquete\/\">Donald Trump vis\u00e9 par une enqu\u00eate<\/a><\/p><\/blockquote>\n<p><iframe class=\"wp-embedded-content\" sandbox=\"allow-scripts\" security=\"restricted\" style=\"position: absolute; clip: rect(1px, 1px, 1px, 1px);\" src=\"http:\/\/www.efj.press\/eleonorekorady\/2017\/06\/15\/donald-trump-vise-par-une-enquete\/embed\/#?secret=2SEcQgEDQN\" data-secret=\"2SEcQgEDQN\" width=\"474\" height=\"267\" title=\"&#8220;Donald Trump vis\u00e9 par une enqu\u00eate&#8221; &#8212; \u00c9l\u00e9onore Korady\" frameborder=\"0\" marginwidth=\"0\" marginheight=\"0\" scrolling=\"no\"><\/iframe><\/p>\n<blockquote data-secret=\"EULBvaTpUl\" class=\"wp-embedded-content\"><p><a href=\"http:\/\/www.efj.press\/eleonorekorady\/2017\/06\/13\/carton-plein-pour-les-parcs-parisiens\/\">Carton plein pour les parcs parisiens<\/a><\/p><\/blockquote>\n<p><iframe class=\"wp-embedded-content\" sandbox=\"allow-scripts\" security=\"restricted\" style=\"position: absolute; clip: rect(1px, 1px, 1px, 1px);\" src=\"http:\/\/www.efj.press\/eleonorekorady\/2017\/06\/13\/carton-plein-pour-les-parcs-parisiens\/embed\/#?secret=EULBvaTpUl\" data-secret=\"EULBvaTpUl\" width=\"474\" height=\"267\" title=\"&#8220;Carton plein pour les parcs parisiens&#8221; &#8212; \u00c9l\u00e9onore Korady\" frameborder=\"0\" marginwidth=\"0\" marginheight=\"0\" scrolling=\"no\"><\/iframe><\/p>\n<blockquote data-secret=\"S3TNgmQyYV\" class=\"wp-embedded-content\"><p><a href=\"http:\/\/www.efj.press\/eleonorekorady\/2017\/06\/13\/travail-je-stresse-donc-je-medite\/\">Travail : je stresse, donc je m\u00e9dite<\/a><\/p><\/blockquote>\n<p><iframe class=\"wp-embedded-content\" sandbox=\"allow-scripts\" security=\"restricted\" style=\"position: absolute; clip: rect(1px, 1px, 1px, 1px);\" src=\"http:\/\/www.efj.press\/eleonorekorady\/2017\/06\/13\/travail-je-stresse-donc-je-medite\/embed\/#?secret=S3TNgmQyYV\" data-secret=\"S3TNgmQyYV\" width=\"474\" height=\"267\" title=\"&#8220;Travail : je stresse, donc je m\u00e9dite&#8221; &#8212; \u00c9l\u00e9onore Korady\" frameborder=\"0\" marginwidth=\"0\" marginheight=\"0\" scrolling=\"no\"><\/iframe><\/p>\n<blockquote data-secret=\"LbHrQXqLHF\" class=\"wp-embedded-content\"><p><a href=\"http:\/\/www.efj.press\/eleonorekorady\/2017\/06\/12\/la-nouvelle-xbox-one-x-devoilee-cette-nuit\/\">La nouvelle XBox One X d\u00e9voil\u00e9e cette nuit<\/a><\/p><\/blockquote>\n<p><iframe class=\"wp-embedded-content\" sandbox=\"allow-scripts\" security=\"restricted\" style=\"position: absolute; clip: rect(1px, 1px, 1px, 1px);\" src=\"http:\/\/www.efj.press\/eleonorekorady\/2017\/06\/12\/la-nouvelle-xbox-one-x-devoilee-cette-nuit\/embed\/#?secret=LbHrQXqLHF\" data-secret=\"LbHrQXqLHF\" width=\"474\" height=\"267\" title=\"&#8220;La nouvelle XBox One X d\u00e9voil\u00e9e cette nuit&#8221; &#8212; \u00c9l\u00e9onore Korady\" frameborder=\"0\" marginwidth=\"0\" marginheight=\"0\" scrolling=\"no\"><\/iframe><\/p>\n<blockquote data-secret=\"Pqlr7JFCJE\" class=\"wp-embedded-content\"><p><a href=\"http:\/\/www.efj.press\/eleonorekorady\/2017\/06\/12\/sante\/\">Sant\u00e9 : le nombre d\u2019ob\u00e8ses a doubl\u00e9 en 40 ans<\/a><\/p><\/blockquote>\n<p><iframe class=\"wp-embedded-content\" sandbox=\"allow-scripts\" security=\"restricted\" style=\"position: absolute; clip: rect(1px, 1px, 1px, 1px);\" src=\"http:\/\/www.efj.press\/eleonorekorady\/2017\/06\/12\/sante\/embed\/#?secret=Pqlr7JFCJE\" data-secret=\"Pqlr7JFCJE\" width=\"474\" height=\"267\" title=\"&#8220;Sant\u00e9 : le nombre d\u2019ob\u00e8ses a doubl\u00e9 en 40 ans&#8221; &#8212; \u00c9l\u00e9onore Korady\" frameborder=\"0\" marginwidth=\"0\" marginheight=\"0\" scrolling=\"no\"><\/iframe><\/p>\n<blockquote data-secret=\"1Y6NMPoWsi\" class=\"wp-embedded-content\"><p><a href=\"http:\/\/www.efj.press\/eleonorekorady\/2017\/06\/12\/la-nouvelle-ligne-tgv-revolutionne-bordeaux\/\">La nouvelle ligne TGV r\u00e9volutionne Bordeaux<\/a><\/p><\/blockquote>\n<p><iframe class=\"wp-embedded-content\" sandbox=\"allow-scripts\" security=\"restricted\" style=\"position: absolute; clip: rect(1px, 1px, 1px, 1px);\" src=\"http:\/\/www.efj.press\/eleonorekorady\/2017\/06\/12\/la-nouvelle-ligne-tgv-revolutionne-bordeaux\/embed\/#?secret=1Y6NMPoWsi\" data-secret=\"1Y6NMPoWsi\" width=\"474\" height=\"267\" title=\"&#8220;La nouvelle ligne TGV r\u00e9volutionne Bordeaux&#8221; &#8212; \u00c9l\u00e9onore Korady\" frameborder=\"0\" marginwidth=\"0\" marginheight=\"0\" scrolling=\"no\"><\/iframe><\/p>\n<blockquote data-secret=\"u4tyZ02OAi\" class=\"wp-embedded-content\"><p><a href=\"http:\/\/www.efj.press\/eleonorekorady\/2017\/06\/07\/taskforce\/\">Emmanuel Macron lance sa Task Force : qu&rsquo;est-ce que c&rsquo;est ?<\/a><\/p><\/blockquote>\n<p><iframe class=\"wp-embedded-content\" sandbox=\"allow-scripts\" security=\"restricted\" style=\"position: absolute; clip: rect(1px, 1px, 1px, 1px);\" src=\"http:\/\/www.efj.press\/eleonorekorady\/2017\/06\/07\/taskforce\/embed\/#?secret=u4tyZ02OAi\" data-secret=\"u4tyZ02OAi\" width=\"474\" height=\"267\" title=\"&#8220;Emmanuel Macron lance sa Task Force : qu&rsquo;est-ce que c&rsquo;est ?&#8221; &#8212; \u00c9l\u00e9onore Korady\" frameborder=\"0\" marginwidth=\"0\" marginheight=\"0\" scrolling=\"no\"><\/iframe><\/p>\n<blockquote data-secret=\"LbJqBMynCa\" class=\"wp-embedded-content\"><p><a href=\"http:\/\/www.efj.press\/eleonorekorady\/2017\/06\/01\/les-etats-unis-deuxieme-pays-le-plus-pollueur-du-monde\/\">Les Etats-Unis, deuxi\u00e8me pays le plus pollueur du monde<\/a><\/p><\/blockquote>\n<p><iframe class=\"wp-embedded-content\" sandbox=\"allow-scripts\" security=\"restricted\" style=\"position: absolute; clip: rect(1px, 1px, 1px, 1px);\" src=\"http:\/\/www.efj.press\/eleonorekorady\/2017\/06\/01\/les-etats-unis-deuxieme-pays-le-plus-pollueur-du-monde\/embed\/#?secret=LbJqBMynCa\" data-secret=\"LbJqBMynCa\" width=\"474\" height=\"267\" title=\"&#8220;Les Etats-Unis, deuxi\u00e8me pays le plus pollueur du monde&#8221; &#8212; \u00c9l\u00e9onore Korady\" frameborder=\"0\" marginwidth=\"0\" marginheight=\"0\" scrolling=\"no\"><\/iframe><\/p>\n<blockquote data-secret=\"6mREXcQlP3\" class=\"wp-embedded-content\"><p><a href=\"http:\/\/www.efj.press\/eleonorekorady\/2017\/05\/24\/une-pluie-dacteurs-pour-les-70-ans-de-cannes\/\">Une pluie d&rsquo;acteurs pour les 70 ans de Cannes<\/a><\/p><\/blockquote>\n<p><iframe class=\"wp-embedded-content\" sandbox=\"allow-scripts\" security=\"restricted\" style=\"position: absolute; clip: rect(1px, 1px, 1px, 1px);\" src=\"http:\/\/www.efj.press\/eleonorekorady\/2017\/05\/24\/une-pluie-dacteurs-pour-les-70-ans-de-cannes\/embed\/#?secret=6mREXcQlP3\" data-secret=\"6mREXcQlP3\" width=\"474\" height=\"267\" title=\"&#8220;Une pluie d&rsquo;acteurs pour les 70 ans de Cannes&#8221; &#8212; \u00c9l\u00e9onore Korady\" frameborder=\"0\" marginwidth=\"0\" marginheight=\"0\" scrolling=\"no\"><\/iframe><\/p>\n<blockquote data-secret=\"OE8UHrD9yj\" class=\"wp-embedded-content\"><p><a href=\"http:\/\/www.efj.press\/eleonorekorady\/2017\/05\/24\/qui-est-ariana-grande-la-chanteuse-brisee-par-lattaque-de-manchester\/\">Qui est Ariana Grande, la chanteuse &laquo;&nbsp;bris\u00e9e&nbsp;&raquo; par l&rsquo;attaque de Manchester ?<\/a><\/p><\/blockquote>\n<p><iframe class=\"wp-embedded-content\" sandbox=\"allow-scripts\" security=\"restricted\" style=\"position: absolute; clip: rect(1px, 1px, 1px, 1px);\" src=\"http:\/\/www.efj.press\/eleonorekorady\/2017\/05\/24\/qui-est-ariana-grande-la-chanteuse-brisee-par-lattaque-de-manchester\/embed\/#?secret=OE8UHrD9yj\" data-secret=\"OE8UHrD9yj\" width=\"474\" height=\"267\" title=\"&#8220;Qui est Ariana Grande, la chanteuse &laquo;&nbsp;bris\u00e9e&nbsp;&raquo; par l&rsquo;attaque de Manchester ?&#8221; &#8212; \u00c9l\u00e9onore Korady\" frameborder=\"0\" marginwidth=\"0\" marginheight=\"0\" scrolling=\"no\"><\/iframe><\/p>\n<blockquote data-secret=\"pPsGxluMkr\" class=\"wp-embedded-content\"><p><a href=\"http:\/\/www.efj.press\/eleonorekorady\/2017\/05\/24\/roger-moore-linoubliable-james-bond-est-decede-a-89-ans\/\">Roger Moore : l\u2019inoubliable James Bond est d\u00e9c\u00e9d\u00e9 \u00e0 89 ans<\/a><\/p><\/blockquote>\n<p><iframe class=\"wp-embedded-content\" sandbox=\"allow-scripts\" security=\"restricted\" style=\"position: absolute; clip: rect(1px, 1px, 1px, 1px);\" src=\"http:\/\/www.efj.press\/eleonorekorady\/2017\/05\/24\/roger-moore-linoubliable-james-bond-est-decede-a-89-ans\/embed\/#?secret=pPsGxluMkr\" data-secret=\"pPsGxluMkr\" width=\"474\" height=\"267\" title=\"&#8220;Roger Moore : l\u2019inoubliable James Bond est d\u00e9c\u00e9d\u00e9 \u00e0 89 ans&#8221; &#8212; \u00c9l\u00e9onore Korady\" frameborder=\"0\" marginwidth=\"0\" marginheight=\"0\" scrolling=\"no\"><\/iframe><\/p>\n<blockquote data-secret=\"Ju3iyLbmO0\" class=\"wp-embedded-content\"><p><a href=\"http:\/\/www.efj.press\/eleonorekorady\/2017\/05\/24\/donald-trump-veut-reussir-la-paix-au-proche-orient\/\">Donald Trump veut r\u00e9ussir la paix au Proche-Orient<\/a><\/p><\/blockquote>\n<p><iframe class=\"wp-embedded-content\" sandbox=\"allow-scripts\" security=\"restricted\" style=\"position: absolute; clip: rect(1px, 1px, 1px, 1px);\" src=\"http:\/\/www.efj.press\/eleonorekorady\/2017\/05\/24\/donald-trump-veut-reussir-la-paix-au-proche-orient\/embed\/#?secret=Ju3iyLbmO0\" data-secret=\"Ju3iyLbmO0\" width=\"474\" height=\"267\" title=\"&#8220;Donald Trump veut r\u00e9ussir la paix au Proche-Orient&#8221; &#8212; \u00c9l\u00e9onore Korady\" frameborder=\"0\" marginwidth=\"0\" marginheight=\"0\" scrolling=\"no\"><\/iframe><\/p>\n<p>&nbsp;<\/p>\n<blockquote data-secret=\"JbwHFpCdKc\" class=\"wp-embedded-content\"><p><a href=\"http:\/\/www.efj.press\/eleonorekorady\/2017\/05\/24\/daesh-revendique-lattentat-de-manchester\/\">Daesh revendique l&rsquo;attentat de Manchester<\/a><\/p><\/blockquote>\n<p><iframe class=\"wp-embedded-content\" sandbox=\"allow-scripts\" security=\"restricted\" style=\"position: absolute; clip: rect(1px, 1px, 1px, 1px);\" src=\"http:\/\/www.efj.press\/eleonorekorady\/2017\/05\/24\/daesh-revendique-lattentat-de-manchester\/embed\/#?secret=JbwHFpCdKc\" data-secret=\"JbwHFpCdKc\" width=\"474\" height=\"267\" title=\"&#8220;Daesh revendique l&rsquo;attentat de Manchester&#8221; &#8212; \u00c9l\u00e9onore Korady\" frameborder=\"0\" marginwidth=\"0\" marginheight=\"0\" scrolling=\"no\"><\/iframe><\/p>\n<blockquote data-secret=\"RnexftgUhN\" class=\"wp-embedded-content\"><p><a href=\"http:\/\/www.efj.press\/eleonorekorady\/2017\/05\/23\/la-chapelle-pajot-une-petition-lancee-contre-le-harcelement\/\">La Chapelle-Pajot : une p\u00e9tition lanc\u00e9e contre le harc\u00e8lement<\/a><\/p><\/blockquote>\n<p><iframe class=\"wp-embedded-content\" sandbox=\"allow-scripts\" security=\"restricted\" style=\"position: absolute; clip: rect(1px, 1px, 1px, 1px);\" src=\"http:\/\/www.efj.press\/eleonorekorady\/2017\/05\/23\/la-chapelle-pajot-une-petition-lancee-contre-le-harcelement\/embed\/#?secret=RnexftgUhN\" data-secret=\"RnexftgUhN\" width=\"474\" height=\"267\" title=\"&#8220;La Chapelle-Pajot : une p\u00e9tition lanc\u00e9e contre le harc\u00e8lement&#8221; &#8212; \u00c9l\u00e9onore Korady\" frameborder=\"0\" marginwidth=\"0\" marginheight=\"0\" scrolling=\"no\"><\/iframe><\/p>\n<blockquote data-secret=\"gnzPq0NdA5\" class=\"wp-embedded-content\"><p><a href=\"http:\/\/www.efj.press\/eleonorekorady\/2017\/05\/19\/dispositif-de-securite-hors-norme-sur-la-croisette\/\">Dispositif de s\u00e9curit\u00e9 hors norme sur la Croisette<\/a><\/p><\/blockquote>\n<p><iframe class=\"wp-embedded-content\" sandbox=\"allow-scripts\" security=\"restricted\" style=\"position: absolute; clip: rect(1px, 1px, 1px, 1px);\" src=\"http:\/\/www.efj.press\/eleonorekorady\/2017\/05\/19\/dispositif-de-securite-hors-norme-sur-la-croisette\/embed\/#?secret=gnzPq0NdA5\" data-secret=\"gnzPq0NdA5\" width=\"474\" height=\"267\" title=\"&#8220;Dispositif de s\u00e9curit\u00e9 hors norme sur la Croisette&#8221; &#8212; \u00c9l\u00e9onore Korady\" frameborder=\"0\" marginwidth=\"0\" marginheight=\"0\" scrolling=\"no\"><\/iframe><\/p>\n<blockquote data-secret=\"LVrgNR3uKa\" class=\"wp-embedded-content\"><p><a href=\"http:\/\/www.efj.press\/eleonorekorady\/2017\/05\/16\/qui-sont-les-ministrables-du-premier-gouvernement-dedouard-philippe\/\">Qui sont les ministrables du premier gouvernement d&rsquo;Edouard Philippe ?<\/a><\/p><\/blockquote>\n<p><iframe class=\"wp-embedded-content\" sandbox=\"allow-scripts\" security=\"restricted\" style=\"position: absolute; clip: rect(1px, 1px, 1px, 1px);\" src=\"http:\/\/www.efj.press\/eleonorekorady\/2017\/05\/16\/qui-sont-les-ministrables-du-premier-gouvernement-dedouard-philippe\/embed\/#?secret=LVrgNR3uKa\" data-secret=\"LVrgNR3uKa\" width=\"474\" height=\"267\" title=\"&#8220;Qui sont les ministrables du premier gouvernement d&rsquo;Edouard Philippe ?&#8221; &#8212; \u00c9l\u00e9onore Korady\" frameborder=\"0\" marginwidth=\"0\" marginheight=\"0\" scrolling=\"no\"><\/iframe><\/p>\n","protected":false},"excerpt":{"rendered":"<p>Montand-Signoret, une vie aux ench\u00e8res &nbsp; Donald Trump vis\u00e9 par une enqu\u00eate Travail : je stresse, donc je m\u00e9dite Une pluie d&rsquo;acteurs pour les 70 ans de Cannes Qui est Ariana Grande, la chanteuse &laquo;&nbsp;bris\u00e9e&nbsp;&raquo; par l&rsquo;attaque de Manchester ? Roger Moore : l\u2019inoubliable James Bond est d\u00e9c\u00e9d\u00e9 \u00e0 89 ans &nbsp;<\/p>\n","protected":false},"author":130,"featured_media":362,"parent":245,"menu_order":0,"comment_status":"closed","ping_status":"closed","template":"","meta":{"footnotes":""},"_links":{"self":[{"href":"http:\/\/www.efj.press\/eleonorekorady\/wp-json\/wp\/v2\/pages\/259"}],"collection":[{"href":"http:\/\/www.efj.press\/eleonorekorady\/wp-json\/wp\/v2\/pages"}],"about":[{"href":"http:\/\/www.efj.press\/eleonorekorady\/wp-json\/wp\/v2\/types\/page"}],"author":[{"embeddable":true,"href":"http:\/\/www.efj.press\/eleonorekorady\/wp-json\/wp\/v2\/users\/130"}],"replies":[{"embeddable":true,"href":"http:\/\/www.efj.press\/eleonorekorady\/wp-json\/wp\/v2\/comments?post=259"}],"version-history":[{"count":16,"href":"http:\/\/www.efj.press\/eleonorekorady\/wp-json\/wp\/v2\/pages\/259\/revisions"}],"predecessor-version":[{"id":375,"href":"http:\/\/www.efj.press\/eleonorekorady\/wp-json\/wp\/v2\/pages\/259\/revisions\/375"}],"up":[{"embeddable":true,"href":"http:\/\/www.efj.press\/eleonorekorady\/wp-json\/wp\/v2\/pages\/245"}],"wp:featuredmedia":[{"embeddable":true,"href":"http:\/\/www.efj.press\/eleonorekorady\/wp-json\/wp\/v2\/media\/362"}],"wp:attachment":[{"href":"http:\/\/www.efj.press\/eleonorekorady\/wp-json\/wp\/v2\/media?parent=259"}],"curies":[{"name":"wp","href":"https:\/\/api.w.org\/{rel}","templated":true}]}}