{"id":196,"date":"2017-02-07T15:46:51","date_gmt":"2017-02-07T14:46:51","guid":{"rendered":"http:\/\/www.efj.press\/eleonorekorady\/?page_id=196"},"modified":"2017-02-07T15:48:11","modified_gmt":"2017-02-07T14:48:11","slug":"web-radio","status":"publish","type":"page","link":"http:\/\/www.efj.press\/eleonorekorady\/travaux\/web-radio\/","title":{"rendered":"WEB RADIO"},"content":{"rendered":"<blockquote data-secret=\"lGJYj7pCrp\" class=\"wp-embedded-content\"><p><a href=\"http:\/\/www.efj.press\/eleonorekorady\/2017\/02\/07\/equalizer-deuxieme-emission\/\">Equalizer &#8211; Deuxi\u00e8me Emission<\/a><\/p><\/blockquote>\n<p><iframe class=\"wp-embedded-content\" sandbox=\"allow-scripts\" security=\"restricted\" style=\"position: absolute; clip: rect(1px, 1px, 1px, 1px);\" src=\"http:\/\/www.efj.press\/eleonorekorady\/2017\/02\/07\/equalizer-deuxieme-emission\/embed\/#?secret=lGJYj7pCrp\" data-secret=\"lGJYj7pCrp\" width=\"474\" height=\"267\" title=\"&#8220;Equalizer &#8211; Deuxi\u00e8me Emission&#8221; &#8212; \u00c9l\u00e9onore Korady\" frameborder=\"0\" marginwidth=\"0\" marginheight=\"0\" scrolling=\"no\"><\/iframe><\/p>\n<blockquote data-secret=\"mqtx0Mp52E\" class=\"wp-embedded-content\"><p><a href=\"http:\/\/www.efj.press\/eleonorekorady\/2017\/01\/06\/premiere-dequalizer-lemission\/\">Premi\u00e8re d&rsquo;Equalizer &#8211; L&rsquo;\u00e9mission<\/a><\/p><\/blockquote>\n<p><iframe class=\"wp-embedded-content\" sandbox=\"allow-scripts\" security=\"restricted\" style=\"position: absolute; clip: rect(1px, 1px, 1px, 1px);\" src=\"http:\/\/www.efj.press\/eleonorekorady\/2017\/01\/06\/premiere-dequalizer-lemission\/embed\/#?secret=mqtx0Mp52E\" data-secret=\"mqtx0Mp52E\" width=\"474\" height=\"267\" title=\"&#8220;Premi\u00e8re d&rsquo;Equalizer &#8211; L&rsquo;\u00e9mission&#8221; &#8212; \u00c9l\u00e9onore Korady\" frameborder=\"0\" marginwidth=\"0\" marginheight=\"0\" scrolling=\"no\"><\/iframe><\/p>\n<p>&nbsp;<\/p>\n","protected":false},"excerpt":{"rendered":"<p>Equalizer &#8211; Deuxi\u00e8me Emission Premi\u00e8re d&rsquo;Equalizer &#8211; L&rsquo;\u00e9mission &nbsp;<\/p>\n","protected":false},"author":130,"featured_media":0,"parent":36,"menu_order":0,"comment_status":"closed","ping_status":"closed","template":"","meta":{"footnotes":""},"_links":{"self":[{"href":"http:\/\/www.efj.press\/eleonorekorady\/wp-json\/wp\/v2\/pages\/196"}],"collection":[{"href":"http:\/\/www.efj.press\/eleonorekorady\/wp-json\/wp\/v2\/pages"}],"about":[{"href":"http:\/\/www.efj.press\/eleonorekorady\/wp-json\/wp\/v2\/types\/page"}],"author":[{"embeddable":true,"href":"http:\/\/www.efj.press\/eleonorekorady\/wp-json\/wp\/v2\/users\/130"}],"replies":[{"embeddable":true,"href":"http:\/\/www.efj.press\/eleonorekorady\/wp-json\/wp\/v2\/comments?post=196"}],"version-history":[{"count":3,"href":"http:\/\/www.efj.press\/eleonorekorady\/wp-json\/wp\/v2\/pages\/196\/revisions"}],"predecessor-version":[{"id":200,"href":"http:\/\/www.efj.press\/eleonorekorady\/wp-json\/wp\/v2\/pages\/196\/revisions\/200"}],"up":[{"embeddable":true,"href":"http:\/\/www.efj.press\/eleonorekorady\/wp-json\/wp\/v2\/pages\/36"}],"wp:attachment":[{"href":"http:\/\/www.efj.press\/eleonorekorady\/wp-json\/wp\/v2\/media?parent=196"}],"curies":[{"name":"wp","href":"https:\/\/api.w.org\/{rel}","templated":true}]}}