{"id":52,"date":"2017-01-16T10:20:52","date_gmt":"2017-01-16T09:20:52","guid":{"rendered":"http:\/\/www.efj.press\/cyrilbras\/?page_id=52"},"modified":"2017-01-16T12:18:12","modified_gmt":"2017-01-16T11:18:12","slug":"a-propos","status":"publish","type":"page","link":"http:\/\/www.efj.press\/cyrilbras\/a-propos\/","title":{"rendered":"A Propos"},"content":{"rendered":"<p>&nbsp;<\/p>\n<p>Bonjour \u00e0 tous et Bienvenue sur mon blog !<\/p>\n<p>&nbsp;<\/p>\n<p><img loading=\"lazy\" decoding=\"async\" class=\"wp-image-48 alignleft\" src=\"http:\/\/www.efj.press\/cyrilbras\/wp-content\/uploads\/sites\/125\/2017\/01\/1dd0ff49.gif\" alt=\"1dd0ff49\" width=\"187\" height=\"172\" \/><\/p>\n<p>Je m&rsquo;appelle Cyril, j&rsquo;ai 24 ans et je suis \u00e9tudiant en deuxi\u00e8me ann\u00e9e \u00e0 l&rsquo;EFJ, l&rsquo;\u00e9cole du nouveau journalisme situ\u00e9e \u00e0 Levallois-Perret.<\/p>\n<p>Dans le cadre de mes \u00e9tudes et de\u00a0mon profil d&rsquo;aspirant journaliste, vous pourrez retrouver l&rsquo;ensemble de mes travaux, projets personnels ou tout type de contenus, que je publierais sur ce site.<\/p>\n<p>&nbsp;<\/p>\n<p>Bonne visite!<\/p>\n<p><img loading=\"lazy\" decoding=\"async\" class=\"wp-image-49 aligncenter\" src=\"http:\/\/www.efj.press\/cyrilbras\/wp-content\/uploads\/sites\/125\/2017\/01\/cool-300x225.jpg\" alt=\"cool\" width=\"560\" height=\"420\" srcset=\"http:\/\/www.efj.press\/cyrilbras\/wp-content\/uploads\/sites\/125\/2017\/01\/cool-300x225.jpg 300w, http:\/\/www.efj.press\/cyrilbras\/wp-content\/uploads\/sites\/125\/2017\/01\/cool.jpg 620w\" sizes=\"(max-width: 560px) 100vw, 560px\" \/><\/p>\n<p>&nbsp;<\/p>\n<p>Page de Pr\u00e9sentation &#8211; Blog de Cyril Bras<\/p>\n","protected":false},"excerpt":{"rendered":"<p>&nbsp; Bonjour \u00e0 tous et Bienvenue sur mon blog ! &nbsp; Je m&rsquo;appelle Cyril, j&rsquo;ai 24 ans et je suis \u00e9tudiant en deuxi\u00e8me ann\u00e9e \u00e0 l&rsquo;EFJ, l&rsquo;\u00e9cole du nouveau journalisme situ\u00e9e \u00e0 Levallois-Perret. Dans le cadre de mes \u00e9tudes et de\u00a0mon profil d&rsquo;aspirant journaliste, vous pourrez retrouver l&rsquo;ensemble de mes travaux, projets personnels ou tout &hellip; <a href=\"http:\/\/www.efj.press\/cyrilbras\/a-propos\/\" class=\"more-link\">Continuer la lecture de <span class=\"screen-reader-text\">A Propos<\/span>  <span class=\"meta-nav\">&rarr;<\/span><\/a><\/p>\n","protected":false},"author":106,"featured_media":90,"parent":0,"menu_order":0,"comment_status":"closed","ping_status":"closed","template":"","meta":{"footnotes":""},"_links":{"self":[{"href":"http:\/\/www.efj.press\/cyrilbras\/wp-json\/wp\/v2\/pages\/52"}],"collection":[{"href":"http:\/\/www.efj.press\/cyrilbras\/wp-json\/wp\/v2\/pages"}],"about":[{"href":"http:\/\/www.efj.press\/cyrilbras\/wp-json\/wp\/v2\/types\/page"}],"author":[{"embeddable":true,"href":"http:\/\/www.efj.press\/cyrilbras\/wp-json\/wp\/v2\/users\/106"}],"replies":[{"embeddable":true,"href":"http:\/\/www.efj.press\/cyrilbras\/wp-json\/wp\/v2\/comments?post=52"}],"version-history":[{"count":6,"href":"http:\/\/www.efj.press\/cyrilbras\/wp-json\/wp\/v2\/pages\/52\/revisions"}],"predecessor-version":[{"id":89,"href":"http:\/\/www.efj.press\/cyrilbras\/wp-json\/wp\/v2\/pages\/52\/revisions\/89"}],"wp:featuredmedia":[{"embeddable":true,"href":"http:\/\/www.efj.press\/cyrilbras\/wp-json\/wp\/v2\/media\/90"}],"wp:attachment":[{"href":"http:\/\/www.efj.press\/cyrilbras\/wp-json\/wp\/v2\/media?parent=52"}],"curies":[{"name":"wp","href":"https:\/\/api.w.org\/{rel}","templated":true}]}}