{"id":2,"date":"2016-10-10T00:50:49","date_gmt":"2016-10-09T23:50:49","guid":{"rendered":"http:\/\/www.efj.press\/cyrilbras\/?page_id=2"},"modified":"2017-01-23T10:39:03","modified_gmt":"2017-01-23T09:39:03","slug":"page-d-exemple","status":"publish","type":"page","link":"http:\/\/www.efj.press\/cyrilbras\/page-d-exemple\/","title":{"rendered":"MON CV"},"content":{"rendered":"<p>&nbsp;<\/p>\n<p>Cyril Bras<\/p>\n<p>Date de naissance : 8 mai 1992 \u00a0 \u00a0 \u00a0 \u00a0 \u00a0 \u00a0 \u00a0 \u00a0 \u00a0 \u00a0 \u00a0 \u00a0 \u00a0 \u00a0 \u00a0 \u00a0 \u00a0 \u00a0 \u00a0 \u00a0 \u00a0 \u00a0 \u00a0 \u00a0 \u00a0 \u00a0 \u00a0 Adresse : 8 All\u00e9e Dominique Ingres 92500 Rueil-Malmaison \u00a0 \u00a0 \u00a0 \u00a0 \u00a0 \u00a0 Email : cyril.bras@efj.fr\/bras.cyril.efj@gmail.com<\/p>\n<p>&nbsp;<\/p>\n<blockquote>\n<hr \/>\n<p>Exp\u00e9rience Professionnelle<\/p>\n<p><strong>Novembre 2016-D\u00e9cembre 2016<\/strong><\/p><\/blockquote>\n<p>Stage de 2 mois r\u00e9alis\u00e9\u00a0chez <strong>IDALGO<\/strong> (start-up sp\u00e9cialis\u00e9e dans le marketing sportif) en tant que journaliste.<\/p>\n<p>R\u00e9daction de news pour Reuters, r\u00e9daction de directs comment\u00e9s pour diff\u00e9rents m\u00e9dias, publication de statistiques sportives sur les r\u00e9seaux sociaux.<\/p>\n<p><strong>D\u00e9cembre 2015-Mai 2016<\/strong><\/p>\n<p>R\u00e9dacteur et chroniqueur associatif sur un projet de webradio \u00e9ph\u00e9m\u00e8re, d\u00e9nomm\u00e9 \u00ab\u00a0<strong>lafoliepixel<\/strong>\u00ab\u00a0.<\/p>\n<p>R\u00e9alisations de scripts audio pour \u00e9missions radio de quelques minutes, propositions de playlists musicales.<\/p>\n<p><strong>2014-2016<\/strong><\/p>\n<p>R\u00e9dacteur associatif.<\/p>\n<p>R\u00e9dactions de r\u00e9sum\u00e9s de matchs, et d&rsquo;articles de proximit\u00e9 pour le club de rugby de Rueil-Malmaison, et le site internet de la mairie.<\/p>\n<p><strong>2014-2016<\/strong><\/p>\n<p>Educateur sportif et dirigeant b\u00e9n\u00e9vole au sein du club de rugby de Rueil-Malmaison.<\/p>\n<p>Entra\u00eenement d&rsquo;\u00e9quipes de jeunes joueurs, allant de 7 \u00e0 15 ans.<\/p>\n<p>&nbsp;<\/p>\n<hr \/>\n<blockquote><p>Formation<\/p><\/blockquote>\n<p><strong>2016\/2018<\/strong><\/p>\n<p>Etudiant \u00e0 l&rsquo;EFJ, l&rsquo;\u00e9cole du nouveau journalisme \u00e0 Levallois-Perret (92). En voie d&rsquo;obtention d&rsquo;un dipl\u00f4me de niveau Bac+3 (Bachelor EFJ) d\u00e9livr\u00e9 en 2018.<\/p>\n<p><strong>2010\/2015<\/strong><\/p>\n<p>Etudiant en Licence de Droit \u00e0 l&rsquo;Universit\u00e9 Paris X de Nanterre<\/p>\n<p><strong>2009<\/strong><\/p>\n<p>Obtention du dipl\u00f4me du Baccalaur\u00e9at s\u00e9rie Scientifique.<\/p>\n<p>&nbsp;<\/p>\n<hr \/>\n<blockquote><p>Comp\u00e9tences<\/p><\/blockquote>\n<p><strong>Langues\u00a0<\/strong><\/p>\n<p>Anglais : Niveau interm\u00e9diaire (lu, \u00e9crit, parl\u00e9)<\/p>\n<p>Espagnol : Bonnes notions (lu, \u00e9crit, parl\u00e9)<\/p>\n<p><strong>Ma\u00eetrise du Pack Office (Word, Excel, Powerpoint)<\/strong><\/p>\n<p><strong>Notions en montage vid\u00e9o (MovieStorm, Adobe Premi\u00e8re\/After effects)<\/strong><\/p>\n<p><strong>Pr\u00e9sence sur les r\u00e9seaux sociaux (Facebook, Twitter, Instagram)<\/strong><\/p>\n<p><strong>Possession du Permis B<\/strong><\/p>\n<p>&nbsp;<\/p>\n<hr \/>\n<blockquote><p>Int\u00e9r\u00eats<\/p><\/blockquote>\n<p><strong>Sports :<\/strong> Capitaine d&rsquo;une \u00e9quipe de rugby \u00e9voluant en niveau f\u00e9d\u00e9ral, pratique de ce sport depuis l&rsquo;\u00e2ge de 8 ans<\/p>\n<p>Attraction particuli\u00e8re\u00a0pour le milieu du <strong>journalisme culturel<\/strong>, passionn\u00e9 par l&rsquo;actualit\u00e9 cin\u00e9matographique et musicale.<\/p>\n<p>&nbsp;<\/p>\n<p>&nbsp;<\/p>\n<p>&nbsp;<\/p>\n<p>&nbsp;<\/p>\n<p>&nbsp;<\/p>\n<p>&nbsp;<\/p>\n<p>&nbsp;<\/p>\n","protected":false},"excerpt":{"rendered":"<p>&nbsp; Cyril Bras Date de naissance : 8 mai 1992 \u00a0 \u00a0 \u00a0 \u00a0 \u00a0 \u00a0 \u00a0 \u00a0 \u00a0 \u00a0 \u00a0 \u00a0 \u00a0 \u00a0 \u00a0 \u00a0 \u00a0 \u00a0 \u00a0 \u00a0 \u00a0 \u00a0 \u00a0 \u00a0 \u00a0 \u00a0 \u00a0 Adresse : 8 All\u00e9e Dominique Ingres 92500 Rueil-Malmaison \u00a0 \u00a0 \u00a0 \u00a0 \u00a0 \u00a0 Email : cyril.bras@efj.fr\/bras.cyril.efj@gmail.com &nbsp; &hellip; <a href=\"http:\/\/www.efj.press\/cyrilbras\/page-d-exemple\/\" class=\"more-link\">Continuer la lecture de <span class=\"screen-reader-text\">MON CV<\/span>  <span class=\"meta-nav\">&rarr;<\/span><\/a><\/p>\n","protected":false},"author":2,"featured_media":75,"parent":0,"menu_order":0,"comment_status":"closed","ping_status":"open","template":"","meta":{"footnotes":""},"_links":{"self":[{"href":"http:\/\/www.efj.press\/cyrilbras\/wp-json\/wp\/v2\/pages\/2"}],"collection":[{"href":"http:\/\/www.efj.press\/cyrilbras\/wp-json\/wp\/v2\/pages"}],"about":[{"href":"http:\/\/www.efj.press\/cyrilbras\/wp-json\/wp\/v2\/types\/page"}],"author":[{"embeddable":true,"href":"http:\/\/www.efj.press\/cyrilbras\/wp-json\/wp\/v2\/users\/2"}],"replies":[{"embeddable":true,"href":"http:\/\/www.efj.press\/cyrilbras\/wp-json\/wp\/v2\/comments?post=2"}],"version-history":[{"count":14,"href":"http:\/\/www.efj.press\/cyrilbras\/wp-json\/wp\/v2\/pages\/2\/revisions"}],"predecessor-version":[{"id":104,"href":"http:\/\/www.efj.press\/cyrilbras\/wp-json\/wp\/v2\/pages\/2\/revisions\/104"}],"wp:featuredmedia":[{"embeddable":true,"href":"http:\/\/www.efj.press\/cyrilbras\/wp-json\/wp\/v2\/media\/75"}],"wp:attachment":[{"href":"http:\/\/www.efj.press\/cyrilbras\/wp-json\/wp\/v2\/media?parent=2"}],"curies":[{"name":"wp","href":"https:\/\/api.w.org\/{rel}","templated":true}]}}