{"id":86,"date":"2017-02-17T20:13:30","date_gmt":"2017-02-17T19:13:30","guid":{"rendered":"http:\/\/www.efj.press\/cynthiadossantos\/?page_id=86"},"modified":"2017-02-17T20:19:15","modified_gmt":"2017-02-17T19:19:15","slug":"eduardo-serio-un-businessman-au-poil","status":"publish","type":"page","link":"http:\/\/www.efj.press\/cynthiadossantos\/articles-pour-lefj\/eduardo-serio-un-businessman-au-poil\/","title":{"rendered":"Eduardo Serio, un businessman au poil"},"content":{"rendered":"<p>&nbsp;<\/p>\n<p>Alors que les f\u00e9lins disparaissent en masse, les survivants sont exploit\u00e9s et drogu\u00e9s au profit de l\u2019argent. L\u2019homme d\u2019affaire mexicain voit le cours de sa vie changer lorsque son cousin lui demande son aide. Il s\u2019envole alors pour le Mexique en 2013. Un voyage qui restera un aller simple. A son arriv\u00e9e, il doit sauver un b\u00e9b\u00e9 jaguar malmen\u00e9 et exploit\u00e9 par un cirque. Un v\u00e9ritable d\u00e9clic pour Eduardo. Cielo est donc le premier f\u00e9lin sauv\u00e9 par celui qui croit en \u00ab\u00a0l\u2019\u00e9galit\u00e9 des \u00eatres vivants\u00a0\u00bb. Eduardo Serio prend conscience de cette r\u00e9alit\u00e9 et abandonne le monde du business pour d\u00e9dier sa vie aux animaux. Un an plus tard, il cr\u00e9\u00e9 sa fondation Black Jaguar White Tiger avec des amis. <strong>Ce sont 260 f\u00e9lins qu\u2019ils sauvent<\/strong> des cirques, des zoos et des \u00e9leveurs ill\u00e9gaux. Avec tout son amour, il les ch\u00e9rit et accueille de plus en plus d\u2019animaux. De compagnie ou sauvage, aucune esp\u00e8ce n\u2019est laiss\u00e9e de c\u00f4t\u00e9. Pour subvenir \u00e0 leurs besoins il invite les plus grandes c\u00e9l\u00e9brit\u00e9s \u00e0 visiter sa fondation. Une notori\u00e9t\u00e9 qui lui permet de recevoir de nombreux dons.<\/p>\n<p><strong>\u00ab\u00a0Capter l\u2019attention des gens, c\u2019est sauver une vie \u00e0 temps.\u00a0\u00bb<\/strong> pour l\u2019amoureux des b\u00eates.<\/p>\n<p><a href=\"http:\/\/www.efj.press\/cynthiadossantos\/wp-content\/uploads\/sites\/105\/2017\/02\/black-jaguar-white-tiger-1-638.jpg\"><img loading=\"lazy\" decoding=\"async\" class=\"aligncenter wp-image-89 size-medium\" src=\"http:\/\/www.efj.press\/cynthiadossantos\/wp-content\/uploads\/sites\/105\/2017\/02\/black-jaguar-white-tiger-1-638-300x225.jpg\" alt=\"black-jaguar-white-tiger-1-638\" width=\"300\" height=\"225\" srcset=\"http:\/\/www.efj.press\/cynthiadossantos\/wp-content\/uploads\/sites\/105\/2017\/02\/black-jaguar-white-tiger-1-638-300x225.jpg 300w, http:\/\/www.efj.press\/cynthiadossantos\/wp-content\/uploads\/sites\/105\/2017\/02\/black-jaguar-white-tiger-1-638.jpg 638w\" sizes=\"(max-width: 300px) 100vw, 300px\" \/><\/a><\/p>\n<p>site web:\u00a0<a href=\"http:\/\/blackjaguarwhitetiger.org\">http:\/\/blackjaguarwhitetiger.org<\/a><\/p>\n<p style=\"text-align: right\">Cynthia Dos Santos<\/p>\n\n<div class=\"twitter-share\"><a href=\"https:\/\/twitter.com\/intent\/tweet\" class=\"twitter-share-button\">Tweet<\/a><\/div>\n","protected":false},"excerpt":{"rendered":"<p>&nbsp; Alors que les f\u00e9lins disparaissent en masse, les survivants sont exploit\u00e9s et drogu\u00e9s au profit de l\u2019argent. L\u2019homme d\u2019affaire mexicain voit le cours de sa vie changer lorsque son cousin lui demande son aide. Il s\u2019envole alors pour le Mexique en 2013. Un voyage qui restera un aller simple. A son arriv\u00e9e, il doit &hellip; <a href=\"http:\/\/www.efj.press\/cynthiadossantos\/articles-pour-lefj\/eduardo-serio-un-businessman-au-poil\/\" class=\"more-link\">Continuer la lecture de <span class=\"screen-reader-text\">Eduardo Serio, un businessman au poil<\/span>  <span class=\"meta-nav\">&rarr;<\/span><\/a><\/p>\n","protected":false},"author":84,"featured_media":88,"parent":82,"menu_order":0,"comment_status":"closed","ping_status":"closed","template":"","meta":{"footnotes":""},"_links":{"self":[{"href":"http:\/\/www.efj.press\/cynthiadossantos\/wp-json\/wp\/v2\/pages\/86"}],"collection":[{"href":"http:\/\/www.efj.press\/cynthiadossantos\/wp-json\/wp\/v2\/pages"}],"about":[{"href":"http:\/\/www.efj.press\/cynthiadossantos\/wp-json\/wp\/v2\/types\/page"}],"author":[{"embeddable":true,"href":"http:\/\/www.efj.press\/cynthiadossantos\/wp-json\/wp\/v2\/users\/84"}],"replies":[{"embeddable":true,"href":"http:\/\/www.efj.press\/cynthiadossantos\/wp-json\/wp\/v2\/comments?post=86"}],"version-history":[{"count":6,"href":"http:\/\/www.efj.press\/cynthiadossantos\/wp-json\/wp\/v2\/pages\/86\/revisions"}],"predecessor-version":[{"id":94,"href":"http:\/\/www.efj.press\/cynthiadossantos\/wp-json\/wp\/v2\/pages\/86\/revisions\/94"}],"up":[{"embeddable":true,"href":"http:\/\/www.efj.press\/cynthiadossantos\/wp-json\/wp\/v2\/pages\/82"}],"wp:featuredmedia":[{"embeddable":true,"href":"http:\/\/www.efj.press\/cynthiadossantos\/wp-json\/wp\/v2\/media\/88"}],"wp:attachment":[{"href":"http:\/\/www.efj.press\/cynthiadossantos\/wp-json\/wp\/v2\/media?parent=86"}],"curies":[{"name":"wp","href":"https:\/\/api.w.org\/{rel}","templated":true}]}}