{"id":84,"date":"2017-02-17T19:57:09","date_gmt":"2017-02-17T18:57:09","guid":{"rendered":"http:\/\/www.efj.press\/cynthiadossantos\/?page_id=84"},"modified":"2017-02-17T19:57:09","modified_gmt":"2017-02-17T18:57:09","slug":"les-moments-les-plus-droles-de-leuro-2016","status":"publish","type":"page","link":"http:\/\/www.efj.press\/cynthiadossantos\/articles\/les-moments-les-plus-droles-de-leuro-2016\/","title":{"rendered":"LES MOMENTS LES PLUS DR\u00d4LES DE L\u2019EURO 2016"},"content":{"rendered":"<p>La championnat d&rsquo;Europe de foot cumule d\u00e9j\u00e0 quelques moments cocasses. Voici un petit r\u00e9cap\u2019 pour vous.<\/p>\n<p>Retrouvez la suite de mon article sur le lien suivant :<br \/>\n<a href=\"http:\/\/www.gqmagazine.fr\/euro-2016\/actu\/articles\/les-10-moments-les-plus-drole-de-l-euro-2016\/43196\">http:\/\/www.gqmagazine.fr\/euro-2016\/actu\/articles\/les-10-moments-les-plus-drole-de-l-euro-2016\/43196<\/a><\/p>\n\n<div class=\"twitter-share\"><a href=\"https:\/\/twitter.com\/intent\/tweet\" class=\"twitter-share-button\">Tweet<\/a><\/div>\n","protected":false},"excerpt":{"rendered":"<p>La championnat d&rsquo;Europe de foot cumule d\u00e9j\u00e0 quelques moments cocasses. Voici un petit r\u00e9cap\u2019 pour vous. Retrouvez la suite de mon article sur le lien suivant : http:\/\/www.gqmagazine.fr\/euro-2016\/actu\/articles\/les-10-moments-les-plus-drole-de-l-euro-2016\/43196<\/p>\n","protected":false},"author":84,"featured_media":0,"parent":41,"menu_order":0,"comment_status":"closed","ping_status":"closed","template":"","meta":{"footnotes":""},"_links":{"self":[{"href":"http:\/\/www.efj.press\/cynthiadossantos\/wp-json\/wp\/v2\/pages\/84"}],"collection":[{"href":"http:\/\/www.efj.press\/cynthiadossantos\/wp-json\/wp\/v2\/pages"}],"about":[{"href":"http:\/\/www.efj.press\/cynthiadossantos\/wp-json\/wp\/v2\/types\/page"}],"author":[{"embeddable":true,"href":"http:\/\/www.efj.press\/cynthiadossantos\/wp-json\/wp\/v2\/users\/84"}],"replies":[{"embeddable":true,"href":"http:\/\/www.efj.press\/cynthiadossantos\/wp-json\/wp\/v2\/comments?post=84"}],"version-history":[{"count":1,"href":"http:\/\/www.efj.press\/cynthiadossantos\/wp-json\/wp\/v2\/pages\/84\/revisions"}],"predecessor-version":[{"id":85,"href":"http:\/\/www.efj.press\/cynthiadossantos\/wp-json\/wp\/v2\/pages\/84\/revisions\/85"}],"up":[{"embeddable":true,"href":"http:\/\/www.efj.press\/cynthiadossantos\/wp-json\/wp\/v2\/pages\/41"}],"wp:attachment":[{"href":"http:\/\/www.efj.press\/cynthiadossantos\/wp-json\/wp\/v2\/media?parent=84"}],"curies":[{"name":"wp","href":"https:\/\/api.w.org\/{rel}","templated":true}]}}