{"id":7,"date":"2017-01-16T10:07:47","date_gmt":"2017-01-16T09:07:47","guid":{"rendered":"http:\/\/www.efj.press\/cynthiadossantos\/?page_id=7"},"modified":"2018-08-19T14:39:14","modified_gmt":"2018-08-19T13:39:14","slug":"accueil","status":"publish","type":"page","link":"http:\/\/www.efj.press\/cynthiadossantos\/","title":{"rendered":"Accueil"},"content":{"rendered":"<p>Bienvenue sur mon blog EFJ<\/p>\n<p>Vous d\u00e9couvrirez <a href=\"http:\/\/www.efj.press\/cynthiadossantos\/hhjg\/curriculum-vitae\/\">mon CV<\/a> ainsi que mes travaux (scolaires ou professionnels) sur ce blog. Vous pourrez d\u00e9couvrir ma passion pour le journalisme \u00e0 travers diff\u00e9rents articles. Ainsi que mes voyages et visites avec mes quelques photos. Pour me contacter vous trouverez mon compte Twitter ci-dessous, mon compte LinkedIn et mon compte Instagram.<\/p>\n<p>&nbsp;<\/p>\n<p>&nbsp;<\/p>\n<p><a href=\"http:\/\/www.efj.press\/cynthiadossantos\/wp-content\/uploads\/sites\/105\/2017\/01\/twitter-logo_318-40209-e1484562423345.jpg\">\u00a0 \u00a0 \u00a0 \u00a0 \u00a0 \u00a0 \u00a0 \u00a0 \u00a0 \u00a0 \u00a0 \u00a0 \u00a0 \u00a0 \u00a0 \u00a0 \u00a0 \u00a0\u00a0<\/a><a href=\"https:\/\/twitter.com\/Cynthia_DSantos\"> \u00a0<\/a><a href=\"https:\/\/twitter.com\/Cynthia_DSantos\"><img loading=\"lazy\" decoding=\"async\" class=\"alignnone wp-image-21 size-full\" src=\"http:\/\/www.efj.press\/cynthiadossantos\/wp-content\/uploads\/sites\/105\/2017\/01\/twitter-logo_318-40209-e1484562423345.jpg\" alt=\"twitter-logo_318-40209\" width=\"60\" height=\"60\" \/><\/a><a href=\"http:\/\/www.efj.press\/cynthiadossantos\/wp-content\/uploads\/sites\/105\/2017\/01\/linkedin-logo_318-76861-e1484562545923.jpg\">\u00a0\u00a0\u00a0\u00a0\u00a0 <\/a><a href=\"https:\/\/www.linkedin.com\/in\/cynthia-dos-santos-80752a124?trk=nav_responsive_tab_profile\"><img loading=\"lazy\" decoding=\"async\" class=\"alignnone wp-image-23 size-full\" src=\"http:\/\/www.efj.press\/cynthiadossantos\/wp-content\/uploads\/sites\/105\/2017\/01\/linkedin-logo_318-76861-e1484562545923.jpg\" alt=\"linkedin-logo_318-76861\" width=\"60\" height=\"60\" \/><\/a>\u00a0\u00a0\u00a0<a href=\"https:\/\/www.instagram.com\/cynthiadsst\/\"><img loading=\"lazy\" decoding=\"async\" class=\"alignnone wp-image-266\" src=\"http:\/\/www.efj.press\/cynthiadossantos\/wp-content\/uploads\/sites\/105\/2017\/01\/https-upload.wikimedia.org-wikipedia-commons-thumb-6-6e-Instagram_font_awesome.svg-600px-Instagram_font_awesome.svg_-300x300.png\" alt=\"https-upload-wikimedia-org-wikipedia-commons-thumb-6-6e-instagram_font_awesome-svg-600px-instagram_font_awesome-svg\" width=\"76\" height=\"76\" srcset=\"http:\/\/www.efj.press\/cynthiadossantos\/wp-content\/uploads\/sites\/105\/2017\/01\/https-upload.wikimedia.org-wikipedia-commons-thumb-6-6e-Instagram_font_awesome.svg-600px-Instagram_font_awesome.svg_-300x300.png 300w, http:\/\/www.efj.press\/cynthiadossantos\/wp-content\/uploads\/sites\/105\/2017\/01\/https-upload.wikimedia.org-wikipedia-commons-thumb-6-6e-Instagram_font_awesome.svg-600px-Instagram_font_awesome.svg_-150x150.png 150w, http:\/\/www.efj.press\/cynthiadossantos\/wp-content\/uploads\/sites\/105\/2017\/01\/https-upload.wikimedia.org-wikipedia-commons-thumb-6-6e-Instagram_font_awesome.svg-600px-Instagram_font_awesome.svg_.png 390w\" sizes=\"(max-width: 76px) 100vw, 76px\" \/><\/a><\/p>\n\n<div class=\"twitter-share\"><a href=\"https:\/\/twitter.com\/intent\/tweet\" class=\"twitter-share-button\">Tweet<\/a><\/div>\n","protected":false},"excerpt":{"rendered":"<p>Bienvenue sur mon blog EFJ Vous d\u00e9couvrirez mon CV ainsi que mes travaux (scolaires ou professionnels) sur ce blog. Vous pourrez d\u00e9couvrir ma passion pour le journalisme \u00e0 travers diff\u00e9rents articles. Ainsi que mes voyages et visites avec mes quelques photos. Pour me contacter vous trouverez mon compte Twitter ci-dessous, mon compte LinkedIn et mon &hellip; <a href=\"http:\/\/www.efj.press\/cynthiadossantos\/\" class=\"more-link\">Continuer la lecture de <span class=\"screen-reader-text\">Accueil<\/span>  <span class=\"meta-nav\">&rarr;<\/span><\/a><\/p>\n","protected":false},"author":84,"featured_media":76,"parent":0,"menu_order":1,"comment_status":"closed","ping_status":"closed","template":"","meta":{"footnotes":""},"_links":{"self":[{"href":"http:\/\/www.efj.press\/cynthiadossantos\/wp-json\/wp\/v2\/pages\/7"}],"collection":[{"href":"http:\/\/www.efj.press\/cynthiadossantos\/wp-json\/wp\/v2\/pages"}],"about":[{"href":"http:\/\/www.efj.press\/cynthiadossantos\/wp-json\/wp\/v2\/types\/page"}],"author":[{"embeddable":true,"href":"http:\/\/www.efj.press\/cynthiadossantos\/wp-json\/wp\/v2\/users\/84"}],"replies":[{"embeddable":true,"href":"http:\/\/www.efj.press\/cynthiadossantos\/wp-json\/wp\/v2\/comments?post=7"}],"version-history":[{"count":17,"href":"http:\/\/www.efj.press\/cynthiadossantos\/wp-json\/wp\/v2\/pages\/7\/revisions"}],"predecessor-version":[{"id":267,"href":"http:\/\/www.efj.press\/cynthiadossantos\/wp-json\/wp\/v2\/pages\/7\/revisions\/267"}],"wp:featuredmedia":[{"embeddable":true,"href":"http:\/\/www.efj.press\/cynthiadossantos\/wp-json\/wp\/v2\/media\/76"}],"wp:attachment":[{"href":"http:\/\/www.efj.press\/cynthiadossantos\/wp-json\/wp\/v2\/media?parent=7"}],"curies":[{"name":"wp","href":"https:\/\/api.w.org\/{rel}","templated":true}]}}