{"id":50,"date":"2017-01-16T21:49:17","date_gmt":"2017-01-16T20:49:17","guid":{"rendered":"http:\/\/www.efj.press\/cynthiadossantos\/?page_id=50"},"modified":"2017-01-16T21:49:17","modified_gmt":"2017-01-16T20:49:17","slug":"les-10-endroits-les-plus-populaires-de-la-terre-selon-instagram","status":"publish","type":"page","link":"http:\/\/www.efj.press\/cynthiadossantos\/articles\/les-10-endroits-les-plus-populaires-de-la-terre-selon-instagram\/","title":{"rendered":"LES 10 ENDROITS LES PLUS POPULAIRES DE LA TERRE, SELON INSTAGRAM"},"content":{"rendered":"<p><strong>Les hashtags associ\u00e9s aux photos Instagram ont permis d&rsquo;\u00e9tablir un top 10 des sites les plus visit\u00e9s du monde. And the winner is&#8230;<\/strong><\/p>\n<p>Retrouvez la suite de l&rsquo;article en cliquant sur le lien ci-dessous :<\/p>\n<p><a href=\"http:\/\/www.gqmagazine.fr\/plaisirs\/news\/articles\/les-10-endroits-les-plus-populaires-de-la-terre-selon-instagram\/37243\">http:\/\/www.gqmagazine.fr\/plaisirs\/news\/articles\/les-10-endroits-les-plus-populaires-de-la-terre-selon-instagram\/37243<\/a><\/p>\n\n<div class=\"twitter-share\"><a href=\"https:\/\/twitter.com\/intent\/tweet\" class=\"twitter-share-button\">Tweet<\/a><\/div>\n","protected":false},"excerpt":{"rendered":"<p>Les hashtags associ\u00e9s aux photos Instagram ont permis d&rsquo;\u00e9tablir un top 10 des sites les plus visit\u00e9s du monde. And the winner is&#8230; Retrouvez la suite de l&rsquo;article en cliquant sur le lien ci-dessous : http:\/\/www.gqmagazine.fr\/plaisirs\/news\/articles\/les-10-endroits-les-plus-populaires-de-la-terre-selon-instagram\/37243<\/p>\n","protected":false},"author":84,"featured_media":48,"parent":41,"menu_order":0,"comment_status":"closed","ping_status":"closed","template":"","meta":{"footnotes":""},"_links":{"self":[{"href":"http:\/\/www.efj.press\/cynthiadossantos\/wp-json\/wp\/v2\/pages\/50"}],"collection":[{"href":"http:\/\/www.efj.press\/cynthiadossantos\/wp-json\/wp\/v2\/pages"}],"about":[{"href":"http:\/\/www.efj.press\/cynthiadossantos\/wp-json\/wp\/v2\/types\/page"}],"author":[{"embeddable":true,"href":"http:\/\/www.efj.press\/cynthiadossantos\/wp-json\/wp\/v2\/users\/84"}],"replies":[{"embeddable":true,"href":"http:\/\/www.efj.press\/cynthiadossantos\/wp-json\/wp\/v2\/comments?post=50"}],"version-history":[{"count":1,"href":"http:\/\/www.efj.press\/cynthiadossantos\/wp-json\/wp\/v2\/pages\/50\/revisions"}],"predecessor-version":[{"id":51,"href":"http:\/\/www.efj.press\/cynthiadossantos\/wp-json\/wp\/v2\/pages\/50\/revisions\/51"}],"up":[{"embeddable":true,"href":"http:\/\/www.efj.press\/cynthiadossantos\/wp-json\/wp\/v2\/pages\/41"}],"wp:featuredmedia":[{"embeddable":true,"href":"http:\/\/www.efj.press\/cynthiadossantos\/wp-json\/wp\/v2\/media\/48"}],"wp:attachment":[{"href":"http:\/\/www.efj.press\/cynthiadossantos\/wp-json\/wp\/v2\/media?parent=50"}],"curies":[{"name":"wp","href":"https:\/\/api.w.org\/{rel}","templated":true}]}}