{"id":37,"date":"2017-01-16T12:28:23","date_gmt":"2017-01-16T11:28:23","guid":{"rendered":"http:\/\/www.efj.press\/cynthiadossantos\/?page_id=37"},"modified":"2017-01-16T12:29:40","modified_gmt":"2017-01-16T11:29:40","slug":"ou-louer-un-35m%c2%b2-pas-cher-a-paris","status":"publish","type":"page","link":"http:\/\/www.efj.press\/cynthiadossantos\/articles\/ou-louer-un-35m%c2%b2-pas-cher-a-paris\/","title":{"rendered":"O\u00d9 LOUER UN 35M\u00b2 PAS CHER \u00c0 PARIS ?"},"content":{"rendered":"<div class=\"copy-paste-block\">\n<p><strong>StreetPress a d\u00e9voil\u00e9 une cartographie qui r\u00e9pertorie tous les loyers de Paris par station de m\u00e9tro.<\/strong><\/p>\n<\/div>\n<div class=\"copy-paste-block\">Pour acc\u00e9der au reste de mon article cliquez sur le lien suivant :\u00a0 <a href=\"http:\/\/www.gqmagazine.fr\/pop-culture\/news\/articles\/ou-louer-un-35m2-pas-cher\/42311\">http:\/\/www.gqmagazine.fr\/pop-culture\/news\/articles\/ou-louer-un-35m2-pas-cher\/42311<\/a><\/div>\n\n<div class=\"twitter-share\"><a href=\"https:\/\/twitter.com\/intent\/tweet\" class=\"twitter-share-button\">Tweet<\/a><\/div>\n","protected":false},"excerpt":{"rendered":"<p>StreetPress a d\u00e9voil\u00e9 une cartographie qui r\u00e9pertorie tous les loyers de Paris par station de m\u00e9tro. Pour acc\u00e9der au reste de mon article cliquez sur le lien suivant :\u00a0 http:\/\/www.gqmagazine.fr\/pop-culture\/news\/articles\/ou-louer-un-35m2-pas-cher\/42311<\/p>\n","protected":false},"author":84,"featured_media":38,"parent":41,"menu_order":3,"comment_status":"closed","ping_status":"closed","template":"","meta":{"footnotes":""},"_links":{"self":[{"href":"http:\/\/www.efj.press\/cynthiadossantos\/wp-json\/wp\/v2\/pages\/37"}],"collection":[{"href":"http:\/\/www.efj.press\/cynthiadossantos\/wp-json\/wp\/v2\/pages"}],"about":[{"href":"http:\/\/www.efj.press\/cynthiadossantos\/wp-json\/wp\/v2\/types\/page"}],"author":[{"embeddable":true,"href":"http:\/\/www.efj.press\/cynthiadossantos\/wp-json\/wp\/v2\/users\/84"}],"replies":[{"embeddable":true,"href":"http:\/\/www.efj.press\/cynthiadossantos\/wp-json\/wp\/v2\/comments?post=37"}],"version-history":[{"count":2,"href":"http:\/\/www.efj.press\/cynthiadossantos\/wp-json\/wp\/v2\/pages\/37\/revisions"}],"predecessor-version":[{"id":43,"href":"http:\/\/www.efj.press\/cynthiadossantos\/wp-json\/wp\/v2\/pages\/37\/revisions\/43"}],"up":[{"embeddable":true,"href":"http:\/\/www.efj.press\/cynthiadossantos\/wp-json\/wp\/v2\/pages\/41"}],"wp:featuredmedia":[{"embeddable":true,"href":"http:\/\/www.efj.press\/cynthiadossantos\/wp-json\/wp\/v2\/media\/38"}],"wp:attachment":[{"href":"http:\/\/www.efj.press\/cynthiadossantos\/wp-json\/wp\/v2\/media?parent=37"}],"curies":[{"name":"wp","href":"https:\/\/api.w.org\/{rel}","templated":true}]}}