{"id":169,"date":"2018-08-19T13:46:56","date_gmt":"2018-08-19T12:46:56","guid":{"rendered":"http:\/\/www.efj.press\/cynthiadossantos\/?page_id=169"},"modified":"2018-08-19T13:59:56","modified_gmt":"2018-08-19T12:59:56","slug":"italie","status":"publish","type":"page","link":"http:\/\/www.efj.press\/cynthiadossantos\/mes-photos\/italie\/","title":{"rendered":"Italie"},"content":{"rendered":"<p><strong>P\u00e9rouse &amp; Rome<br \/>\nAvec quelques \u00e9l\u00e8ves de l&rsquo;EFJ Paris et Bordeaux, nous sommes all\u00e9s \u00e0\u00a0P\u00e9rouse en Italie pour couvrir le Festival du Journalisme. Nous avons profit\u00e9 de\u00a0l&rsquo;occasion pour aller visiter aussi Rome.<\/strong><\/p>\n<p><a href=\"http:\/\/www.efj.press\/cynthiadossantos\/wp-content\/uploads\/sites\/105\/2017\/06\/17857641_812448655571092_1602955045_n.jpg\"><img loading=\"lazy\" decoding=\"async\" class=\"alignnone size-medium wp-image-173\" src=\"http:\/\/www.efj.press\/cynthiadossantos\/wp-content\/uploads\/sites\/105\/2017\/06\/17857641_812448655571092_1602955045_n-240x300.jpg\" alt=\"17857641_812448655571092_1602955045_n\" width=\"240\" height=\"300\" srcset=\"http:\/\/www.efj.press\/cynthiadossantos\/wp-content\/uploads\/sites\/105\/2017\/06\/17857641_812448655571092_1602955045_n-240x300.jpg 240w, http:\/\/www.efj.press\/cynthiadossantos\/wp-content\/uploads\/sites\/105\/2017\/06\/17857641_812448655571092_1602955045_n.jpg 720w\" sizes=\"(max-width: 240px) 100vw, 240px\" \/><\/a>\u00a0 \u00a0\u00a0<em>Le Festival du Journalisme<\/em><\/p>\n<p><a href=\"http:\/\/www.efj.press\/cynthiadossantos\/wp-content\/uploads\/sites\/105\/2017\/06\/GOPR0145.jpg\"><img loading=\"lazy\" decoding=\"async\" class=\"size-medium wp-image-170\" src=\"http:\/\/www.efj.press\/cynthiadossantos\/wp-content\/uploads\/sites\/105\/2017\/06\/GOPR0145-300x225.jpg\" alt=\"DCIM100GOPROGOPR0145.JPG\" width=\"300\" height=\"225\" srcset=\"http:\/\/www.efj.press\/cynthiadossantos\/wp-content\/uploads\/sites\/105\/2017\/06\/GOPR0145-300x225.jpg 300w, http:\/\/www.efj.press\/cynthiadossantos\/wp-content\/uploads\/sites\/105\/2017\/06\/GOPR0145-768x576.jpg 768w, http:\/\/www.efj.press\/cynthiadossantos\/wp-content\/uploads\/sites\/105\/2017\/06\/GOPR0145-1024x768.jpg 1024w\" sizes=\"(max-width: 300px) 100vw, 300px\" \/><\/a>\u00a0 <em>\u00a0Le Colis\u00e9e<\/em><\/p>\n<p><a href=\"http:\/\/www.efj.press\/cynthiadossantos\/wp-content\/uploads\/sites\/105\/2017\/06\/17858765_812448262237798_541897126_o.jpg\"><img loading=\"lazy\" decoding=\"async\" class=\"alignnone size-medium wp-image-172\" src=\"http:\/\/www.efj.press\/cynthiadossantos\/wp-content\/uploads\/sites\/105\/2017\/06\/17858765_812448262237798_541897126_o-300x225.jpg\" alt=\"17858765_812448262237798_541897126_o\" width=\"300\" height=\"225\" srcset=\"http:\/\/www.efj.press\/cynthiadossantos\/wp-content\/uploads\/sites\/105\/2017\/06\/17858765_812448262237798_541897126_o-300x225.jpg 300w, http:\/\/www.efj.press\/cynthiadossantos\/wp-content\/uploads\/sites\/105\/2017\/06\/17858765_812448262237798_541897126_o-768x576.jpg 768w, http:\/\/www.efj.press\/cynthiadossantos\/wp-content\/uploads\/sites\/105\/2017\/06\/17858765_812448262237798_541897126_o-1024x768.jpg 1024w, http:\/\/www.efj.press\/cynthiadossantos\/wp-content\/uploads\/sites\/105\/2017\/06\/17858765_812448262237798_541897126_o.jpg 1334w\" sizes=\"(max-width: 300px) 100vw, 300px\" \/><\/a>\u00a0<em>Victor Emmanuel II<\/em><\/p>\n<p><a href=\"http:\/\/www.efj.press\/cynthiadossantos\/wp-content\/uploads\/sites\/105\/2017\/06\/GOPR0119.jpg\"><img loading=\"lazy\" decoding=\"async\" class=\"size-medium wp-image-171\" src=\"http:\/\/www.efj.press\/cynthiadossantos\/wp-content\/uploads\/sites\/105\/2017\/06\/GOPR0119-300x225.jpg\" alt=\"DCIM100GOPROGOPR0119.JPG\" width=\"300\" height=\"225\" srcset=\"http:\/\/www.efj.press\/cynthiadossantos\/wp-content\/uploads\/sites\/105\/2017\/06\/GOPR0119-300x225.jpg 300w, http:\/\/www.efj.press\/cynthiadossantos\/wp-content\/uploads\/sites\/105\/2017\/06\/GOPR0119-768x576.jpg 768w, http:\/\/www.efj.press\/cynthiadossantos\/wp-content\/uploads\/sites\/105\/2017\/06\/GOPR0119-1024x768.jpg 1024w\" sizes=\"(max-width: 300px) 100vw, 300px\" \/><\/a>\u00a0<em>Perugia<\/em><\/p>\n<p><a href=\"http:\/\/www.efj.press\/cynthiadossantos\/wp-content\/uploads\/sites\/105\/2018\/08\/39500053_384136635453170_6515151829649588224_n.jpg\"><img loading=\"lazy\" decoding=\"async\" class=\"alignnone size-medium wp-image-246\" src=\"http:\/\/www.efj.press\/cynthiadossantos\/wp-content\/uploads\/sites\/105\/2018\/08\/39500053_384136635453170_6515151829649588224_n-300x294.jpg\" alt=\"39500053_384136635453170_6515151829649588224_n\" width=\"300\" height=\"294\" srcset=\"http:\/\/www.efj.press\/cynthiadossantos\/wp-content\/uploads\/sites\/105\/2018\/08\/39500053_384136635453170_6515151829649588224_n-300x294.jpg 300w, http:\/\/www.efj.press\/cynthiadossantos\/wp-content\/uploads\/sites\/105\/2018\/08\/39500053_384136635453170_6515151829649588224_n.jpg 750w\" sizes=\"(max-width: 300px) 100vw, 300px\" \/><\/a>\u00a0<em>Les rues de Rome<\/em><\/p>\n<p><a href=\"http:\/\/www.efj.press\/cynthiadossantos\/wp-content\/uploads\/sites\/105\/2018\/08\/39514674_839232496280141_4518997664947240960_n.jpg\"><img loading=\"lazy\" decoding=\"async\" class=\"alignnone size-medium wp-image-247\" src=\"http:\/\/www.efj.press\/cynthiadossantos\/wp-content\/uploads\/sites\/105\/2018\/08\/39514674_839232496280141_4518997664947240960_n-300x224.jpg\" alt=\"39514674_839232496280141_4518997664947240960_n\" width=\"300\" height=\"224\" srcset=\"http:\/\/www.efj.press\/cynthiadossantos\/wp-content\/uploads\/sites\/105\/2018\/08\/39514674_839232496280141_4518997664947240960_n-300x224.jpg 300w, http:\/\/www.efj.press\/cynthiadossantos\/wp-content\/uploads\/sites\/105\/2018\/08\/39514674_839232496280141_4518997664947240960_n.jpg 750w\" sizes=\"(max-width: 300px) 100vw, 300px\" \/><\/a>\u00a0<em>La Fontana di Trevi\u00a0<\/em><\/p>\n<p><a href=\"http:\/\/www.efj.press\/cynthiadossantos\/wp-content\/uploads\/sites\/105\/2018\/08\/39565447_1099096660255938_5889316468318797824_n.jpg\"><img loading=\"lazy\" decoding=\"async\" class=\"alignnone size-medium wp-image-248\" src=\"http:\/\/www.efj.press\/cynthiadossantos\/wp-content\/uploads\/sites\/105\/2018\/08\/39565447_1099096660255938_5889316468318797824_n-240x300.jpg\" alt=\"39565447_1099096660255938_5889316468318797824_n\" width=\"240\" height=\"300\" srcset=\"http:\/\/www.efj.press\/cynthiadossantos\/wp-content\/uploads\/sites\/105\/2018\/08\/39565447_1099096660255938_5889316468318797824_n-240x300.jpg 240w, http:\/\/www.efj.press\/cynthiadossantos\/wp-content\/uploads\/sites\/105\/2018\/08\/39565447_1099096660255938_5889316468318797824_n.jpg 750w\" sizes=\"(max-width: 240px) 100vw, 240px\" \/><\/a>\u00a0<em>Le Colis\u00e9e\u00a0<\/em><\/p>\n\n<div class=\"twitter-share\"><a href=\"https:\/\/twitter.com\/intent\/tweet\" class=\"twitter-share-button\">Tweet<\/a><\/div>\n","protected":false},"excerpt":{"rendered":"<p>P\u00e9rouse &amp; Rome Avec quelques \u00e9l\u00e8ves de l&rsquo;EFJ Paris et Bordeaux, nous sommes all\u00e9s \u00e0\u00a0P\u00e9rouse en Italie pour couvrir le Festival du Journalisme. Nous avons profit\u00e9 de\u00a0l&rsquo;occasion pour aller visiter aussi Rome. \u00a0 \u00a0\u00a0Le Festival du Journalisme \u00a0 \u00a0Le Colis\u00e9e \u00a0Victor Emmanuel II \u00a0Perugia \u00a0Les rues de Rome \u00a0La Fontana di Trevi\u00a0 \u00a0Le Colis\u00e9e\u00a0<\/p>\n","protected":false},"author":84,"featured_media":0,"parent":109,"menu_order":0,"comment_status":"closed","ping_status":"closed","template":"","meta":{"footnotes":""},"_links":{"self":[{"href":"http:\/\/www.efj.press\/cynthiadossantos\/wp-json\/wp\/v2\/pages\/169"}],"collection":[{"href":"http:\/\/www.efj.press\/cynthiadossantos\/wp-json\/wp\/v2\/pages"}],"about":[{"href":"http:\/\/www.efj.press\/cynthiadossantos\/wp-json\/wp\/v2\/types\/page"}],"author":[{"embeddable":true,"href":"http:\/\/www.efj.press\/cynthiadossantos\/wp-json\/wp\/v2\/users\/84"}],"replies":[{"embeddable":true,"href":"http:\/\/www.efj.press\/cynthiadossantos\/wp-json\/wp\/v2\/comments?post=169"}],"version-history":[{"count":6,"href":"http:\/\/www.efj.press\/cynthiadossantos\/wp-json\/wp\/v2\/pages\/169\/revisions"}],"predecessor-version":[{"id":250,"href":"http:\/\/www.efj.press\/cynthiadossantos\/wp-json\/wp\/v2\/pages\/169\/revisions\/250"}],"up":[{"embeddable":true,"href":"http:\/\/www.efj.press\/cynthiadossantos\/wp-json\/wp\/v2\/pages\/109"}],"wp:attachment":[{"href":"http:\/\/www.efj.press\/cynthiadossantos\/wp-json\/wp\/v2\/media?parent=169"}],"curies":[{"name":"wp","href":"https:\/\/api.w.org\/{rel}","templated":true}]}}