{"id":166,"date":"2017-06-03T17:46:25","date_gmt":"2017-06-03T16:46:25","guid":{"rendered":"http:\/\/www.efj.press\/cynthiadossantos\/?page_id=166"},"modified":"2017-06-03T17:46:25","modified_gmt":"2017-06-03T16:46:25","slug":"le-gouvernement-macron-passe-au-crible","status":"publish","type":"page","link":"http:\/\/www.efj.press\/cynthiadossantos\/articles-pour-lefj\/le-gouvernement-macron-passe-au-crible\/","title":{"rendered":"Le gouvernement Macron pass\u00e9 au crible"},"content":{"rendered":"<h1 class=\"cover-title atavist-cover-font-sans-serif atavist-cover-h1\">Les promesses d&rsquo;Emmanuel Macron<\/h1>\n<p>Le Pr\u00e9sident Emmanuel Macron a annonc\u00e9 mercredi 17 mai les membres de son gouvernement. Parit\u00e9, renouvellement, soci\u00e9t\u00e9 civile,il avait promis un gouvernement paritaire et ouvert sur la soci\u00e9t\u00e9 civile, pari tenu? Nous sommes revenus sur ses promesses de campagne et ce n\u2019est pas tout \u00e0 fait ce qu\u2019il avait\u00a0annonc\u00e9\u2026<\/p>\n<p><b>Une petite \u00e9quipe, mais pas trop.<\/b><\/p>\n<p>Lors de sa campagne, il a \u00e9voqu\u00e9 un gouvernement r\u00e9duit : \u00ab J\u2019aurais \u00e0 nommer un Premier Ministre et un gouvernement de 15 membres au maximum \u00bb (20 Heures de TF1 12 mars). Le gouvernement compte 22 membres, 23 avec Edouard Philippe, nomm\u00e9 \u00e0 la fonction de Premier Ministre. L\u2019objectif fix\u00e9 n\u2019a pas \u00e9t\u00e9 tenu mais l\u2019\u00e9quipe gouvernementale est plus petite que les pr\u00e9c\u00e9dentes.<\/p>\n<p><b>La parit\u00e9 dans tout \u00e7a? On y est presque.<\/b><\/p>\n<p>Emmanuel Macron s\u2019est engag\u00e9 \u00e0 montrer l\u2019exemple d\u2019une soci\u00e9t\u00e9 paritaire, c\u2019est d\u2019ailleurs le premier \u00e0 avoir pris cette d\u00e9cision.\u00ab Mon gouvernement sera pour moiti\u00e9 de femmes, y compris \u00e0 des minist\u00e8res de premier plan \u00bb (conf\u00e9rence de presse 28\u00a0mars).<\/p>\n<blockquote class=\"twitter-tweet\">\n<p dir=\"ltr\" lang=\"fr\">Je ferai de l&rsquo;\u00e9galit\u00e9 femmes-hommes la cause nationale du quinquennat. Sans cela, on se prive de la force de notre soci\u00e9t\u00e9. <a href=\"https:\/\/twitter.com\/hashtag\/MacronDirect?src=hash\">#MacronDirect<\/a><\/p>\n<p>\u2014 Emmanuel Macron (@EmmanuelMacron) <a href=\"https:\/\/twitter.com\/EmmanuelMacron\/status\/858044712049147904\">28 avril 2017<\/a><\/p><\/blockquote>\n<p>R\u00e9sultat, on d\u00e9nombre 11 hommes pour 11 femmes. Les postes en t\u00eate de l\u2019ordre protocolaire restent encore hors de port\u00e9e des femmes, puisque les 3 minist\u00e8res d\u2019\u00c9tats sont r\u00e9serv\u00e9s \u00e0 des hommes. Macron avait annonc\u00e9 qu\u2019il souhaitait \u201cplut\u00f4t\u201d nommer une femme au poste de Premier ministre, mais a finalement choisi un homme, Edouard Philippe.<\/p>\n<p><b>Un minist\u00e8re des femmes mort-n\u00e9.<\/b><\/p>\n<p>Emmanuel Macron a d\u00e9rog\u00e9 \u00e0 une autre de ses promesses lors de sa campagne, celle de cr\u00e9er \u00ab un minist\u00e8re plein et entier des droits des femmes\u00bb\u00a0(BFM).<\/p>\n<blockquote class=\"twitter-tweet\">\n<p dir=\"ltr\" lang=\"fr\">Je ferai de l&rsquo;\u00e9galit\u00e9 femmes-hommes la cause nationale du quinquennat. Sans cela, on se prive de la force de notre soci\u00e9t\u00e9. <a href=\"https:\/\/twitter.com\/hashtag\/MacronDirect?src=hash\">#MacronDirect<\/a><\/p>\n<p>\u2014 Emmanuel Macron (@EmmanuelMacron) <a href=\"https:\/\/twitter.com\/EmmanuelMacron\/status\/858044712049147904\">28 avril 2017<\/a><\/p><\/blockquote>\n<p>Pourtant celui-ci n\u2019a toujours pas vu le jour. Seul un secr\u00e9taire d\u2019Etat pour l\u2019Egalit\u00e9 des femmes et des hommes a \u00e9t\u00e9 constitu\u00e9. Il est dirig\u00e9 par Marl\u00e8ne Schiappa.<\/p>\n<p><b>Un air de d\u00e9j\u00e0 vu au nouveau gouvernement.<\/b><\/p>\n<p>A 39 ans, Emmanuel Macron veut \u00ab en finir avec une classe politique qui est [\u2026] trop largement compos\u00e9 d\u2019hommes de plus de 50 ans \u00bb, il souhaite imposer \u00able renouveau [\u2026] dans l\u2019\u00e9quipe gouvernementale \u00bb (conf\u00e9rence de presse \u00e0 son QG le 28 mars). Un \u00e9chec pour ce gouvernement dont la moyenne d\u2019\u00e2ge s\u2019\u00e9l\u00e8ve \u00e0 54 ans. Le plus vieux depuis celui de Lionel\u00a0Jospin.<\/p>\n<p>Il avait \u00e9galement annonc\u00e9 qu\u2019il ne souhaitait pas avoir d\u2019ex-ministres dans sa future \u00e9quipe. Pourtant deux anciens ministres nomm\u00e9s sous la pr\u00e9sidence de Fran\u00e7ois Hollande se retrouvent \u00e9galement dans le premier gouvernement de son quinquennat, \u00e0 savoir Jean-Yves Le Drian et Annick Girardin. Deux autres ministres nomm\u00e9s ont d\u00e9j\u00e0 eu une exp\u00e9rience par le pass\u00e9, il s\u2019agit de Fran\u00e7ois Bayrou et Bruno Le\u00a0Maire.<\/p>\n<p><b>Un gouvernement aux formations h\u00e9t\u00e9roclites.<\/b><\/p>\n<p>Parmi \u00a0ses nouveaux ministres, dix sortent de grandes \u00e9coles dont deux se sont form\u00e9s \u00e0 l\u2019ENA. Quant aux dix autres, ils ont suivi une formation universitaire. Une exception surprenante, deux n\u2019ont que le baccalaur\u00e9at en\u00a0poche.<\/p>\n<p><b>Tendance politique.<\/b><\/p>\n<p>D\u00e9finissons mieux le terme de \u00ab soci\u00e9t\u00e9 civile \u00bb. Il s\u2019agit des personnalit\u00e9 qui n\u2019ont jamais \u0153uvr\u00e9 en politique. Emmanuel Macron avait indiqu\u00e9 que ses ministres \u201cseront issus pour une partie cons\u00e9quente de la soci\u00e9t\u00e9 civile, dans toute sa diversit\u00e9\u201d (conf\u00e9rence de presse \u00e0 son QG 28 mars). La \u201csoci\u00e9t\u00e9 civile\u201d est bien repr\u00e9sent\u00e9 puisque sur les 22 ministres, 11 en viennent.<\/p>\n<p>Sur les 11 ministres issus de la soci\u00e9t\u00e9 civile seulement cinq sont r\u00e9ellement n\u00e9ophytes au domaine. \u00a0Les six \u00a0autres ont d\u00e9j\u00e0 pris des engagements politiques par le pass\u00e9. S\u2019il avait toujours refus\u00e9 jusque l\u00e0 d\u2019int\u00e9grer un gouvernement, Nicolas Hulot a particip\u00e9 \u00e0 la primaire d\u2019Europe \u00e9cologie-Les Verts pour la pr\u00e9sidentielle 2012 et a conseill\u00e9 Jacques Chirac, Laurent Fabius et Fran\u00e7ois Hollande. Plusieurs sont proches de la gauche, comme Mounir Mahjoubi, anciennement encart\u00e9 au PS et nomm\u00e9 pr\u00e9sident du Conseil national du Num\u00e9rique par Fran\u00e7ois Hollande. Marl\u00e8ne Schiappa a \u00e9t\u00e9 adjointe au maire PS du Mans en 2014 et a particip\u00e9 au cabinet minist\u00e9riel de Laurence Rossignol en 2016. Elisabeth Borne a fait partie du cabinet de S\u00e9gol\u00e8ne Royal \u00e0 l\u2019\u00e9cologie entre 2014 et 2015 tandis que Muriel P\u00e9nicaud a conseill\u00e9 Martine Aubry de 1991 \u00e0 1993. Du c\u00f4t\u00e9 de la droite, Jean-Michel Blanquer a \u00e9t\u00e9 directeur adjoint de cabinet du ministre de l\u2019\u00e9ducation nationale de Jacques Chirac entre 2006 et 2007 et, toujours \u00e0 l\u2019\u00e9ducation, num\u00e9ro deux du minist\u00e8re de Luc Chatel, de 2009 \u00e0\u00a02012.<\/p>\n<p>Quant aux 11 autres, ils ont des affiliations \u00e0 des parties d\u00e9j\u00e0 existants.Trois viennent du MODEM et trois de Les R\u00e9publicains (en comptant \u00c9douard Philippe). Le parti radical de gauche n\u2019en cumule que deux. Le PS remporte la plus grande partie des ministres affili\u00e9 \u00e0 un parti avec quatre ministres issus de leurs rangs.<\/p>\n<p>Pour retrouvez l&rsquo;article entier cliquez sur le lien ci-dessous:<br \/>\n<a href=\"https:\/\/marinemoulis.atavist.com\/le-gouvernement-macron-pass-au-crible-\">https:\/\/marinemoulis.atavist.com\/le-gouvernement-macron-pass-au-crible-<\/a><\/p>\n<p>&nbsp;<\/p>\n\n<div class=\"twitter-share\"><a href=\"https:\/\/twitter.com\/intent\/tweet\" class=\"twitter-share-button\">Tweet<\/a><\/div>\n","protected":false},"excerpt":{"rendered":"<p>Les promesses d&rsquo;Emmanuel Macron Le Pr\u00e9sident Emmanuel Macron a annonc\u00e9 mercredi 17 mai les membres de son gouvernement. Parit\u00e9, renouvellement, soci\u00e9t\u00e9 civile,il avait promis un gouvernement paritaire et ouvert sur la soci\u00e9t\u00e9 civile, pari tenu? Nous sommes revenus sur ses promesses de campagne et ce n\u2019est pas tout \u00e0 fait ce qu\u2019il avait\u00a0annonc\u00e9\u2026 Une petite &hellip; <a href=\"http:\/\/www.efj.press\/cynthiadossantos\/articles-pour-lefj\/le-gouvernement-macron-passe-au-crible\/\" class=\"more-link\">Continuer la lecture de <span class=\"screen-reader-text\">Le gouvernement Macron pass\u00e9 au crible<\/span>  <span class=\"meta-nav\">&rarr;<\/span><\/a><\/p>\n","protected":false},"author":84,"featured_media":167,"parent":82,"menu_order":0,"comment_status":"closed","ping_status":"closed","template":"","meta":{"footnotes":""},"_links":{"self":[{"href":"http:\/\/www.efj.press\/cynthiadossantos\/wp-json\/wp\/v2\/pages\/166"}],"collection":[{"href":"http:\/\/www.efj.press\/cynthiadossantos\/wp-json\/wp\/v2\/pages"}],"about":[{"href":"http:\/\/www.efj.press\/cynthiadossantos\/wp-json\/wp\/v2\/types\/page"}],"author":[{"embeddable":true,"href":"http:\/\/www.efj.press\/cynthiadossantos\/wp-json\/wp\/v2\/users\/84"}],"replies":[{"embeddable":true,"href":"http:\/\/www.efj.press\/cynthiadossantos\/wp-json\/wp\/v2\/comments?post=166"}],"version-history":[{"count":1,"href":"http:\/\/www.efj.press\/cynthiadossantos\/wp-json\/wp\/v2\/pages\/166\/revisions"}],"predecessor-version":[{"id":168,"href":"http:\/\/www.efj.press\/cynthiadossantos\/wp-json\/wp\/v2\/pages\/166\/revisions\/168"}],"up":[{"embeddable":true,"href":"http:\/\/www.efj.press\/cynthiadossantos\/wp-json\/wp\/v2\/pages\/82"}],"wp:featuredmedia":[{"embeddable":true,"href":"http:\/\/www.efj.press\/cynthiadossantos\/wp-json\/wp\/v2\/media\/167"}],"wp:attachment":[{"href":"http:\/\/www.efj.press\/cynthiadossantos\/wp-json\/wp\/v2\/media?parent=166"}],"curies":[{"name":"wp","href":"https:\/\/api.w.org\/{rel}","templated":true}]}}