{"id":2,"date":"2015-10-29T00:58:24","date_gmt":"2015-10-28T23:58:24","guid":{"rendered":"http:\/\/www.efj.press\/constanceboileau\/?page_id=2"},"modified":"2015-10-29T00:58:24","modified_gmt":"2015-10-28T23:58:24","slug":"page-d-exemple","status":"publish","type":"page","link":"http:\/\/www.efj.press\/constanceboileau\/page-d-exemple\/","title":{"rendered":"Page d&rsquo;exemple"},"content":{"rendered":"<p>Ceci est une page et vous lisez un exemple de texte.<br \/>\nDans WordPress, comme dans la plupart des CMS, la notion de page est diff\u00e9rente de celle d&rsquo;article.<br \/>\nLes premi\u00e8res sont destin\u00e9es \u00e0 recevoir les informations froides, dites de \u00ab\u00a0stock\u00a0\u00bb.<br \/>\nLes secondes sont d\u00e9di\u00e9es aux informations chaudes, dites de \u00ab\u00a0flux\u00a0\u00bb.<\/p>\n<p>Maintenant, c&rsquo;est \u00e0 vous de jouer !<\/p>\n","protected":false},"excerpt":{"rendered":"<p>Ceci est une page et vous lisez un exemple de texte. Dans WordPress, comme dans la plupart des CMS, la notion de page est diff\u00e9rente de celle d&rsquo;article. Les premi\u00e8res sont destin\u00e9es \u00e0 recevoir les informations froides, dites de \u00ab\u00a0stock\u00a0\u00bb. Les secondes sont d\u00e9di\u00e9es aux informations chaudes, dites de \u00ab\u00a0flux\u00a0\u00bb. Maintenant, c&rsquo;est \u00e0 vous de &hellip; <a href=\"http:\/\/www.efj.press\/constanceboileau\/page-d-exemple\/\" class=\"more-link\">Continuer la lecture de <span class=\"screen-reader-text\">Page d&rsquo;exemple<\/span>  <span class=\"meta-nav\">&rarr;<\/span><\/a><\/p>\n","protected":false},"author":45,"featured_media":0,"parent":0,"menu_order":0,"comment_status":"closed","ping_status":"open","template":"","meta":{"footnotes":""},"_links":{"self":[{"href":"http:\/\/www.efj.press\/constanceboileau\/wp-json\/wp\/v2\/pages\/2"}],"collection":[{"href":"http:\/\/www.efj.press\/constanceboileau\/wp-json\/wp\/v2\/pages"}],"about":[{"href":"http:\/\/www.efj.press\/constanceboileau\/wp-json\/wp\/v2\/types\/page"}],"author":[{"embeddable":true,"href":"http:\/\/www.efj.press\/constanceboileau\/wp-json\/wp\/v2\/users\/45"}],"replies":[{"embeddable":true,"href":"http:\/\/www.efj.press\/constanceboileau\/wp-json\/wp\/v2\/comments?post=2"}],"version-history":[{"count":0,"href":"http:\/\/www.efj.press\/constanceboileau\/wp-json\/wp\/v2\/pages\/2\/revisions"}],"wp:attachment":[{"href":"http:\/\/www.efj.press\/constanceboileau\/wp-json\/wp\/v2\/media?parent=2"}],"curies":[{"name":"wp","href":"https:\/\/api.w.org\/{rel}","templated":true}]}}