{"id":59,"date":"2017-06-07T10:52:18","date_gmt":"2017-06-07T09:52:18","guid":{"rendered":"http:\/\/www.efj.press\/clementmora\/?page_id=59"},"modified":"2017-06-08T17:19:44","modified_gmt":"2017-06-08T16:19:44","slug":"six-mois-de-stage-chez-jeuxvideo-com","status":"publish","type":"page","link":"http:\/\/www.efj.press\/clementmora\/","title":{"rendered":"Six mois de stage chez Jeuxvideo.com"},"content":{"rendered":"<p>Bienvenue sur mon blog EFJ !<\/p>\n<p>Ici, vous retrouverez les articles publi\u00e9s dans le cadre des mes \u00e9tudes et plus particuli\u00e8rement ceux li\u00e9s \u00e0 mes rapports de stage.<\/p>\n<p>Afin de valider mon dipl\u00f4me de journalisme, j&rsquo;ai effectu\u00e9 un stage de six mois \u00e0 la rubrique astuces &amp; soluce de <a href=\"http:\/\/www.jeuxvideo.com\/\">Jeuxvideo.com<\/a>. Vous souhaitez savoir ce qu&rsquo;on y fait ? Consultez d\u00e8s maintenant mon rapport de stage via les liens ci-dessous :<\/p>\n<ul>\n<li><a href=\"http:\/\/www.efj.press\/clementmora\/2017\/06\/02\/jeuxvideo-com-presentation-entreprise\/\">Jeuxvideo.com : De la disquette au site internet<\/a> (Pr\u00e9sentation de l&rsquo;entreprise)<\/li>\n<li><a href=\"http:\/\/www.efj.press\/clementmora\/2017\/06\/02\/stage-redacteur-web-soluce-jeuxvideo-com\/\">R\u00e9dacteur web \u00e0 la rubrique soluce<\/a> (Poste de stage)<\/li>\n<li><a href=\"http:\/\/www.efj.press\/clementmora\/2017\/06\/02\/interview-stage-jeuxvideo-com-jvtv\/\">Rencontre avec Fr\u00e9d\u00e9ric Luu<\/a> (Interview)<\/li>\n<li><a href=\"http:\/\/www.efj.press\/clementmora\/2017\/06\/02\/jeuxvideo-com-soluce-situation-particuliere-stage\/\">Deux semaines \u00e0 diriger la rubrique soluce<\/a> (Situation particuli\u00e8re)<\/li>\n<li><a href=\"http:\/\/www.efj.press\/clementmora\/2017\/06\/02\/liens-vers-mes-travaux\/\">Mon travail<\/a> (Liens vers mes travaux)<\/li>\n<\/ul>\n<hr \/>\n<p><span style=\"text-decoration: underline\">Remerciements<\/span> : Alvin Haddad\u00e8ne, Fr\u00e9d\u00e9ric Fau,\u00a0Guillaume Leviach, Fr\u00e9d\u00e9ric Luu, J\u00e9r\u00e9my Fregefon, Marine Rolland, Gwendal Lerat\u00a0et de mani\u00e8re g\u00e9n\u00e9rale tous les salari\u00e9s\u00a0de Jeuxvideo.com pour leur accueil dans cette entreprise. J&rsquo;esp\u00e8re avoir le plaisir de retravailler avec eux \u00e0 l&rsquo;avenir.<\/p>\n","protected":false},"excerpt":{"rendered":"<p>Bienvenue sur mon blog EFJ ! Ici, vous retrouverez les articles publi\u00e9s dans le cadre des mes \u00e9tudes et plus particuli\u00e8rement ceux li\u00e9s \u00e0 mes rapports de stage. Afin de valider mon dipl\u00f4me de journalisme, j&rsquo;ai effectu\u00e9 un stage de six mois \u00e0 la rubrique astuces &amp; soluce de Jeuxvideo.com. Vous souhaitez savoir ce qu&rsquo;on &hellip; <a href=\"http:\/\/www.efj.press\/clementmora\/\" class=\"more-link\">Continuer la lecture de <span class=\"screen-reader-text\">Six mois de stage chez Jeuxvideo.com<\/span>  <span class=\"meta-nav\">&rarr;<\/span><\/a><\/p>\n","protected":false},"author":61,"featured_media":36,"parent":0,"menu_order":1,"comment_status":"closed","ping_status":"closed","template":"page-templates\/full-width.php","meta":{"footnotes":""},"_links":{"self":[{"href":"http:\/\/www.efj.press\/clementmora\/wp-json\/wp\/v2\/pages\/59"}],"collection":[{"href":"http:\/\/www.efj.press\/clementmora\/wp-json\/wp\/v2\/pages"}],"about":[{"href":"http:\/\/www.efj.press\/clementmora\/wp-json\/wp\/v2\/types\/page"}],"author":[{"embeddable":true,"href":"http:\/\/www.efj.press\/clementmora\/wp-json\/wp\/v2\/users\/61"}],"replies":[{"embeddable":true,"href":"http:\/\/www.efj.press\/clementmora\/wp-json\/wp\/v2\/comments?post=59"}],"version-history":[{"count":8,"href":"http:\/\/www.efj.press\/clementmora\/wp-json\/wp\/v2\/pages\/59\/revisions"}],"predecessor-version":[{"id":81,"href":"http:\/\/www.efj.press\/clementmora\/wp-json\/wp\/v2\/pages\/59\/revisions\/81"}],"wp:featuredmedia":[{"embeddable":true,"href":"http:\/\/www.efj.press\/clementmora\/wp-json\/wp\/v2\/media\/36"}],"wp:attachment":[{"href":"http:\/\/www.efj.press\/clementmora\/wp-json\/wp\/v2\/media?parent=59"}],"curies":[{"name":"wp","href":"https:\/\/api.w.org\/{rel}","templated":true}]}}