{"id":20,"date":"2017-01-16T10:24:51","date_gmt":"2017-01-16T09:24:51","guid":{"rendered":"http:\/\/www.efj.press\/claramasmoudi\/?page_id=20"},"modified":"2017-01-16T12:32:23","modified_gmt":"2017-01-16T11:32:23","slug":"presentation","status":"publish","type":"page","link":"http:\/\/www.efj.press\/claramasmoudi\/","title":{"rendered":"Accueil"},"content":{"rendered":"<p><strong><img loading=\"lazy\" decoding=\"async\" class=\" wp-image-27 aligncenter\" src=\"http:\/\/www.efj.press\/claramasmoudi\/wp-content\/uploads\/sites\/128\/2017\/01\/FullSizeRender-300x111.jpg\" alt=\"fullsizerender\" width=\"511\" height=\"189\" srcset=\"http:\/\/www.efj.press\/claramasmoudi\/wp-content\/uploads\/sites\/128\/2017\/01\/FullSizeRender-300x111.jpg 300w, http:\/\/www.efj.press\/claramasmoudi\/wp-content\/uploads\/sites\/128\/2017\/01\/FullSizeRender-768x283.jpg 768w, http:\/\/www.efj.press\/claramasmoudi\/wp-content\/uploads\/sites\/128\/2017\/01\/FullSizeRender.jpg 876w\" sizes=\"(max-width: 511px) 100vw, 511px\" \/><\/strong><\/p>\n<p>Je m&rsquo;appelle <strong>Clara Masmoudi-Baulu.<\/strong><\/p>\n<p>J&rsquo;ai <strong>21 ans.<\/strong><\/p>\n<p>Je suis \u00e9tudiante en deuxi\u00e8me ann\u00e9e de journalisme \u00e0 <strong>l&rsquo;EFJ Paris.<\/strong><\/p>\n<p>Ici, vous pourrez trouver mes travaux personnels.<\/p>\n<p>Bonne visite.<\/p>\n<div class=\"twitter-timeline-profile\"><a class=\"twitter-timeline\" data-lang=\"fr\" href=\"https:\/\/twitter.com\/ClaraMasmoudi?ref_src=twsrc%5Etfw\">Tweets by ClaraMasmoudi<\/a><\/div>\n","protected":false},"excerpt":{"rendered":"<p>Je m&rsquo;appelle Clara Masmoudi-Baulu. J&rsquo;ai 21 ans. Je suis \u00e9tudiante en deuxi\u00e8me ann\u00e9e de journalisme \u00e0 l&rsquo;EFJ Paris. Ici, vous pourrez trouver mes travaux personnels. Bonne visite. Tweets by ClaraMasmoudi<\/p>\n","protected":false},"author":109,"featured_media":0,"parent":0,"menu_order":0,"comment_status":"closed","ping_status":"closed","template":"","meta":{"footnotes":""},"_links":{"self":[{"href":"http:\/\/www.efj.press\/claramasmoudi\/wp-json\/wp\/v2\/pages\/20"}],"collection":[{"href":"http:\/\/www.efj.press\/claramasmoudi\/wp-json\/wp\/v2\/pages"}],"about":[{"href":"http:\/\/www.efj.press\/claramasmoudi\/wp-json\/wp\/v2\/types\/page"}],"author":[{"embeddable":true,"href":"http:\/\/www.efj.press\/claramasmoudi\/wp-json\/wp\/v2\/users\/109"}],"replies":[{"embeddable":true,"href":"http:\/\/www.efj.press\/claramasmoudi\/wp-json\/wp\/v2\/comments?post=20"}],"version-history":[{"count":7,"href":"http:\/\/www.efj.press\/claramasmoudi\/wp-json\/wp\/v2\/pages\/20\/revisions"}],"predecessor-version":[{"id":39,"href":"http:\/\/www.efj.press\/claramasmoudi\/wp-json\/wp\/v2\/pages\/20\/revisions\/39"}],"wp:attachment":[{"href":"http:\/\/www.efj.press\/claramasmoudi\/wp-json\/wp\/v2\/media?parent=20"}],"curies":[{"name":"wp","href":"https:\/\/api.w.org\/{rel}","templated":true}]}}