{"id":60,"date":"2015-12-02T10:49:03","date_gmt":"2015-12-02T09:49:03","guid":{"rendered":"http:\/\/www.efj.press\/christellepuga\/?page_id=60"},"modified":"2015-12-02T16:00:29","modified_gmt":"2015-12-02T15:00:29","slug":"voir-un-peu-plus","status":"publish","type":"page","link":"http:\/\/www.efj.press\/christellepuga\/grande-enquete\/voir-un-peu-plus\/","title":{"rendered":"Pour aller plus loin"},"content":{"rendered":"<p>1-\u00a0<a href=\"https:\/\/www.change.org\/p\/rendre-visible-la-composition-des-tampons-et-serviettes-hygi%C3%A8niques\" target=\"_blank\">P\u00e9tition en ligne <\/a>de l\u2019\u00e9tudiante fran\u00e7aise M\u00e9lanie Doerflinger pour rendre visible les compositions des tampons de la marque Tampax.<\/p>\n<p>2- <a href=\"https:\/\/www.youtube.com\/watch?v=N08X_MmALGg\" target=\"_blank\">La vid\u00e9o \u00ab\u00a0Detox the box\u00a0\u00bb <\/a>de l&rsquo;organisation Women&rsquo;s Voices for the Earth pour pousser les consommateurs \u00e0 appeler les industries de tampons en leur demandant de mettre la composition sur les bo\u00eetes.<\/p>\n<p><iframe loading=\"lazy\" src=\"https:\/\/www.youtube.com\/embed\/N08X_MmALGg\" width=\"560\" height=\"315\" frameborder=\"0\" allowfullscreen=\"allowfullscreen\"><\/iframe><\/p>\n<p>3-\u00a0<a href=\"http:\/\/www.womensvoices.org\/wp-content\/uploads\/2013\/11\/Chem-Fatale-Report.pdf\" target=\"_blank\">\u00ab\u00a0Chem Fatale Report\u00a0\u00bb, <\/a>Rapport de \u00a0Women\u2019s Voices for the Earth sur les potentiels effets des produits chimiques toxiques pr\u00e9sents dans les produits f\u00e9minins, sur la sant\u00e9.<\/p>\n<p>4-\u00a0<a href=\"http:\/\/cdn.meghantelpner.com\/wp-content\/uploads\/2009\/10\/tampax-tampons.pdf\" target=\"_blank\">\u00a0\u00bb Tampax Tampon : Toxic death sticks \u00a0\u00bb <\/a>Rapport de la nutritionniste, auteur et directrice de l&rsquo;Acad\u00e9mie de la nutrition culinaire, Meghan Telpner, \u00e0 propos des composants toxiques des tampons, leurs effets n\u00e9fastes sur le corps et les alternatives existantes.<\/p>\n<p>5- <a href=\"http:\/\/www.labo-analytika.com\/documents\/20151120_Tampons_hygiene_feminine_intime_Rapport_analytique_preliminaire_150820_AnAlytikA.pdf\" target=\"_blank\">Rapport du laboratoire<\/a> fran\u00e7ais et ind\u00e9pendant Analytika sur les contaminants chimiques organiques pr\u00e9sents dans les tampons.<\/p>\n<p>6-\u00a0Article de l&rsquo;auteur et r\u00e9alisatrice Ovidie sur les<a href=\"http:\/\/www.metronews.fr\/blog\/ovidie\/2015\/07\/01\/syndrome-du-choc-toxique-40-ans-de-lutte-contre-les-tampons\/\" target=\"_blank\"> 40 ans de lutte contre les tampons.<\/a><\/p>\n","protected":false},"excerpt":{"rendered":"<p>1-\u00a0P\u00e9tition en ligne de l\u2019\u00e9tudiante fran\u00e7aise M\u00e9lanie Doerflinger pour rendre visible les compositions des tampons de la marque Tampax. 2- La vid\u00e9o \u00ab\u00a0Detox the box\u00a0\u00bb de l&rsquo;organisation Women&rsquo;s Voices for the Earth pour pousser les consommateurs \u00e0 appeler les industries de tampons en leur demandant de mettre la composition sur les bo\u00eetes. 3-\u00a0\u00ab\u00a0Chem Fatale Report\u00a0\u00bb, &hellip; <a href=\"http:\/\/www.efj.press\/christellepuga\/grande-enquete\/voir-un-peu-plus\/\" class=\"more-link\">Continuer la lecture de <span class=\"screen-reader-text\">Pour aller plus loin<\/span>  <span class=\"meta-nav\">&rarr;<\/span><\/a><\/p>\n","protected":false},"author":25,"featured_media":0,"parent":47,"menu_order":0,"comment_status":"closed","ping_status":"closed","template":"","meta":{"footnotes":""},"_links":{"self":[{"href":"http:\/\/www.efj.press\/christellepuga\/wp-json\/wp\/v2\/pages\/60"}],"collection":[{"href":"http:\/\/www.efj.press\/christellepuga\/wp-json\/wp\/v2\/pages"}],"about":[{"href":"http:\/\/www.efj.press\/christellepuga\/wp-json\/wp\/v2\/types\/page"}],"author":[{"embeddable":true,"href":"http:\/\/www.efj.press\/christellepuga\/wp-json\/wp\/v2\/users\/25"}],"replies":[{"embeddable":true,"href":"http:\/\/www.efj.press\/christellepuga\/wp-json\/wp\/v2\/comments?post=60"}],"version-history":[{"count":13,"href":"http:\/\/www.efj.press\/christellepuga\/wp-json\/wp\/v2\/pages\/60\/revisions"}],"predecessor-version":[{"id":93,"href":"http:\/\/www.efj.press\/christellepuga\/wp-json\/wp\/v2\/pages\/60\/revisions\/93"}],"up":[{"embeddable":true,"href":"http:\/\/www.efj.press\/christellepuga\/wp-json\/wp\/v2\/pages\/47"}],"wp:attachment":[{"href":"http:\/\/www.efj.press\/christellepuga\/wp-json\/wp\/v2\/media?parent=60"}],"curies":[{"name":"wp","href":"https:\/\/api.w.org\/{rel}","templated":true}]}}